{"id":2440,"date":"2021-02-22T12:25:24","date_gmt":"2021-02-22T10:25:24","guid":{"rendered":"http:\/\/apsaugos.lt\/?product=import-placeholder-for-3890"},"modified":"2021-02-22T12:25:27","modified_gmt":"2021-02-22T10:25:27","slug":"telefonspyne-cyfral-pc-2000re-sidabrine","status":"publish","type":"product","link":"https:\/\/apsaugos.lt\/?product=telefonspyne-cyfral-pc-2000re-sidabrine","title":{"rendered":"Telefonspyn\u0117 CYFRAL PC-2000RE Sidabrin\u0117"},"content":{"rendered":"<table border=\"1\">\n<tbody>\n<tr>\n<td>Maitinimas<\/td>\n<td>12,5 V DC<\/td>\n<\/tr>\n<tr>\n<td>Garsas<\/td>\n<td>0,6 W<\/td>\n<\/tr>\n<tr>\n<td>Srov\u0117 neveikiant<\/td>\n<td>110 mA<\/td>\n<\/tr>\n<tr>\n<td>Srov\u0117 pokalbio metu<\/td>\n<td>150 mA max<\/td>\n<\/tr>\n<\/tbody>\n<\/table>\n","protected":false},"excerpt":{"rendered":"<p>Integruotas CC2000 2 laid\u0173 sistema, RFID, Galima atidaryti su raktu arba kodu, Vandeniui atspari ap\u0161viesta klaviat\u016bra, Iki 255 but\u0173, RS485, 4 skaitmen\u0173 ekran\u0117lis, Sidabrin\u0117s spalvos<\/p>\n","protected":false},"featured_media":522,"comment_status":"closed","ping_status":"closed","template":"","meta":[],"product_brand":[],"product_cat":[134],"product_tag":[135],"class_list":{"0":"post-2440","1":"product","2":"type-product","3":"status-publish","4":"has-post-thumbnail","6":"product_cat-audio-telefonspynes","7":"product_tag-cyfral","9":"first","10":"instock","11":"shipping-taxable","12":"purchasable","13":"product-type-simple"},"jetpack_sharing_enabled":true,"_links":{"self":[{"href":"https:\/\/apsaugos.lt\/index.php?rest_route=\/wp\/v2\/product\/2440","targetHints":{"allow":["GET"]}}],"collection":[{"href":"https:\/\/apsaugos.lt\/index.php?rest_route=\/wp\/v2\/product"}],"about":[{"href":"https:\/\/apsaugos.lt\/index.php?rest_route=\/wp\/v2\/types\/product"}],"replies":[{"embeddable":true,"href":"https:\/\/apsaugos.lt\/index.php?rest_route=%2Fwp%2Fv2%2Fcomments&post=2440"}],"wp:featuredmedia":[{"embeddable":true,"href":"https:\/\/apsaugos.lt\/index.php?rest_route=\/wp\/v2\/media\/522"}],"wp:attachment":[{"href":"https:\/\/apsaugos.lt\/index.php?rest_route=%2Fwp%2Fv2%2Fmedia&parent=2440"}],"wp:term":[{"taxonomy":"product_brand","embeddable":true,"href":"https:\/\/apsaugos.lt\/index.php?rest_route=%2Fwp%2Fv2%2Fproduct_brand&post=2440"},{"taxonomy":"product_cat","embeddable":true,"href":"https:\/\/apsaugos.lt\/index.php?rest_route=%2Fwp%2Fv2%2Fproduct_cat&post=2440"},{"taxonomy":"product_tag","embeddable":true,"href":"https:\/\/apsaugos.lt\/index.php?rest_route=%2Fwp%2Fv2%2Fproduct_tag&post=2440"}],"curies":[{"name":"wp","href":"https:\/\/api.w.org\/{rel}","templated":true}]}}