{"id":2443,"date":"2021-02-22T12:25:24","date_gmt":"2021-02-22T10:25:24","guid":{"rendered":"http:\/\/apsaugos.lt\/?product=import-placeholder-for-3896"},"modified":"2021-02-22T12:25:27","modified_gmt":"2021-02-22T10:25:27","slug":"ragelis-cyfral-smart-d-pilkas-juodas","status":"publish","type":"product","link":"https:\/\/apsaugos.lt\/?product=ragelis-cyfral-smart-d-pilkas-juodas","title":{"rendered":"Ragelis CYFRAL SMART-D pilkas\/juodas"},"content":{"rendered":"<ul>\n<li>Skaitmeninis ragelis, naudojamas su CC-2000<\/li>\n<li>Veikia su 2 laid\u0173 sistemomis<\/li>\n<li>Du mygtukai (atrakinimo ir i\u0161\u0117jimo reguliavimo)<\/li>\n<li>Galimyb\u0117 reguliuoti gars\u0105 (2 pakopos) ir i\u0161jungti<\/li>\n<li>Pilkas\/juodas<\/li>\n<\/ul>\n","protected":false},"excerpt":{"rendered":"<p>Skaitmeninis ragelis, naudojamas su CC-2000 Veikia su 2 laid\u0173 sistemomis Du mygtukai (atrakinimo ir i\u0161\u0117jimo reguliavimo) Galimyb\u0117 reguliuoti gars\u0105 (2 pakopos) ir i\u0161jungti Pilkas\/juodas<\/p>\n","protected":false},"featured_media":525,"comment_status":"closed","ping_status":"closed","template":"","meta":[],"product_brand":[],"product_cat":[134],"product_tag":[135],"class_list":{"0":"post-2443","1":"product","2":"type-product","3":"status-publish","4":"has-post-thumbnail","6":"product_cat-audio-telefonspynes","7":"product_tag-cyfral","9":"first","10":"instock","11":"shipping-taxable","12":"purchasable","13":"product-type-simple"},"jetpack_sharing_enabled":true,"_links":{"self":[{"href":"https:\/\/apsaugos.lt\/index.php?rest_route=\/wp\/v2\/product\/2443","targetHints":{"allow":["GET"]}}],"collection":[{"href":"https:\/\/apsaugos.lt\/index.php?rest_route=\/wp\/v2\/product"}],"about":[{"href":"https:\/\/apsaugos.lt\/index.php?rest_route=\/wp\/v2\/types\/product"}],"replies":[{"embeddable":true,"href":"https:\/\/apsaugos.lt\/index.php?rest_route=%2Fwp%2Fv2%2Fcomments&post=2443"}],"wp:featuredmedia":[{"embeddable":true,"href":"https:\/\/apsaugos.lt\/index.php?rest_route=\/wp\/v2\/media\/525"}],"wp:attachment":[{"href":"https:\/\/apsaugos.lt\/index.php?rest_route=%2Fwp%2Fv2%2Fmedia&parent=2443"}],"wp:term":[{"taxonomy":"product_brand","embeddable":true,"href":"https:\/\/apsaugos.lt\/index.php?rest_route=%2Fwp%2Fv2%2Fproduct_brand&post=2443"},{"taxonomy":"product_cat","embeddable":true,"href":"https:\/\/apsaugos.lt\/index.php?rest_route=%2Fwp%2Fv2%2Fproduct_cat&post=2443"},{"taxonomy":"product_tag","embeddable":true,"href":"https:\/\/apsaugos.lt\/index.php?rest_route=%2Fwp%2Fv2%2Fproduct_tag&post=2443"}],"curies":[{"name":"wp","href":"https:\/\/api.w.org\/{rel}","templated":true}]}}