{"id":2448,"date":"2021-02-22T12:25:25","date_gmt":"2021-02-22T10:25:25","guid":{"rendered":"http:\/\/apsaugos.lt\/?product=import-placeholder-for-3906"},"modified":"2021-02-22T12:25:28","modified_gmt":"2021-02-22T10:25:28","slug":"telefonspyne-cosmo-2","status":"publish","type":"product","link":"https:\/\/apsaugos.lt\/?product=telefonspyne-cosmo-2","title":{"rendered":"Telefonspyn\u0117 COSMO 2"},"content":{"rendered":"<p>2 mygtukai,<\/p>\n<p>foninis teksto ap\u0161vietimas<br \/>\n\u012erengtas Dallas el. rakt\u0173 skaitytuvas, suteikia galimyb\u0119 duris atsidaryti ne tik mechaniniu raktu.<br \/>\nKorpusas pagamintas i\u0161 aliuminio, anoduotas, to pasekoje atsparus korozijai.<br \/>\nMa\u017eas i\u0161kvietimo bloko dydis, leid\u017eia be vargo montuoti ant \u012fvairi\u0173 tvoros stulp\u0173 ( auk\u0161tis 150 mm, plotis 69 mm, gylis 38 mm)<br \/>\nMaitinimo \u012ftampa: 230V AC \/ 11,5V AC<\/p>\n","protected":false},"excerpt":{"rendered":"<p>COSMO skydelis, vir\u0161tinkinis dangtelis (i\u0161 aliuminio) atsparus korozijai, anoduotas.<br \/>\nRagelis \u201eSMART\u201c, baltas \u2013 2 vnt.<br \/>\nKintamosios srov\u0117s maitinimo \u0161altinis 11,5V; 0,8A.<br \/>\nDallas el. raktai \u2013 4 vnt.<br \/>\nEl. rakt\u0173 skaitytuvas (Dallas\/TM)<br \/>\ndiegimo instrukcijos (lenk\u0173 kalba)<\/p>\n","protected":false},"featured_media":530,"comment_status":"closed","ping_status":"closed","template":"","meta":[],"product_brand":[],"product_cat":[134],"product_tag":[135],"class_list":{"0":"post-2448","1":"product","2":"type-product","3":"status-publish","4":"has-post-thumbnail","6":"product_cat-audio-telefonspynes","7":"product_tag-cyfral","9":"first","10":"instock","11":"shipping-taxable","12":"purchasable","13":"product-type-simple"},"jetpack_sharing_enabled":true,"_links":{"self":[{"href":"https:\/\/apsaugos.lt\/index.php?rest_route=\/wp\/v2\/product\/2448","targetHints":{"allow":["GET"]}}],"collection":[{"href":"https:\/\/apsaugos.lt\/index.php?rest_route=\/wp\/v2\/product"}],"about":[{"href":"https:\/\/apsaugos.lt\/index.php?rest_route=\/wp\/v2\/types\/product"}],"replies":[{"embeddable":true,"href":"https:\/\/apsaugos.lt\/index.php?rest_route=%2Fwp%2Fv2%2Fcomments&post=2448"}],"wp:featuredmedia":[{"embeddable":true,"href":"https:\/\/apsaugos.lt\/index.php?rest_route=\/wp\/v2\/media\/530"}],"wp:attachment":[{"href":"https:\/\/apsaugos.lt\/index.php?rest_route=%2Fwp%2Fv2%2Fmedia&parent=2448"}],"wp:term":[{"taxonomy":"product_brand","embeddable":true,"href":"https:\/\/apsaugos.lt\/index.php?rest_route=%2Fwp%2Fv2%2Fproduct_brand&post=2448"},{"taxonomy":"product_cat","embeddable":true,"href":"https:\/\/apsaugos.lt\/index.php?rest_route=%2Fwp%2Fv2%2Fproduct_cat&post=2448"},{"taxonomy":"product_tag","embeddable":true,"href":"https:\/\/apsaugos.lt\/index.php?rest_route=%2Fwp%2Fv2%2Fproduct_tag&post=2448"}],"curies":[{"name":"wp","href":"https:\/\/api.w.org\/{rel}","templated":true}]}}