{"id":2449,"date":"2021-02-22T12:25:25","date_gmt":"2021-02-22T10:25:25","guid":{"rendered":"http:\/\/apsaugos.lt\/?product=import-placeholder-for-3909"},"modified":"2021-02-22T12:25:28","modified_gmt":"2021-02-22T10:25:28","slug":"wl-02ne-8-komplektas","status":"publish","type":"product","link":"https:\/\/apsaugos.lt\/?product=wl-02ne-8-komplektas","title":{"rendered":"WL-02NE-8 Komplektas"},"content":{"rendered":"<p>WL-02NE-8 komplektas skirtas a\u0161tuoni\u0173 \u0161eim\u0173 namui<\/p>\n<p><b>\u012e komplekt\u0105 \u012feina:<\/b><\/p>\n<p><b><\/b>\u2013 I\u0161kvietimo blokas WL-02NE-8<br \/>\n\u2013 Ragelis WL-02NLFD x 8<\/p>\n","protected":false},"excerpt":{"rendered":"<p>WL-02NE-8 komplektas skirtas a\u0161tuoni\u0173 \u0161eim\u0173 namui \u012e komplekt\u0105 \u012feina: \u2013 I\u0161kvietimo blokas WL-02NE-8 \u2013 Ragelis WL-02NLFD x 8<\/p>\n","protected":false},"featured_media":531,"comment_status":"closed","ping_status":"closed","template":"","meta":[],"product_brand":[],"product_cat":[134],"product_tag":[],"class_list":{"0":"post-2449","1":"product","2":"type-product","3":"status-publish","4":"has-post-thumbnail","6":"product_cat-audio-telefonspynes","8":"first","9":"instock","10":"shipping-taxable","11":"purchasable","12":"product-type-simple"},"jetpack_sharing_enabled":true,"_links":{"self":[{"href":"https:\/\/apsaugos.lt\/index.php?rest_route=\/wp\/v2\/product\/2449","targetHints":{"allow":["GET"]}}],"collection":[{"href":"https:\/\/apsaugos.lt\/index.php?rest_route=\/wp\/v2\/product"}],"about":[{"href":"https:\/\/apsaugos.lt\/index.php?rest_route=\/wp\/v2\/types\/product"}],"replies":[{"embeddable":true,"href":"https:\/\/apsaugos.lt\/index.php?rest_route=%2Fwp%2Fv2%2Fcomments&post=2449"}],"wp:featuredmedia":[{"embeddable":true,"href":"https:\/\/apsaugos.lt\/index.php?rest_route=\/wp\/v2\/media\/531"}],"wp:attachment":[{"href":"https:\/\/apsaugos.lt\/index.php?rest_route=%2Fwp%2Fv2%2Fmedia&parent=2449"}],"wp:term":[{"taxonomy":"product_brand","embeddable":true,"href":"https:\/\/apsaugos.lt\/index.php?rest_route=%2Fwp%2Fv2%2Fproduct_brand&post=2449"},{"taxonomy":"product_cat","embeddable":true,"href":"https:\/\/apsaugos.lt\/index.php?rest_route=%2Fwp%2Fv2%2Fproduct_cat&post=2449"},{"taxonomy":"product_tag","embeddable":true,"href":"https:\/\/apsaugos.lt\/index.php?rest_route=%2Fwp%2Fv2%2Fproduct_tag&post=2449"}],"curies":[{"name":"wp","href":"https:\/\/api.w.org\/{rel}","templated":true}]}}