{"id":2451,"date":"2021-02-22T12:25:25","date_gmt":"2021-02-22T10:25:25","guid":{"rendered":"http:\/\/apsaugos.lt\/?product=import-placeholder-for-3913"},"modified":"2021-02-22T12:25:28","modified_gmt":"2021-02-22T10:25:28","slug":"skaitmenine-telefonspyne-cyfral-pc-3000rle","status":"publish","type":"product","link":"https:\/\/apsaugos.lt\/?product=skaitmenine-telefonspyne-cyfral-pc-3000rle","title":{"rendered":"Skaitmenin\u0117 Telefonspyn\u0117 CYFRAL PC-3000RLE"},"content":{"rendered":"<ul>\n<li>Su atmintimi (CC2000)<\/li>\n<li>Ner\u016bdijan\u010dio plieno korpusas<\/li>\n<li>Stogelis u\u017esakomas atskirai<\/li>\n<li>Su ap\u0161vie\u010diamu klient\u0173 s\u0105ra\u0161u<\/li>\n<li>Galimas spynos atidarymas individualiais kodais ir RFiD\u00a0raktais<\/li>\n<li>Garsinis signalas bute persp\u0117jantis apie J\u016bs\u0173 rakto ar kodo naudojim\u0105<\/li>\n<li>\u012eeigos kodai: \u00a0individualus \/ bendras<\/li>\n<li>Reguliuojamas i\u0161kvietimo laikas ir garsas<\/li>\n<li>Reguliuojamas pokalbio laikas<\/li>\n<li>Reguliuojamas atidaryt\u0173 dur\u0173 laikas<\/li>\n<li>Abonent\u0173 s\u0105ra\u0161o ribojimas \u2013 apsauga nuo nesankcionuoto ragelio pajungimo<\/li>\n<li>Nustatym\u0173 programavimas apsaugotas administratoriaus kodu<\/li>\n<li>I\u0161kvietimo panel\u0117 ypatingai atspari vandalizmo atvejams ir atmosferos poveikiui<\/li>\n<li>Metaliniai, atspar\u016bs dr\u0117gmei, ap\u0161viesti mygtukai<\/li>\n<li>Didelis skaitmeninis displ\u0117jus<\/li>\n<li>Sistema leid\u017eia prijungti iki 255 rageli\u0173 per dvilaid\u0119 magistralin\u0119 linij\u0105<\/li>\n<\/ul>\n","protected":false},"excerpt":{"rendered":"<p>Su atmintimi (CC2000) Ner\u016bdijan\u010dio plieno korpusas Stogelis u\u017esakomas atskirai Su ap\u0161vie\u010diamu klient\u0173 s\u0105ra\u0161u Galimas spynos atidarymas individualiais kodais ir RFiD\u00a0raktais Garsinis signalas bute persp\u0117jantis apie J\u016bs\u0173 rakto ar kodo naudojim\u0105 \u012eeigos kodai: \u00a0individualus \/ bendras Reguliuojamas i\u0161kvietimo laikas ir garsas Reguliuojamas pokalbio laikas Reguliuojamas atidaryt\u0173 dur\u0173 laikas Abonent\u0173 s\u0105ra\u0161o ribojimas \u2013 apsauga nuo nesankcionuoto ragelio [&hellip;]<\/p>\n","protected":false},"featured_media":533,"comment_status":"closed","ping_status":"closed","template":"","meta":[],"product_brand":[],"product_cat":[134],"product_tag":[135],"class_list":{"0":"post-2451","1":"product","2":"type-product","3":"status-publish","4":"has-post-thumbnail","6":"product_cat-audio-telefonspynes","7":"product_tag-cyfral","9":"first","10":"instock","11":"shipping-taxable","12":"purchasable","13":"product-type-simple"},"jetpack_sharing_enabled":true,"_links":{"self":[{"href":"https:\/\/apsaugos.lt\/index.php?rest_route=\/wp\/v2\/product\/2451","targetHints":{"allow":["GET"]}}],"collection":[{"href":"https:\/\/apsaugos.lt\/index.php?rest_route=\/wp\/v2\/product"}],"about":[{"href":"https:\/\/apsaugos.lt\/index.php?rest_route=\/wp\/v2\/types\/product"}],"replies":[{"embeddable":true,"href":"https:\/\/apsaugos.lt\/index.php?rest_route=%2Fwp%2Fv2%2Fcomments&post=2451"}],"wp:featuredmedia":[{"embeddable":true,"href":"https:\/\/apsaugos.lt\/index.php?rest_route=\/wp\/v2\/media\/533"}],"wp:attachment":[{"href":"https:\/\/apsaugos.lt\/index.php?rest_route=%2Fwp%2Fv2%2Fmedia&parent=2451"}],"wp:term":[{"taxonomy":"product_brand","embeddable":true,"href":"https:\/\/apsaugos.lt\/index.php?rest_route=%2Fwp%2Fv2%2Fproduct_brand&post=2451"},{"taxonomy":"product_cat","embeddable":true,"href":"https:\/\/apsaugos.lt\/index.php?rest_route=%2Fwp%2Fv2%2Fproduct_cat&post=2451"},{"taxonomy":"product_tag","embeddable":true,"href":"https:\/\/apsaugos.lt\/index.php?rest_route=%2Fwp%2Fv2%2Fproduct_tag&post=2451"}],"curies":[{"name":"wp","href":"https:\/\/api.w.org\/{rel}","templated":true}]}}