{"id":2455,"date":"2021-02-22T12:25:25","date_gmt":"2021-02-22T10:25:25","guid":{"rendered":"http:\/\/apsaugos.lt\/?product=import-placeholder-for-3937"},"modified":"2021-02-22T12:25:29","modified_gmt":"2021-02-22T10:25:29","slug":"strypine-elektromechanine-spyna","status":"publish","type":"product","link":"https:\/\/apsaugos.lt\/?product=strypine-elektromechanine-spyna","title":{"rendered":"Strypin\u0117 elektromechanin\u0117 spyna"},"content":{"rendered":"<p>\u012etampa: 12VDC<br \/>\nJ\u0117ga: atlaiko 1000Kg<br \/>\nSkirta \u0161ioms durims: Medin\u0117ms, stiklin\u0117ms, metalin\u0117ms<br \/>\nVeikimo ciklas: 500000<br \/>\nMed\u017eiaga: ner\u016bd. plienas<\/p>\n","protected":false},"excerpt":{"rendered":"<p>Lengva naudoti, ma\u017eas dydis, i\u0161orinis montavimas elektroninis var\u017et\u0173 u\u017eraktas, intelektualus lustas u\u017ekirsti keli\u0105 neteis\u0117tam magnetiniam i\u0161jungimui; trukd\u017ei\u0173. Nuolatinis darbas u\u017erakto korpusas nebus kar\u0161tas; apsaugos nuo pa\u017eeidim\u0173, saugesnis. Auk\u0161tos kokyb\u0117s plieninio u\u017erakto var\u017etas, 1 000 000 i\u0161\u0161okant\u012f bandym\u0105, atsparum\u0105 d\u0117v\u0117jimui ir neu\u017esikim\u0161im\u0105, momentin\u0119 u\u017erakinimo \u012ftamp\u0105, i\u0161jungim\u0105.<\/p>\n","protected":false},"featured_media":556,"comment_status":"closed","ping_status":"closed","template":"","meta":[],"product_brand":[],"product_cat":[81],"product_tag":[],"class_list":{"0":"post-2455","1":"product","2":"type-product","3":"status-publish","4":"has-post-thumbnail","6":"product_cat-strypines","8":"first","9":"instock","10":"shipping-taxable","11":"purchasable","12":"product-type-simple"},"jetpack_sharing_enabled":true,"_links":{"self":[{"href":"https:\/\/apsaugos.lt\/index.php?rest_route=\/wp\/v2\/product\/2455","targetHints":{"allow":["GET"]}}],"collection":[{"href":"https:\/\/apsaugos.lt\/index.php?rest_route=\/wp\/v2\/product"}],"about":[{"href":"https:\/\/apsaugos.lt\/index.php?rest_route=\/wp\/v2\/types\/product"}],"replies":[{"embeddable":true,"href":"https:\/\/apsaugos.lt\/index.php?rest_route=%2Fwp%2Fv2%2Fcomments&post=2455"}],"wp:featuredmedia":[{"embeddable":true,"href":"https:\/\/apsaugos.lt\/index.php?rest_route=\/wp\/v2\/media\/556"}],"wp:attachment":[{"href":"https:\/\/apsaugos.lt\/index.php?rest_route=%2Fwp%2Fv2%2Fmedia&parent=2455"}],"wp:term":[{"taxonomy":"product_brand","embeddable":true,"href":"https:\/\/apsaugos.lt\/index.php?rest_route=%2Fwp%2Fv2%2Fproduct_brand&post=2455"},{"taxonomy":"product_cat","embeddable":true,"href":"https:\/\/apsaugos.lt\/index.php?rest_route=%2Fwp%2Fv2%2Fproduct_cat&post=2455"},{"taxonomy":"product_tag","embeddable":true,"href":"https:\/\/apsaugos.lt\/index.php?rest_route=%2Fwp%2Fv2%2Fproduct_tag&post=2455"}],"curies":[{"name":"wp","href":"https:\/\/api.w.org\/{rel}","templated":true}]}}