{"id":2459,"date":"2021-02-22T12:25:25","date_gmt":"2021-02-22T10:25:25","guid":{"rendered":"http:\/\/apsaugos.lt\/?product=import-placeholder-for-3942"},"modified":"2021-02-22T12:25:30","modified_gmt":"2021-02-22T10:25:30","slug":"dorcas-tvirtinimo-juostele-ilga","status":"publish","type":"product","link":"https:\/\/apsaugos.lt\/?product=dorcas-tvirtinimo-juostele-ilga","title":{"rendered":"DORCAS tvirtinimo juostel\u0117 ilga"},"content":{"rendered":"<p>DORCAS tvirtinimo juostel\u0117 ilga. Tinka vis\u0173 tip\u0173 sklend\u0117ms.\u00a0 I\u0161 ner\u016bdijan\u010dio plieno. 25*250*2 MM<\/p>\n","protected":false},"excerpt":{"rendered":"<p>DORCAS tvirtinimo juostel\u0117 ilga. Tinka vis\u0173 tip\u0173 sklend\u0117ms.\u00a0 I\u0161 ner\u016bdijan\u010dio plieno. 25*250*2 MM<\/p>\n","protected":false},"featured_media":560,"comment_status":"closed","ping_status":"closed","template":"","meta":[],"product_brand":[],"product_cat":[139],"product_tag":[],"class_list":{"0":"post-2459","1":"product","2":"type-product","3":"status-publish","4":"has-post-thumbnail","6":"product_cat-sklendes","8":"first","9":"instock","10":"shipping-taxable","11":"purchasable","12":"product-type-simple"},"jetpack_sharing_enabled":true,"_links":{"self":[{"href":"https:\/\/apsaugos.lt\/index.php?rest_route=\/wp\/v2\/product\/2459","targetHints":{"allow":["GET"]}}],"collection":[{"href":"https:\/\/apsaugos.lt\/index.php?rest_route=\/wp\/v2\/product"}],"about":[{"href":"https:\/\/apsaugos.lt\/index.php?rest_route=\/wp\/v2\/types\/product"}],"replies":[{"embeddable":true,"href":"https:\/\/apsaugos.lt\/index.php?rest_route=%2Fwp%2Fv2%2Fcomments&post=2459"}],"wp:featuredmedia":[{"embeddable":true,"href":"https:\/\/apsaugos.lt\/index.php?rest_route=\/wp\/v2\/media\/560"}],"wp:attachment":[{"href":"https:\/\/apsaugos.lt\/index.php?rest_route=%2Fwp%2Fv2%2Fmedia&parent=2459"}],"wp:term":[{"taxonomy":"product_brand","embeddable":true,"href":"https:\/\/apsaugos.lt\/index.php?rest_route=%2Fwp%2Fv2%2Fproduct_brand&post=2459"},{"taxonomy":"product_cat","embeddable":true,"href":"https:\/\/apsaugos.lt\/index.php?rest_route=%2Fwp%2Fv2%2Fproduct_cat&post=2459"},{"taxonomy":"product_tag","embeddable":true,"href":"https:\/\/apsaugos.lt\/index.php?rest_route=%2Fwp%2Fv2%2Fproduct_tag&post=2459"}],"curies":[{"name":"wp","href":"https:\/\/api.w.org\/{rel}","templated":true}]}}