{"id":2461,"date":"2021-02-22T12:25:26","date_gmt":"2021-02-22T10:25:26","guid":{"rendered":"http:\/\/apsaugos.lt\/?product=import-placeholder-for-3991"},"modified":"2021-02-22T12:25:30","modified_gmt":"2021-02-22T10:25:30","slug":"roger-emc-1","status":"publish","type":"product","link":"https:\/\/apsaugos.lt\/?product=roger-emc-1","title":{"rendered":"ROGER EMC-1"},"content":{"rendered":"<ul>\n<li>64 bit\u0173 atmintis, gamykli\u0161kai u\u017eprogramuota<\/li>\n<li>ASK amplitudin\u0117 moduliacija, kodavimas Manchester re\u017eimu<\/li>\n<li>Darbinis da\u017enis 125 kHz<\/li>\n<li>Duomen\u0173 perdavimo greitis 2kBaud<\/li>\n<li>Suderinama su EM4100\/4102<\/li>\n<\/ul>\n","protected":false},"excerpt":{"rendered":"<p>EMC-1 tai plona, ISO standartinio dyd\u017eio PVC kortel\u0117, galimas foto ir teksto spausdinimas tam skirtais PVC spausdintuvais.<\/p>\n","protected":false},"featured_media":562,"comment_status":"closed","ping_status":"closed","template":"","meta":[],"product_brand":[],"product_cat":[140],"product_tag":[141],"class_list":{"0":"post-2461","1":"product","2":"type-product","3":"status-publish","4":"has-post-thumbnail","6":"product_cat-korteles-identifikatoriai-pakabukai","7":"product_tag-roger","9":"first","10":"instock","11":"shipping-taxable","12":"purchasable","13":"product-type-simple"},"jetpack_sharing_enabled":true,"_links":{"self":[{"href":"https:\/\/apsaugos.lt\/index.php?rest_route=\/wp\/v2\/product\/2461","targetHints":{"allow":["GET"]}}],"collection":[{"href":"https:\/\/apsaugos.lt\/index.php?rest_route=\/wp\/v2\/product"}],"about":[{"href":"https:\/\/apsaugos.lt\/index.php?rest_route=\/wp\/v2\/types\/product"}],"replies":[{"embeddable":true,"href":"https:\/\/apsaugos.lt\/index.php?rest_route=%2Fwp%2Fv2%2Fcomments&post=2461"}],"wp:featuredmedia":[{"embeddable":true,"href":"https:\/\/apsaugos.lt\/index.php?rest_route=\/wp\/v2\/media\/562"}],"wp:attachment":[{"href":"https:\/\/apsaugos.lt\/index.php?rest_route=%2Fwp%2Fv2%2Fmedia&parent=2461"}],"wp:term":[{"taxonomy":"product_brand","embeddable":true,"href":"https:\/\/apsaugos.lt\/index.php?rest_route=%2Fwp%2Fv2%2Fproduct_brand&post=2461"},{"taxonomy":"product_cat","embeddable":true,"href":"https:\/\/apsaugos.lt\/index.php?rest_route=%2Fwp%2Fv2%2Fproduct_cat&post=2461"},{"taxonomy":"product_tag","embeddable":true,"href":"https:\/\/apsaugos.lt\/index.php?rest_route=%2Fwp%2Fv2%2Fproduct_tag&post=2461"}],"curies":[{"name":"wp","href":"https:\/\/api.w.org\/{rel}","templated":true}]}}