{"id":2464,"date":"2021-02-22T12:25:26","date_gmt":"2021-02-22T10:25:26","guid":{"rendered":"http:\/\/apsaugos.lt\/?product=import-placeholder-for-3996"},"modified":"2021-02-22T12:25:30","modified_gmt":"2021-02-22T10:25:30","slug":"roger-mfc-1","status":"publish","type":"product","link":"https:\/\/apsaugos.lt\/?product=roger-mfc-1","title":{"rendered":"ROGER MFC-1"},"content":{"rendered":"<p>MFC-1 13.56 MHz Mifare tai plona, ISO standartinio dyd\u017eio PVC kortel\u0117 su atspausdintu kortel\u0117s numerius, galimas foto ir teksto spausdinimas tam skirtais PVC spausdintuvais, 64 bit\u0173 atmintis.<\/p>\n","protected":false},"excerpt":{"rendered":"<p>MFC-1 13.56 MHz Mifare tai plona, ISO standartinio dyd\u017eio PVC kortel\u0117 su atspausdintu kortel\u0117s numerius, galimas foto ir teksto spausdinimas tam skirtais PVC spausdintuvais, 64 bit\u0173 atmintis.<\/p>\n","protected":false},"featured_media":562,"comment_status":"closed","ping_status":"closed","template":"","meta":[],"product_brand":[],"product_cat":[140],"product_tag":[],"class_list":{"0":"post-2464","1":"product","2":"type-product","3":"status-publish","4":"has-post-thumbnail","6":"product_cat-korteles-identifikatoriai-pakabukai","8":"first","9":"instock","10":"shipping-taxable","11":"purchasable","12":"product-type-simple"},"jetpack_sharing_enabled":true,"_links":{"self":[{"href":"https:\/\/apsaugos.lt\/index.php?rest_route=\/wp\/v2\/product\/2464","targetHints":{"allow":["GET"]}}],"collection":[{"href":"https:\/\/apsaugos.lt\/index.php?rest_route=\/wp\/v2\/product"}],"about":[{"href":"https:\/\/apsaugos.lt\/index.php?rest_route=\/wp\/v2\/types\/product"}],"replies":[{"embeddable":true,"href":"https:\/\/apsaugos.lt\/index.php?rest_route=%2Fwp%2Fv2%2Fcomments&post=2464"}],"wp:featuredmedia":[{"embeddable":true,"href":"https:\/\/apsaugos.lt\/index.php?rest_route=\/wp\/v2\/media\/562"}],"wp:attachment":[{"href":"https:\/\/apsaugos.lt\/index.php?rest_route=%2Fwp%2Fv2%2Fmedia&parent=2464"}],"wp:term":[{"taxonomy":"product_brand","embeddable":true,"href":"https:\/\/apsaugos.lt\/index.php?rest_route=%2Fwp%2Fv2%2Fproduct_brand&post=2464"},{"taxonomy":"product_cat","embeddable":true,"href":"https:\/\/apsaugos.lt\/index.php?rest_route=%2Fwp%2Fv2%2Fproduct_cat&post=2464"},{"taxonomy":"product_tag","embeddable":true,"href":"https:\/\/apsaugos.lt\/index.php?rest_route=%2Fwp%2Fv2%2Fproduct_tag&post=2464"}],"curies":[{"name":"wp","href":"https:\/\/api.w.org\/{rel}","templated":true}]}}