{"id":2466,"date":"2021-02-22T12:25:32","date_gmt":"2021-02-22T10:25:32","guid":{"rendered":"http:\/\/apsaugos.lt\/?product=import-placeholder-for-3998"},"modified":"2021-02-22T12:25:34","modified_gmt":"2021-02-22T10:25:34","slug":"paradox-cr-r706-a","status":"publish","type":"product","link":"https:\/\/apsaugos.lt\/?product=paradox-cr-r706-a","title":{"rendered":"PARADOX CR-R706-A"},"content":{"rendered":"<ul>\n<li>Atstumin\u0117;<\/li>\n<li>Patogaus kreditin\u0117s kortel\u0117s dyd\u017eio;<\/li>\n<li>Blizgiu pavir\u0161iumi;<\/li>\n<li>Galima atspausdinti auk\u0161tos kokyb\u0117s nuotraukas;<\/li>\n<li>Ypatingai plona ir lanksti.<\/li>\n<\/ul>\n","protected":false},"excerpt":{"rendered":"<p>Atstumin\u0117; Patogaus kreditin\u0117s kortel\u0117s dyd\u017eio; Blizgiu pavir\u0161iumi; Galima atspausdinti auk\u0161tos kokyb\u0117s nuotraukas; Ypatingai plona ir lanksti.<\/p>\n","protected":false},"featured_media":562,"comment_status":"closed","ping_status":"closed","template":"","meta":[],"product_brand":[],"product_cat":[140],"product_tag":[116],"class_list":{"0":"post-2466","1":"product","2":"type-product","3":"status-publish","4":"has-post-thumbnail","6":"product_cat-korteles-identifikatoriai-pakabukai","7":"product_tag-paradox","9":"first","10":"instock","11":"shipping-taxable","12":"purchasable","13":"product-type-simple"},"jetpack_sharing_enabled":true,"_links":{"self":[{"href":"https:\/\/apsaugos.lt\/index.php?rest_route=\/wp\/v2\/product\/2466","targetHints":{"allow":["GET"]}}],"collection":[{"href":"https:\/\/apsaugos.lt\/index.php?rest_route=\/wp\/v2\/product"}],"about":[{"href":"https:\/\/apsaugos.lt\/index.php?rest_route=\/wp\/v2\/types\/product"}],"replies":[{"embeddable":true,"href":"https:\/\/apsaugos.lt\/index.php?rest_route=%2Fwp%2Fv2%2Fcomments&post=2466"}],"wp:featuredmedia":[{"embeddable":true,"href":"https:\/\/apsaugos.lt\/index.php?rest_route=\/wp\/v2\/media\/562"}],"wp:attachment":[{"href":"https:\/\/apsaugos.lt\/index.php?rest_route=%2Fwp%2Fv2%2Fmedia&parent=2466"}],"wp:term":[{"taxonomy":"product_brand","embeddable":true,"href":"https:\/\/apsaugos.lt\/index.php?rest_route=%2Fwp%2Fv2%2Fproduct_brand&post=2466"},{"taxonomy":"product_cat","embeddable":true,"href":"https:\/\/apsaugos.lt\/index.php?rest_route=%2Fwp%2Fv2%2Fproduct_cat&post=2466"},{"taxonomy":"product_tag","embeddable":true,"href":"https:\/\/apsaugos.lt\/index.php?rest_route=%2Fwp%2Fv2%2Fproduct_tag&post=2466"}],"curies":[{"name":"wp","href":"https:\/\/api.w.org\/{rel}","templated":true}]}}