{"id":2471,"date":"2021-02-22T12:25:32","date_gmt":"2021-02-22T10:25:32","guid":{"rendered":"http:\/\/apsaugos.lt\/?product=import-placeholder-for-4005"},"modified":"2021-02-22T12:25:35","modified_gmt":"2021-02-22T10:25:35","slug":"iclass-atstumine-kortele-2000pggmn","status":"publish","type":"product","link":"https:\/\/apsaugos.lt\/?product=iclass-atstumine-kortele-2000pggmn","title":{"rendered":"iCLASS atstumin\u0117 kortel\u0117 2000PGGMN"},"content":{"rendered":"<table class=\"parameters\" width=\"100%\" cellspacing=\"0\" cellpadding=\"0\">\n<tbody>\n<tr>\n<td class=\"left-cell\">Da\u017enis<\/td>\n<td class=\"right-cell\">13.56 MHz<\/td>\n<\/tr>\n<tr>\n<td class=\"left-cell\">Santykin\u0117 dr\u0117gm\u0117<\/td>\n<td class=\"right-cell\">5-95%<\/td>\n<\/tr>\n<tr>\n<td class=\"left-cell\">Veikimo temperat\u016bra, (\u00b0C Min\/Max)<\/td>\n<td class=\"right-cell\">-40\/+70<\/td>\n<\/tr>\n<tr>\n<td class=\"left-cell\">Mas\u0117, kg<\/td>\n<td class=\"right-cell\">5,7g<\/td>\n<\/tr>\n<tr>\n<td class=\"left-cell\">Matmenys, mm<\/td>\n<td class=\"right-cell\">54 x 85,7 x 0,84<\/td>\n<\/tr>\n<\/tbody>\n<\/table>\n","protected":false},"excerpt":{"rendered":"<p>Da\u017enis 13.56 MHz Santykin\u0117 dr\u0117gm\u0117 5-95% Veikimo temperat\u016bra, (\u00b0C Min\/Max) -40\/+70 Mas\u0117, kg 5,7g Matmenys, mm 54 x 85,7 x 0,84<\/p>\n","protected":false},"featured_media":564,"comment_status":"closed","ping_status":"closed","template":"","meta":[],"product_brand":[],"product_cat":[140],"product_tag":[72],"class_list":{"0":"post-2471","1":"product","2":"type-product","3":"status-publish","4":"has-post-thumbnail","6":"product_cat-korteles-identifikatoriai-pakabukai","7":"product_tag-hid","9":"first","10":"instock","11":"shipping-taxable","12":"purchasable","13":"product-type-simple"},"jetpack_sharing_enabled":true,"_links":{"self":[{"href":"https:\/\/apsaugos.lt\/index.php?rest_route=\/wp\/v2\/product\/2471","targetHints":{"allow":["GET"]}}],"collection":[{"href":"https:\/\/apsaugos.lt\/index.php?rest_route=\/wp\/v2\/product"}],"about":[{"href":"https:\/\/apsaugos.lt\/index.php?rest_route=\/wp\/v2\/types\/product"}],"replies":[{"embeddable":true,"href":"https:\/\/apsaugos.lt\/index.php?rest_route=%2Fwp%2Fv2%2Fcomments&post=2471"}],"wp:featuredmedia":[{"embeddable":true,"href":"https:\/\/apsaugos.lt\/index.php?rest_route=\/wp\/v2\/media\/564"}],"wp:attachment":[{"href":"https:\/\/apsaugos.lt\/index.php?rest_route=%2Fwp%2Fv2%2Fmedia&parent=2471"}],"wp:term":[{"taxonomy":"product_brand","embeddable":true,"href":"https:\/\/apsaugos.lt\/index.php?rest_route=%2Fwp%2Fv2%2Fproduct_brand&post=2471"},{"taxonomy":"product_cat","embeddable":true,"href":"https:\/\/apsaugos.lt\/index.php?rest_route=%2Fwp%2Fv2%2Fproduct_cat&post=2471"},{"taxonomy":"product_tag","embeddable":true,"href":"https:\/\/apsaugos.lt\/index.php?rest_route=%2Fwp%2Fv2%2Fproduct_tag&post=2471"}],"curies":[{"name":"wp","href":"https:\/\/api.w.org\/{rel}","templated":true}]}}