{"id":2474,"date":"2021-02-22T12:25:33","date_gmt":"2021-02-22T10:25:33","guid":{"rendered":"http:\/\/apsaugos.lt\/?product=import-placeholder-for-4019"},"modified":"2021-02-22T12:25:35","modified_gmt":"2021-02-22T10:25:35","slug":"2g-3g-siustuvas-eldes-et083","status":"publish","type":"product","link":"https:\/\/apsaugos.lt\/?product=2g-3g-siustuvas-eldes-et083","title":{"rendered":"2G\/3G si\u0173stuvas Eldes ET083"},"content":{"rendered":"<table border=\"0\">\n<tbody>\n<tr>\n<td>Vartotojai<\/td>\n<td>Iki 5<\/td>\n<\/tr>\n<tr>\n<td>Komunikacijos b\u016bdai su saugos tarnybomis<\/td>\n<td>Iki 6<\/td>\n<\/tr>\n<tr>\n<td>Atsargini\u0173 duomen\u0173 perdavimo metodai saugos tarnyboms<\/td>\n<td>Iki 5<\/td>\n<\/tr>\n<tr>\n<td>Tre\u010di\u0173j\u0173 \u0161ali\u0173 paneli\u0173 palyginimo b\u016bdai<\/td>\n<td>PSTN (RING\/TIP terminalai)<\/td>\n<\/tr>\n<tr>\n<td>Duomen\u0173 magistral\u0117s s\u0105saja<\/td>\n<\/tr>\n<tr>\n<td>Maitinimo \u0161altinis<\/td>\n<td>10-24 V DC, 300 mA maks.<\/td>\n<\/tr>\n<tr>\n<td>Vartojama srov\u0117 ramyb\u0117s b\u016bsenoje<\/td>\n<td>Iki 120 mA<\/td>\n<\/tr>\n<tr>\n<td>GSM modemo da\u017enis<\/td>\n<td>Europos da\u017enio modelis: 2G 900\/1800MHz, 3G 900\/2100MHz bands<\/td>\n<\/tr>\n<tr>\n<td>\u0160iaur\u0117s Amerikos da\u017enio modelis: 2G 850\/1900MHz, 3G 850\/1900MHz<\/td>\n<\/tr>\n<tr>\n<td>Vis\u0173 da\u017eni\u0173 modelis: 2G 850\/900\/1800\/1900MHz, 3G 800\/850\/900\/1900\/2100MHz<\/td>\n<\/tr>\n<tr>\n<td>\u017demo lygio (neigiam\u0173) \u012f\u0117jim\u0173 skai\u010dius<\/td>\n<td>3<\/td>\n<\/tr>\n<tr>\n<td>I\u0161\u0117jim\u0173 skai\u010dius<\/td>\n<td>3<\/td>\n<\/tr>\n<tr>\n<td>Ry\u0161ys<\/td>\n<td>SMS, balso skambu\u010diai, GPRS, PSTN, Ethernet<\/td>\n<\/tr>\n<tr>\n<td>Palaikomi komunikacijos protokolai<\/td>\n<td>Ademco Contact ID, 4+2, Scancom, EGR100, Kronos, SIA IP<\/td>\n<\/tr>\n<tr>\n<td>Matmenys<\/td>\n<td>129x86x18mm<\/td>\n<\/tr>\n<tr>\n<td>Darbo temperat\u016bros diapazonas<\/td>\n<td>-20\u2026+55\u00b0C<\/td>\n<\/tr>\n<\/tbody>\n<\/table>\n","protected":false},"excerpt":{"rendered":"<p>Universalus GSM\/GPRS si\u0173stuvas \u2013 imtuvas, jungiamas prie tre\u010di\u0173j\u0173 \u0161ali\u0173 signalizacij\u0173 centrali\u0173. Komunikatorius perduoda signal\u0105 nustatytais protokolais saugos tarnyb\u0173 steb\u0117jimo pultams ir\/arba tiesiogiai objekt\u0173 \u0161eimininkams.<\/p>\n","protected":false},"featured_media":567,"comment_status":"closed","ping_status":"closed","template":"","meta":[],"product_brand":[],"product_cat":[144],"product_tag":[107],"class_list":{"0":"post-2474","1":"product","2":"type-product","3":"status-publish","4":"has-post-thumbnail","6":"product_cat-eldes-produkcija","7":"product_tag-eldes","9":"first","10":"instock","11":"shipping-taxable","12":"purchasable","13":"product-type-simple"},"jetpack_sharing_enabled":true,"_links":{"self":[{"href":"https:\/\/apsaugos.lt\/index.php?rest_route=\/wp\/v2\/product\/2474","targetHints":{"allow":["GET"]}}],"collection":[{"href":"https:\/\/apsaugos.lt\/index.php?rest_route=\/wp\/v2\/product"}],"about":[{"href":"https:\/\/apsaugos.lt\/index.php?rest_route=\/wp\/v2\/types\/product"}],"replies":[{"embeddable":true,"href":"https:\/\/apsaugos.lt\/index.php?rest_route=%2Fwp%2Fv2%2Fcomments&post=2474"}],"wp:featuredmedia":[{"embeddable":true,"href":"https:\/\/apsaugos.lt\/index.php?rest_route=\/wp\/v2\/media\/567"}],"wp:attachment":[{"href":"https:\/\/apsaugos.lt\/index.php?rest_route=%2Fwp%2Fv2%2Fmedia&parent=2474"}],"wp:term":[{"taxonomy":"product_brand","embeddable":true,"href":"https:\/\/apsaugos.lt\/index.php?rest_route=%2Fwp%2Fv2%2Fproduct_brand&post=2474"},{"taxonomy":"product_cat","embeddable":true,"href":"https:\/\/apsaugos.lt\/index.php?rest_route=%2Fwp%2Fv2%2Fproduct_cat&post=2474"},{"taxonomy":"product_tag","embeddable":true,"href":"https:\/\/apsaugos.lt\/index.php?rest_route=%2Fwp%2Fv2%2Fproduct_tag&post=2474"}],"curies":[{"name":"wp","href":"https:\/\/api.w.org\/{rel}","templated":true}]}}