{"id":2475,"date":"2021-02-22T12:25:33","date_gmt":"2021-02-22T10:25:33","guid":{"rendered":"http:\/\/apsaugos.lt\/?product=import-placeholder-for-4021"},"modified":"2021-02-22T12:25:36","modified_gmt":"2021-02-22T10:25:36","slug":"klaviatura-ekb2","status":"publish","type":"product","link":"https:\/\/apsaugos.lt\/?product=klaviatura-ekb2","title":{"rendered":"Klaviat\u016bra EKB2"},"content":{"rendered":"<ul>\n<li>lietimui jautrus pavir\u0161ius<\/li>\n<li>grafinis 128&#215;64 LCD displ\u0117jus<\/li>\n<li>LED ap\u0161vie\u010diami klavi\u0161ai<\/li>\n<li>1 integruota zona<\/li>\n<li>lengvai suprantamos valdymo komandos<\/li>\n<li>garsinis signalas atliekant veiksmus su klavi\u0161ais<\/li>\n<li>tamperis<\/li>\n<\/ul>\n","protected":false},"excerpt":{"rendered":"<p>EKB2 &#8211; tai sensorin\u0117 LCD klaviat\u016bra, skirta naudoti kartu su apsaugos sistema ESIM264.<\/p>\n","protected":false},"featured_media":568,"comment_status":"closed","ping_status":"closed","template":"","meta":[],"product_brand":[],"product_cat":[144],"product_tag":[107,146],"class_list":{"0":"post-2475","1":"product","2":"type-product","3":"status-publish","4":"has-post-thumbnail","6":"product_cat-eldes-produkcija","7":"product_tag-eldes","8":"product_tag-klaviatura-ekb2","10":"first","11":"instock","12":"shipping-taxable","13":"purchasable","14":"product-type-simple"},"jetpack_sharing_enabled":true,"_links":{"self":[{"href":"https:\/\/apsaugos.lt\/index.php?rest_route=\/wp\/v2\/product\/2475","targetHints":{"allow":["GET"]}}],"collection":[{"href":"https:\/\/apsaugos.lt\/index.php?rest_route=\/wp\/v2\/product"}],"about":[{"href":"https:\/\/apsaugos.lt\/index.php?rest_route=\/wp\/v2\/types\/product"}],"replies":[{"embeddable":true,"href":"https:\/\/apsaugos.lt\/index.php?rest_route=%2Fwp%2Fv2%2Fcomments&post=2475"}],"wp:featuredmedia":[{"embeddable":true,"href":"https:\/\/apsaugos.lt\/index.php?rest_route=\/wp\/v2\/media\/568"}],"wp:attachment":[{"href":"https:\/\/apsaugos.lt\/index.php?rest_route=%2Fwp%2Fv2%2Fmedia&parent=2475"}],"wp:term":[{"taxonomy":"product_brand","embeddable":true,"href":"https:\/\/apsaugos.lt\/index.php?rest_route=%2Fwp%2Fv2%2Fproduct_brand&post=2475"},{"taxonomy":"product_cat","embeddable":true,"href":"https:\/\/apsaugos.lt\/index.php?rest_route=%2Fwp%2Fv2%2Fproduct_cat&post=2475"},{"taxonomy":"product_tag","embeddable":true,"href":"https:\/\/apsaugos.lt\/index.php?rest_route=%2Fwp%2Fv2%2Fproduct_tag&post=2475"}],"curies":[{"name":"wp","href":"https:\/\/api.w.org\/{rel}","templated":true}]}}