{"id":2477,"date":"2021-02-22T12:25:33","date_gmt":"2021-02-22T10:25:33","guid":{"rendered":"http:\/\/apsaugos.lt\/?product=import-placeholder-for-4025"},"modified":"2021-02-22T12:25:36","modified_gmt":"2021-02-22T10:25:36","slug":"ispletimo-modulis-epgm1","status":"publish","type":"product","link":"https:\/\/apsaugos.lt\/?product=ispletimo-modulis-epgm1","title":{"rendered":"I\u0161pl\u0117timo modulis EPGM1"},"content":{"rendered":"<ul>\n<li>Zonos: 16<\/li>\n<li>Maitinimas:\u00a010-24V<\/li>\n<li>PGM i\u0161\u0117jimai:\u00a02x500mA<\/li>\n<li>Darbin\u0117 temperat\u016bra:\u00a0-20&#8230;+55\u00b0C<\/li>\n<li>I\u0161matavimai:\u00a0118x47mm<\/li>\n<\/ul>\n","protected":false},"excerpt":{"rendered":"<p>Laidini\u0173 zon\u0173 ir PGM i\u0161\u0117jim\u0173 i\u0161pl\u0117timo modulis, skirtas naudojimui su ELDES apsaugos sistemomis ESIM264 ir ESIM364<\/p>\n","protected":false},"featured_media":570,"comment_status":"closed","ping_status":"closed","template":"","meta":[],"product_brand":[],"product_cat":[144],"product_tag":[107],"class_list":{"0":"post-2477","1":"product","2":"type-product","3":"status-publish","4":"has-post-thumbnail","6":"product_cat-eldes-produkcija","7":"product_tag-eldes","9":"first","10":"instock","11":"shipping-taxable","12":"purchasable","13":"product-type-simple"},"jetpack_sharing_enabled":true,"_links":{"self":[{"href":"https:\/\/apsaugos.lt\/index.php?rest_route=\/wp\/v2\/product\/2477","targetHints":{"allow":["GET"]}}],"collection":[{"href":"https:\/\/apsaugos.lt\/index.php?rest_route=\/wp\/v2\/product"}],"about":[{"href":"https:\/\/apsaugos.lt\/index.php?rest_route=\/wp\/v2\/types\/product"}],"replies":[{"embeddable":true,"href":"https:\/\/apsaugos.lt\/index.php?rest_route=%2Fwp%2Fv2%2Fcomments&post=2477"}],"wp:featuredmedia":[{"embeddable":true,"href":"https:\/\/apsaugos.lt\/index.php?rest_route=\/wp\/v2\/media\/570"}],"wp:attachment":[{"href":"https:\/\/apsaugos.lt\/index.php?rest_route=%2Fwp%2Fv2%2Fmedia&parent=2477"}],"wp:term":[{"taxonomy":"product_brand","embeddable":true,"href":"https:\/\/apsaugos.lt\/index.php?rest_route=%2Fwp%2Fv2%2Fproduct_brand&post=2477"},{"taxonomy":"product_cat","embeddable":true,"href":"https:\/\/apsaugos.lt\/index.php?rest_route=%2Fwp%2Fv2%2Fproduct_cat&post=2477"},{"taxonomy":"product_tag","embeddable":true,"href":"https:\/\/apsaugos.lt\/index.php?rest_route=%2Fwp%2Fv2%2Fproduct_tag&post=2477"}],"curies":[{"name":"wp","href":"https:\/\/api.w.org\/{rel}","templated":true}]}}