{"id":2480,"date":"2021-02-22T12:25:33","date_gmt":"2021-02-22T10:25:33","guid":{"rendered":"http:\/\/apsaugos.lt\/?product=import-placeholder-for-4031"},"modified":"2021-02-22T12:25:36","modified_gmt":"2021-02-22T10:25:36","slug":"ethernet-komunikatorius-elan3-alarm","status":"publish","type":"product","link":"https:\/\/apsaugos.lt\/?product=ethernet-komunikatorius-elan3-alarm","title":{"rendered":"Ethernet komunikatorius ELAN3-ALARM"},"content":{"rendered":"<table border=\"1\" cellspacing=\"2\" cellpadding=\"2\">\n<tbody>\n<tr>\n<td>Maitinimas<\/td>\n<td>10-24V 50Hz ~ 210mA max. \/ 10-24V 210mA max.<\/td>\n<\/tr>\n<tr>\n<td>Palaikomas Ethernet ry\u0161ys<\/td>\n<td>10\/100 Mbit<\/td>\n<\/tr>\n<tr>\n<td>Oro dr\u0117gm\u0117<\/td>\n<td>0-90% RH @ 0&#8230; +40 \u00b0C (be kondensacijos)<\/td>\n<\/tr>\n<tr>\n<td>Darbo temperat\u016bros diapozonas<\/td>\n<td>-20\u2026+55 \u00b0C<\/td>\n<\/tr>\n<tr>\n<td>Matmenys<\/td>\n<td>63x82x17 mm<\/td>\n<\/tr>\n<\/tbody>\n<\/table>\n","protected":false},"excerpt":{"rendered":"<p>Prietaisas suderintas su apsaugos sistema ESIM364 ir GSM\/GPRS komunikatoriumi ET082. ELAN3-ALARM komunikatorius \u012fgalina interneto prieig\u0105, leid\u017eian\u010di\u0105 sukurti ry\u0161\u012f tarp ESIM364 arba ET082 ir EGR100, KRONOS IP, SIA IP protokolus palaikan\u010dios steb\u0117jimo pult\u0173 programin\u0117s \u012frangos. Prietaisas gali b\u016bti naudojamas ESIM364 prijungimui prie Eldes Smart Security platformos. Ethernet komunikatorius leid\u017eia konfig\u016bruoti ESIM364 ir ET082 prietaisus nuotolinu b\u016bdu. ELAN3-ALARM tinkamas vietose, kur silpnas GSM\/GPRS ry\u0161ys arba reikalingas atsarginis ry\u0161io kanalas.<\/p>\n","protected":false},"featured_media":573,"comment_status":"closed","ping_status":"closed","template":"","meta":[],"product_brand":[],"product_cat":[144],"product_tag":[107],"class_list":{"0":"post-2480","1":"product","2":"type-product","3":"status-publish","4":"has-post-thumbnail","6":"product_cat-eldes-produkcija","7":"product_tag-eldes","9":"first","10":"instock","11":"shipping-taxable","12":"purchasable","13":"product-type-simple"},"jetpack_sharing_enabled":true,"_links":{"self":[{"href":"https:\/\/apsaugos.lt\/index.php?rest_route=\/wp\/v2\/product\/2480","targetHints":{"allow":["GET"]}}],"collection":[{"href":"https:\/\/apsaugos.lt\/index.php?rest_route=\/wp\/v2\/product"}],"about":[{"href":"https:\/\/apsaugos.lt\/index.php?rest_route=\/wp\/v2\/types\/product"}],"replies":[{"embeddable":true,"href":"https:\/\/apsaugos.lt\/index.php?rest_route=%2Fwp%2Fv2%2Fcomments&post=2480"}],"wp:featuredmedia":[{"embeddable":true,"href":"https:\/\/apsaugos.lt\/index.php?rest_route=\/wp\/v2\/media\/573"}],"wp:attachment":[{"href":"https:\/\/apsaugos.lt\/index.php?rest_route=%2Fwp%2Fv2%2Fmedia&parent=2480"}],"wp:term":[{"taxonomy":"product_brand","embeddable":true,"href":"https:\/\/apsaugos.lt\/index.php?rest_route=%2Fwp%2Fv2%2Fproduct_brand&post=2480"},{"taxonomy":"product_cat","embeddable":true,"href":"https:\/\/apsaugos.lt\/index.php?rest_route=%2Fwp%2Fv2%2Fproduct_cat&post=2480"},{"taxonomy":"product_tag","embeddable":true,"href":"https:\/\/apsaugos.lt\/index.php?rest_route=%2Fwp%2Fv2%2Fproduct_tag&post=2480"}],"curies":[{"name":"wp","href":"https:\/\/api.w.org\/{rel}","templated":true}]}}