{"id":2482,"date":"2021-02-22T12:25:33","date_gmt":"2021-02-22T10:25:33","guid":{"rendered":"http:\/\/apsaugos.lt\/?product=import-placeholder-for-4035"},"modified":"2021-02-22T12:25:37","modified_gmt":"2021-02-22T10:25:37","slug":"belaidis-lango-duru-jutiklis-ewd3","status":"publish","type":"product","link":"https:\/\/apsaugos.lt\/?product=belaidis-lango-duru-jutiklis-ewd3","title":{"rendered":"Belaidis lango\/dur\u0173 jutiklis EWD3"},"content":{"rendered":"<table border=\"1\" width=\"325\">\n<tbody>\n<tr>\n<td>Baterija<\/td>\n<td>3V Lithium 1500mAh CR123A type; CR17345 (IEC) \/ 5018LC (ANSI\/NEDA)<\/td>\n<\/tr>\n<tr>\n<td>Baterij\u0173 skai\u010dius<\/td>\n<td>1<\/td>\n<\/tr>\n<tr>\n<td>Baterijos tarnavimo trukm\u0117<\/td>\n<td>Iki 3 met\u0173\u00a0(\u0160is laikotarpis gali skirtis, atsi\u017evelgiant \u012f naudojimo s\u0105lygas.)<\/td>\n<\/tr>\n<tr>\n<td>Belaid\u017eio ry\u0161io da\u017eni\u0173 juosta<\/td>\n<td>ISM868 arba ISM915\u00a0(Priklauso nuo regiono.)<\/td>\n<\/tr>\n<tr>\n<td>Belaid\u017eio ry\u0161io atstumas<\/td>\n<td>Iki\u00a030m patalpose;\u00a0iki 3000m (~9843ft) atvirose erdv\u0117se<\/td>\n<\/tr>\n<tr>\n<td>Darbo temperat\u016bra<\/td>\n<td>-20\u2026+55 \u00b0C (-4\u2026 +131\u00b0F)<\/td>\n<\/tr>\n<tr>\n<td>Oro dr\u0117gm\u0117<\/td>\n<td>0-90% RH @ 0\u2026 +40\u00b0C (0-90% RH @ +32\u2026 +104\u00b0F) (be kondensato)<\/td>\n<\/tr>\n<tr>\n<td>EWD3 matmenys<\/td>\n<td>117x22x22mm (4.61\u00d70.87\u00d70.87in)<\/td>\n<\/tr>\n<tr>\n<td>Magneto matmenys<\/td>\n<td>47x13x10mm (1.85\u00d70.51\u00d70.39in)<\/td>\n<\/tr>\n<tr>\n<td>Suderinamumas su apsaugos sistemomis<\/td>\n<td>ELDES wireless<\/td>\n<\/tr>\n<\/tbody>\n<\/table>\n","protected":false},"excerpt":{"rendered":"<p>EWD3 \u2013 tai belaidis \u012frenginys, skirtas saugoti duris, langus ir kitus atsidaran\u010dius\/u\u017esidaran\u010dius mechanizmus. Papildomai \u012frengi- nys turi savyje \u012fmontuot\u0105 sm\u016bgio jutikl\u012f, laidin\u0117s zonos kontakt\u0105 bei tamperio jungikl\u012f EWD3 sabota\u017eo aptikimui.<\/p>\n","protected":false},"featured_media":575,"comment_status":"closed","ping_status":"closed","template":"","meta":[],"product_brand":[],"product_cat":[144],"product_tag":[107],"class_list":{"0":"post-2482","1":"product","2":"type-product","3":"status-publish","4":"has-post-thumbnail","6":"product_cat-eldes-produkcija","7":"product_tag-eldes","9":"first","10":"instock","11":"shipping-taxable","12":"purchasable","13":"product-type-simple"},"jetpack_sharing_enabled":true,"_links":{"self":[{"href":"https:\/\/apsaugos.lt\/index.php?rest_route=\/wp\/v2\/product\/2482","targetHints":{"allow":["GET"]}}],"collection":[{"href":"https:\/\/apsaugos.lt\/index.php?rest_route=\/wp\/v2\/product"}],"about":[{"href":"https:\/\/apsaugos.lt\/index.php?rest_route=\/wp\/v2\/types\/product"}],"replies":[{"embeddable":true,"href":"https:\/\/apsaugos.lt\/index.php?rest_route=%2Fwp%2Fv2%2Fcomments&post=2482"}],"wp:featuredmedia":[{"embeddable":true,"href":"https:\/\/apsaugos.lt\/index.php?rest_route=\/wp\/v2\/media\/575"}],"wp:attachment":[{"href":"https:\/\/apsaugos.lt\/index.php?rest_route=%2Fwp%2Fv2%2Fmedia&parent=2482"}],"wp:term":[{"taxonomy":"product_brand","embeddable":true,"href":"https:\/\/apsaugos.lt\/index.php?rest_route=%2Fwp%2Fv2%2Fproduct_brand&post=2482"},{"taxonomy":"product_cat","embeddable":true,"href":"https:\/\/apsaugos.lt\/index.php?rest_route=%2Fwp%2Fv2%2Fproduct_cat&post=2482"},{"taxonomy":"product_tag","embeddable":true,"href":"https:\/\/apsaugos.lt\/index.php?rest_route=%2Fwp%2Fv2%2Fproduct_tag&post=2482"}],"curies":[{"name":"wp","href":"https:\/\/api.w.org\/{rel}","templated":true}]}}