{"id":2483,"date":"2021-02-22T12:25:33","date_gmt":"2021-02-22T10:25:33","guid":{"rendered":"http:\/\/apsaugos.lt\/?product=import-placeholder-for-4038"},"modified":"2021-02-22T12:25:37","modified_gmt":"2021-02-22T10:25:37","slug":"belaidis-judesio-jutiklis-ewp3","status":"publish","type":"product","link":"https:\/\/apsaugos.lt\/?product=belaidis-judesio-jutiklis-ewp3","title":{"rendered":"Belaidis judesio jutiklis EWP3"},"content":{"rendered":"<table border=\"1\" width=\"325\">\n<tbody>\n<tr>\n<td>Baterijos tipas<\/td>\n<td>3V Lithium 1500mAh CR123A type; CR17345 (IEC) \/ 5018LC (ANSI\/NEDA)<\/td>\n<\/tr>\n<tr>\n<td>Baterij\u0173 skai\u010dius<\/td>\n<td>2<\/td>\n<\/tr>\n<tr>\n<td>Baterij\u0173 tarnavimo trukm\u0117<\/td>\n<td>Iki 3 met\u0173\u00a0(\u0160is laikotarpis gali skirtis, atsi\u017evelgiant \u012f naudojimo s\u0105lygas.)<\/td>\n<\/tr>\n<tr>\n<td>Belaid\u017eio ry\u0161io da\u017eni\u0173 juosta<\/td>\n<td>ISM868 arba ISM915\u00a0(Priklauso nuo regiono.)<\/td>\n<\/tr>\n<tr>\n<td>Belaid\u017eio ry\u0161io atstumas<\/td>\n<td>Iki\u00a030m patalpose;\u00a0iki 3000m (~9843ft) atvirose erdv\u0117se<\/td>\n<\/tr>\n<tr>\n<td>Aptikimo kampas<\/td>\n<td>\u00a090 \u00b0<\/td>\n<\/tr>\n<tr>\n<td>Darbo temperat\u016bra<\/td>\n<td>-10\u2026+55 \u00b0C<\/td>\n<\/tr>\n<tr>\n<td>Oro dr\u0117gm\u0117<\/td>\n<td>0-90% RH @ 0\u2026 +40\u00b0C (0-90% RH @ +32\u2026 +104\u00b0F) (be kondensato)<\/td>\n<\/tr>\n<tr>\n<td>Matmenys<\/td>\n<td>124x67x58mm<\/td>\n<\/tr>\n<tr>\n<td>Suderinamumas su apsaugos sistemomis<\/td>\n<td>ELDES wireless<\/td>\n<\/tr>\n<\/tbody>\n<\/table>\n","protected":false},"excerpt":{"rendered":"<p>Baterijos tipas 3V Lithium 1500mAh CR123A type; CR17345 (IEC) \/ 5018LC (ANSI\/NEDA) Baterij\u0173 skai\u010dius 2 Baterij\u0173 tarnavimo trukm\u0117 Iki 3 met\u0173\u00a0(\u0160is laikotarpis gali skirtis, atsi\u017evelgiant \u012f naudojimo s\u0105lygas.) Belaid\u017eio ry\u0161io da\u017eni\u0173 juosta ISM868 arba ISM915\u00a0(Priklauso nuo regiono.) Belaid\u017eio ry\u0161io atstumas Iki\u00a030m patalpose;\u00a0iki 3000m (~9843ft) atvirose erdv\u0117se Aptikimo kampas \u00a090 \u00b0 Darbo temperat\u016bra -10\u2026+55 \u00b0C Oro [&hellip;]<\/p>\n","protected":false},"featured_media":606,"comment_status":"closed","ping_status":"closed","template":"","meta":[],"product_brand":[],"product_cat":[144],"product_tag":[107],"class_list":{"0":"post-2483","1":"product","2":"type-product","3":"status-publish","4":"has-post-thumbnail","6":"product_cat-eldes-produkcija","7":"product_tag-eldes","9":"first","10":"instock","11":"shipping-taxable","12":"purchasable","13":"product-type-simple"},"jetpack_sharing_enabled":true,"_links":{"self":[{"href":"https:\/\/apsaugos.lt\/index.php?rest_route=\/wp\/v2\/product\/2483","targetHints":{"allow":["GET"]}}],"collection":[{"href":"https:\/\/apsaugos.lt\/index.php?rest_route=\/wp\/v2\/product"}],"about":[{"href":"https:\/\/apsaugos.lt\/index.php?rest_route=\/wp\/v2\/types\/product"}],"replies":[{"embeddable":true,"href":"https:\/\/apsaugos.lt\/index.php?rest_route=%2Fwp%2Fv2%2Fcomments&post=2483"}],"wp:featuredmedia":[{"embeddable":true,"href":"https:\/\/apsaugos.lt\/index.php?rest_route=\/wp\/v2\/media\/606"}],"wp:attachment":[{"href":"https:\/\/apsaugos.lt\/index.php?rest_route=%2Fwp%2Fv2%2Fmedia&parent=2483"}],"wp:term":[{"taxonomy":"product_brand","embeddable":true,"href":"https:\/\/apsaugos.lt\/index.php?rest_route=%2Fwp%2Fv2%2Fproduct_brand&post=2483"},{"taxonomy":"product_cat","embeddable":true,"href":"https:\/\/apsaugos.lt\/index.php?rest_route=%2Fwp%2Fv2%2Fproduct_cat&post=2483"},{"taxonomy":"product_tag","embeddable":true,"href":"https:\/\/apsaugos.lt\/index.php?rest_route=%2Fwp%2Fv2%2Fproduct_tag&post=2483"}],"curies":[{"name":"wp","href":"https:\/\/api.w.org\/{rel}","templated":true}]}}