{"id":2484,"date":"2021-02-22T12:25:33","date_gmt":"2021-02-22T10:25:33","guid":{"rendered":"http:\/\/apsaugos.lt\/?product=import-placeholder-for-4040"},"modified":"2021-02-22T12:25:37","modified_gmt":"2021-02-22T10:25:37","slug":"belaide-klaviatura-ewkb4","status":"publish","type":"product","link":"https:\/\/apsaugos.lt\/?product=belaide-klaviatura-ewkb4","title":{"rendered":"Belaid\u0117 klaviat\u016bra EWKB4"},"content":{"rendered":"<table border=\"1\" width=\"325\">\n<tbody>\n<tr>\n<td>Baterijos tipas<\/td>\n<td>1,5V Lithium AA type FR6 (IEC) \/ 15LF (ANSI\/NEDA) or 1,5V Alkaline AA type LR6 (IEC) \/ 15A (ANSI\/NEDA)<\/td>\n<\/tr>\n<tr>\n<td>Baterij\u0173 skai\u010dius<\/td>\n<td>3<\/td>\n<\/tr>\n<tr>\n<td>Baterijos tarnavimo trukm\u0117<\/td>\n<td>Up to 72 months (Lithium battery)* or up to 48 months (Alkaline battery) (This operating time may vary in difference conditions)<\/td>\n<\/tr>\n<tr>\n<td>Belaid\u017eio ry\u0161io da\u017eni\u0173 juosta<\/td>\n<td>ISM868 or ISM915 (Depends on region)<\/td>\n<\/tr>\n<tr>\n<td>Darbo temperat\u016bra<\/td>\n<td>-10\u2026+55\u00b0C<\/td>\n<\/tr>\n<tr>\n<td>Belaid\u017eio ry\u0161io atstumas<\/td>\n<td>Up to 30m in premises; up to 1000m in open areas<\/td>\n<\/tr>\n<tr>\n<td>I\u0161matavimai<\/td>\n<td>145\u00d780\u00d729mm<\/td>\n<\/tr>\n<tr>\n<td>Suderinamumas su apsaugos sistemomis<\/td>\n<td>ELDES Wireless<\/td>\n<\/tr>\n<\/tbody>\n<\/table>\n","protected":false},"excerpt":{"rendered":"<p>EWKB4 \u2013 tai belaid\u0117 klaviat\u016bra, suderinama su ELDES apsaugos sistemomis. \u0160i klaviat\u016bra turi 16 klavi\u0161\u0173, 18 LED indikatori\u0173 ir integruot\u0105 mini signalizatori\u0173 garsinei indikacijai skleisti.<\/p>\n","protected":false},"featured_media":607,"comment_status":"closed","ping_status":"closed","template":"","meta":[],"product_brand":[],"product_cat":[144],"product_tag":[107],"class_list":{"0":"post-2484","1":"product","2":"type-product","3":"status-publish","4":"has-post-thumbnail","6":"product_cat-eldes-produkcija","7":"product_tag-eldes","9":"first","10":"instock","11":"shipping-taxable","12":"purchasable","13":"product-type-simple"},"jetpack_sharing_enabled":true,"_links":{"self":[{"href":"https:\/\/apsaugos.lt\/index.php?rest_route=\/wp\/v2\/product\/2484","targetHints":{"allow":["GET"]}}],"collection":[{"href":"https:\/\/apsaugos.lt\/index.php?rest_route=\/wp\/v2\/product"}],"about":[{"href":"https:\/\/apsaugos.lt\/index.php?rest_route=\/wp\/v2\/types\/product"}],"replies":[{"embeddable":true,"href":"https:\/\/apsaugos.lt\/index.php?rest_route=%2Fwp%2Fv2%2Fcomments&post=2484"}],"wp:featuredmedia":[{"embeddable":true,"href":"https:\/\/apsaugos.lt\/index.php?rest_route=\/wp\/v2\/media\/607"}],"wp:attachment":[{"href":"https:\/\/apsaugos.lt\/index.php?rest_route=%2Fwp%2Fv2%2Fmedia&parent=2484"}],"wp:term":[{"taxonomy":"product_brand","embeddable":true,"href":"https:\/\/apsaugos.lt\/index.php?rest_route=%2Fwp%2Fv2%2Fproduct_brand&post=2484"},{"taxonomy":"product_cat","embeddable":true,"href":"https:\/\/apsaugos.lt\/index.php?rest_route=%2Fwp%2Fv2%2Fproduct_cat&post=2484"},{"taxonomy":"product_tag","embeddable":true,"href":"https:\/\/apsaugos.lt\/index.php?rest_route=%2Fwp%2Fv2%2Fproduct_tag&post=2484"}],"curies":[{"name":"wp","href":"https:\/\/api.w.org\/{rel}","templated":true}]}}