{"id":2485,"date":"2021-02-22T12:25:33","date_gmt":"2021-02-22T10:25:33","guid":{"rendered":"http:\/\/apsaugos.lt\/?product=import-placeholder-for-4042"},"modified":"2021-02-22T12:25:37","modified_gmt":"2021-02-22T10:25:37","slug":"bevielio-rysio-prapletejas-ewr2","status":"publish","type":"product","link":"https:\/\/apsaugos.lt\/?product=bevielio-rysio-prapletejas-ewr2","title":{"rendered":"Bevielio ry\u0161io prapl\u0117t\u0117jas EWR2"},"content":{"rendered":"<table border=\"1\" cellspacing=\"2\" cellpadding=\"2\">\n<tbody>\n<tr>\n<td>Maitinimas<\/td>\n<td>DC 9-15V; 300mA, jei neprijungti papildomi prietaisai<\/td>\n<\/tr>\n<tr>\n<td>Atsargin\u0117s baterijos<\/td>\n<td>3 \u012fkraunamos; NiMH 1.2V AA &gt;2000mAh<\/td>\n<\/tr>\n<tr>\n<td>Baterij\u0173 veikimo trukm\u0117<\/td>\n<td>iki 48 val. (gali skirtis, atsi\u017evelgiant \u012f naudojimo s\u0105lygas)<\/td>\n<\/tr>\n<tr>\n<td>Zon\u0173 skai\u010dius<\/td>\n<td>2<\/td>\n<\/tr>\n<tr>\n<td>Belaid\u017eio ry\u0161io da\u017enis<\/td>\n<td>868 Mhz<\/td>\n<\/tr>\n<tr>\n<td>Belaid\u017eio ry\u0161io atstumas<\/td>\n<td>Iki 30 metr\u0173 patalpose; iki 150 metr\u0173 atvirose erdv\u0117se<\/td>\n<\/tr>\n<tr>\n<td>Sabota\u017eo jungikliai<\/td>\n<td>2<\/td>\n<\/tr>\n<tr>\n<td>Darbo temperat\u016bros diapozonas<\/td>\n<td>-20&#8230;+55\u00baC<\/td>\n<\/tr>\n<tr>\n<td>Oro dr\u0117gm\u0117<\/td>\n<td>0-90% RH @ 0&#8230; +40 \u00b0C (be kondensacijos)<\/td>\n<\/tr>\n<tr>\n<td>Suderinamumas su apsaugos sistemomis<\/td>\n<td>ELDES Wireless<\/td>\n<\/tr>\n<tr>\n<td>Matmenys<\/td>\n<td>94x137x25mm<\/td>\n<\/tr>\n<\/tbody>\n<\/table>\n","protected":false},"excerpt":{"rendered":"<p>Belaidis prietaisas EWR2 ple\u010dia belaid\u017eio signalo diapazon\u0105 tarp ELDES apsaugos sistem\u0173 ESIM364, EPIR3 ir belaid\u017ei\u0173 \u012frengini\u0173. LED indikatorius, esantis prietaise, parodo s\u0117kming\u0105 duomen\u0173 perdavim\u0105 apsaugos sistemai. EWR2 komplekte yra vidaus ir i\u0161or\u0117s antenos, kurios persijungia automati\u0161kai. Prietaise taip pat \u012fdiegta baterij\u0173 indikacija, parodanti, ar baterijos \u012fd\u0117tos teisingai. EWR2 lengva susieti su ESIM364 ir EPIR3 naudojant Eldes Configuration Tool program\u0105 arba siun\u010diant SMS \u017einut\u0119 apsaugos sistemai. Eldes apsaugos sistemos palaiko keturis EWR2 praplet\u0117jus. Prie EWR2 galima prijungti iki 32 bevieli\u0173 \u012frengini\u0173, pavyzd\u017eiui: siren\u0173, d\u016bm\u0173 jutikli\u0173, dur\u0173 kontakt\u0173.<\/p>\n","protected":false},"featured_media":608,"comment_status":"closed","ping_status":"closed","template":"","meta":[],"product_brand":[],"product_cat":[144],"product_tag":[107],"class_list":{"0":"post-2485","1":"product","2":"type-product","3":"status-publish","4":"has-post-thumbnail","6":"product_cat-eldes-produkcija","7":"product_tag-eldes","9":"first","10":"instock","11":"shipping-taxable","12":"purchasable","13":"product-type-simple"},"jetpack_sharing_enabled":true,"_links":{"self":[{"href":"https:\/\/apsaugos.lt\/index.php?rest_route=\/wp\/v2\/product\/2485","targetHints":{"allow":["GET"]}}],"collection":[{"href":"https:\/\/apsaugos.lt\/index.php?rest_route=\/wp\/v2\/product"}],"about":[{"href":"https:\/\/apsaugos.lt\/index.php?rest_route=\/wp\/v2\/types\/product"}],"replies":[{"embeddable":true,"href":"https:\/\/apsaugos.lt\/index.php?rest_route=%2Fwp%2Fv2%2Fcomments&post=2485"}],"wp:featuredmedia":[{"embeddable":true,"href":"https:\/\/apsaugos.lt\/index.php?rest_route=\/wp\/v2\/media\/608"}],"wp:attachment":[{"href":"https:\/\/apsaugos.lt\/index.php?rest_route=%2Fwp%2Fv2%2Fmedia&parent=2485"}],"wp:term":[{"taxonomy":"product_brand","embeddable":true,"href":"https:\/\/apsaugos.lt\/index.php?rest_route=%2Fwp%2Fv2%2Fproduct_brand&post=2485"},{"taxonomy":"product_cat","embeddable":true,"href":"https:\/\/apsaugos.lt\/index.php?rest_route=%2Fwp%2Fv2%2Fproduct_cat&post=2485"},{"taxonomy":"product_tag","embeddable":true,"href":"https:\/\/apsaugos.lt\/index.php?rest_route=%2Fwp%2Fv2%2Fproduct_tag&post=2485"}],"curies":[{"name":"wp","href":"https:\/\/api.w.org\/{rel}","templated":true}]}}