{"id":2486,"date":"2021-02-22T12:25:34","date_gmt":"2021-02-22T10:25:34","guid":{"rendered":"http:\/\/apsaugos.lt\/?product=import-placeholder-for-4044"},"modified":"2021-02-22T12:25:37","modified_gmt":"2021-02-22T10:25:37","slug":"belaide-lauko-sirena-ews2","status":"publish","type":"product","link":"https:\/\/apsaugos.lt\/?product=belaide-lauko-sirena-ews2","title":{"rendered":"Belaid\u0117 lauko sirena EWS2"},"content":{"rendered":"<ul>\n<li>\n<div>Maitinimo \u012ftampa:\u00a0\u00a01,5V Alkaline AA tipo (4 vnt.)<\/div>\n<\/li>\n<li>\n<div>Zon\u0173 skai\u010dius:\u00a0\u00a02<\/div>\n<\/li>\n<li>\n<div>I\u0161\u0117jim\u0173 skai\u010dius: 2<\/div>\n<\/li>\n<li>\n<div>Duomen\u0173 perdavimo da\u017enis: 866.1 MHz &#8211; 869.5 MHz<\/div>\n<\/li>\n<li>\n<div>Darbinis temperat\u016br\u0173 diapazonas: -20&#8230;+55\u00b0C<\/div>\n<\/li>\n<li>\n<div>Skaitmeninio \u012f\u0117jimo leistin\u0173 \u012ftamp\u0173 reik\u0161m\u0117s: 0-30V<\/div>\n<\/li>\n<li>\n<div>I\u0161\u0117jim\u0173 maksimalios komutuojamos reik\u0161m\u0117s: 500mA; 30V<\/div>\n<\/li>\n<li>\n<div>Maksimalus belaid\u017eio ry\u0161io palaikomas atstumas: iki 30m patalpose; iki 150m in atvirose vietose<\/div>\n<\/li>\n<li>\n<div>Suderinamas su apsaugos sistemomis: ESIM264; EPIR; ESIM364<\/div>\n<\/li>\n<\/ul>\n","protected":false},"excerpt":{"rendered":"<p>Belaid\u0117 lauko sirena EWS2 yra\u00a0baterijomis maitinama sirena su integruotu belaid\u017eiu moduliu EW1. \u0160is modulis EW1 belaid\u017eiu ry\u0161iu jungiasi prie ELDES belaid\u017ei\u0173 apsaugos sistem\u0173 ir valdo siren\u0105. Vartotojui tereikia aktyvuoti modulio EW1 ry\u0161\u012f su centrine sistema (SMS \u017einute arba su programine \u012franga) ir sukonfig\u016bruoti \u012f\u0117jimo zonas ir i\u0161\u0117jimus. Prijungti \u012frenginiai atpa\u017e\u012fstami kaip centrin\u0117s apsaugos sistemos zonos ar valdikliai ir tampa vartotojui pasiekiami sistemos telefono numeriu. Sirena turi integruot\u0105 baterij\u0105, tod\u0117l dingus maitinimo \u0161altiniui pradeda aliarmuoti. Sutrikd\u017eius sistem\u0105, aliarmas t\u0119siasi vien\u0105 minut\u0119. Belaidis modulis EW1 taip pat turi vien\u0105 nepanaudot\u0105 zon\u0105 ir vien\u0105 nepanaudot\u0105 i\u0161\u0117jim\u0105. Jie gali b\u016bti naudojami prijungti \u012fvairiems papildomiems \u012frenginiams, pvz.: judesio davikliams, d\u016bm\u0173 davikliams ir kitokiems valdikliams.<\/p>\n","protected":false},"featured_media":609,"comment_status":"closed","ping_status":"closed","template":"","meta":[],"product_brand":[],"product_cat":[144],"product_tag":[107],"class_list":{"0":"post-2486","1":"product","2":"type-product","3":"status-publish","4":"has-post-thumbnail","6":"product_cat-eldes-produkcija","7":"product_tag-eldes","9":"first","10":"instock","11":"shipping-taxable","12":"purchasable","13":"product-type-simple"},"jetpack_sharing_enabled":true,"_links":{"self":[{"href":"https:\/\/apsaugos.lt\/index.php?rest_route=\/wp\/v2\/product\/2486","targetHints":{"allow":["GET"]}}],"collection":[{"href":"https:\/\/apsaugos.lt\/index.php?rest_route=\/wp\/v2\/product"}],"about":[{"href":"https:\/\/apsaugos.lt\/index.php?rest_route=\/wp\/v2\/types\/product"}],"replies":[{"embeddable":true,"href":"https:\/\/apsaugos.lt\/index.php?rest_route=%2Fwp%2Fv2%2Fcomments&post=2486"}],"wp:featuredmedia":[{"embeddable":true,"href":"https:\/\/apsaugos.lt\/index.php?rest_route=\/wp\/v2\/media\/609"}],"wp:attachment":[{"href":"https:\/\/apsaugos.lt\/index.php?rest_route=%2Fwp%2Fv2%2Fmedia&parent=2486"}],"wp:term":[{"taxonomy":"product_brand","embeddable":true,"href":"https:\/\/apsaugos.lt\/index.php?rest_route=%2Fwp%2Fv2%2Fproduct_brand&post=2486"},{"taxonomy":"product_cat","embeddable":true,"href":"https:\/\/apsaugos.lt\/index.php?rest_route=%2Fwp%2Fv2%2Fproduct_cat&post=2486"},{"taxonomy":"product_tag","embeddable":true,"href":"https:\/\/apsaugos.lt\/index.php?rest_route=%2Fwp%2Fv2%2Fproduct_tag&post=2486"}],"curies":[{"name":"wp","href":"https:\/\/api.w.org\/{rel}","templated":true}]}}