{"id":2487,"date":"2021-02-22T12:25:34","date_gmt":"2021-02-22T10:25:34","guid":{"rendered":"http:\/\/apsaugos.lt\/?product=import-placeholder-for-4048"},"modified":"2021-02-22T12:25:37","modified_gmt":"2021-02-22T10:25:37","slug":"optex-smugio-jutiklis-vibro","status":"publish","type":"product","link":"https:\/\/apsaugos.lt\/?product=optex-smugio-jutiklis-vibro","title":{"rendered":"Optex sm\u016bgio jutiklis VIBRO"},"content":{"rendered":"<ul>\n<li>Didelio jautrumo pjezoelektrinis sensorius;<\/li>\n<li>Pasirenkamas jautrumo lygis;<\/li>\n<li>&#8222;Apmokymo&#8221; funkcija;<\/li>\n<li>Saugomas plotas iki 3,5m spinduliu;<\/li>\n<li>Sabota\u017eo jutikis, \u012fprastai u\u017edaras (NC, 24V 0,15A);<\/li>\n<li>Maitinimas DC 9-16V;<\/li>\n<li>Naudojimo temperat\u016bra -20\u00b0C iki +50\u00b0 C;<\/li>\n<li>Matmenys: 93 x 24 x 25 mm.<\/li>\n<\/ul>\n","protected":false},"excerpt":{"rendered":"<p>Optex sm\u016bgio jutiklis VIBRO<\/p>\n","protected":false},"featured_media":610,"comment_status":"closed","ping_status":"closed","template":"","meta":[],"product_brand":[],"product_cat":[147],"product_tag":[148],"class_list":{"0":"post-2487","1":"product","2":"type-product","3":"status-publish","4":"has-post-thumbnail","6":"product_cat-smugio-jutikliai","7":"product_tag-optex","9":"first","10":"instock","11":"shipping-taxable","12":"purchasable","13":"product-type-simple"},"jetpack_sharing_enabled":true,"_links":{"self":[{"href":"https:\/\/apsaugos.lt\/index.php?rest_route=\/wp\/v2\/product\/2487","targetHints":{"allow":["GET"]}}],"collection":[{"href":"https:\/\/apsaugos.lt\/index.php?rest_route=\/wp\/v2\/product"}],"about":[{"href":"https:\/\/apsaugos.lt\/index.php?rest_route=\/wp\/v2\/types\/product"}],"replies":[{"embeddable":true,"href":"https:\/\/apsaugos.lt\/index.php?rest_route=%2Fwp%2Fv2%2Fcomments&post=2487"}],"wp:featuredmedia":[{"embeddable":true,"href":"https:\/\/apsaugos.lt\/index.php?rest_route=\/wp\/v2\/media\/610"}],"wp:attachment":[{"href":"https:\/\/apsaugos.lt\/index.php?rest_route=%2Fwp%2Fv2%2Fmedia&parent=2487"}],"wp:term":[{"taxonomy":"product_brand","embeddable":true,"href":"https:\/\/apsaugos.lt\/index.php?rest_route=%2Fwp%2Fv2%2Fproduct_brand&post=2487"},{"taxonomy":"product_cat","embeddable":true,"href":"https:\/\/apsaugos.lt\/index.php?rest_route=%2Fwp%2Fv2%2Fproduct_cat&post=2487"},{"taxonomy":"product_tag","embeddable":true,"href":"https:\/\/apsaugos.lt\/index.php?rest_route=%2Fwp%2Fv2%2Fproduct_tag&post=2487"}],"curies":[{"name":"wp","href":"https:\/\/api.w.org\/{rel}","templated":true}]}}