{"id":2491,"date":"2021-02-22T12:25:34","date_gmt":"2021-02-22T10:25:34","guid":{"rendered":"http:\/\/apsaugos.lt\/?product=import-placeholder-for-4056"},"modified":"2021-02-22T12:25:38","modified_gmt":"2021-02-22T10:25:38","slug":"foxsec-fs9000","status":"publish","type":"product","link":"https:\/\/apsaugos.lt\/?product=foxsec-fs9000","title":{"rendered":"FoxSec FS9000"},"content":{"rendered":"<ul>\n<li>\n<div>16 zon\u0173 \u012fvestis (galima i\u0161pl\u0117sti iki 240)<\/div>\n<\/li>\n<li>\n<div>iki 240 saugom\u0173 teritorij\u0173<\/div>\n<\/li>\n<li>\n<div>8 programuojamos relin\u0117s i\u0161vestys (24V\/ 5A \/NO\/NC) (galima i\u0161pl\u0117sti iki 240)<\/div>\n<\/li>\n<li>\n<div>1 atskira opti\u0161kai izoliuota duomen\u0173 perdavimo linija iki 48 LED\/LCD klaviat\u016br\u0173 prijungimui<\/div>\n<\/li>\n<li>\n<div>1 atskira opti\u0161kai izoliuota duomen\u0173 perdavimo linija iki 14 16in\/8out i\u0161pl\u0117timo moduli\u0173 prijungimui<\/div>\n<\/li>\n<li>\n<div>2 atskiros opti\u0161kai izoliuotos duomen\u0173 perdavimo linijos RS485 arba RS232 tiesioginiam prijungimui prie kompiuterio, telefono ir GSM (RS232) telefono arba dur\u0173 valdikli\u0173 (iki 31 FS7001, FS7002, FS8001,FS8002) duomen\u0173 perdavimas (RS485)<\/div>\n<\/li>\n<li>\n<div>aliarmas su atsakomojo skambinimo &#8222;data call&#8221; funkcija arba atsarginis (backup) ry\u0161io kanalas<\/div>\n<\/li>\n<li>\n<div>aliarmo skambutis &#8222;alarm call&#8221; apie \u012fvykius, priklausomai nuo nustatyto filtro, iki 4 GSM telefono numeri\u0173<\/div>\n<\/li>\n<li>\n<div>SMS \u017einut\u0117s apie \u012fvykius priklausomai nuo nustatyto filtro<\/div>\n<\/li>\n<li>\n<div>duomen\u0173 perdavimo 10MB Ethernet<\/div>\n<\/li>\n<li>\n<div>vienu metu iki 4 FoxSec NET+ apsauginio monitoringo program\u0173 ir 1 FoxSec Access NET + arba FoxSec Access 1850 \u012f\u0117jimo monitoringo programa<\/div>\n<\/li>\n<li>\n<div>prane\u0161imai elektroniniu pa\u0161tu priklausomai nuo nustatyto filtro<\/div>\n<\/li>\n<li>\n<div>FRAM (Ferroelectric Nonvolatile) technologija pagr\u012fsta atmintis, duomen\u0173 saugojimas garantuojamas 10 met\u0173 net tada, kai sistemos maitinimas i\u0161jungiamas<\/div>\n<\/li>\n<li>\n<div>2880 naudotoj\u0173<\/div>\n<\/li>\n<li>\n<div>pri\u0117jimas tik 4 arba 6 \u017eenkl\u0173 PIN kodu arba PIN kodu ir kortele<\/div>\n<\/li>\n<li>\n<div>pradin\u0117 ir galutin\u0117 pri\u0117jimo data<\/div>\n<\/li>\n<li>\n<div>naudotojui galima duoti iki 19 teritorij\u0173, kuriose pagal nutyl\u0117jim\u0105 i\u0161jungiama ir \u012fjungiama apsaugos signalizacija<\/div>\n<\/li>\n<li>\n<div>64 laiko ir klaviat\u016br\u0173 apribojim\u0173 grup\u0117s . 2500 \u012fvyki\u0173 atmintis<\/div>\n<\/li>\n<li>\n<div>atskira paskutini\u0173 250 aliarm\u0173 atmintis<\/div>\n<\/li>\n<li>\n<div>realaus laiko laikrodis<\/div>\n<\/li>\n<li>\n<div>&#8211;\u00a0 iki 48 vienkartini\u0173 arba pasikartojan\u010di\u0173 \u0161ven\u010di\u0173<\/div>\n<\/li>\n<li>\n<div>&#8211;\u00a0 iki 80 vien\u0105 kart\u0105 arba periodi\u0161kai nustatom\u0173 program\u0173<\/div>\n<\/li>\n<li>\n<div>metalinis korpusas 450 x 450 x 140<\/div>\n<\/li>\n<li>\n<div>maitinimo blokas 12VDC, 3A<\/div>\n<\/li>\n<li>\n<div>akumuliatoriaus \u012fkrovimas<\/div>\n<\/li>\n<\/ul>\n","protected":false},"excerpt":{"rendered":"<p>Apsaugos sistemos centrinis \u012ftaisas FS9000 turi 16 zon\u0173 \u012fvest\u012f ir iki 8 programuojam\u0173 relini\u0173 i\u0161ves\u010di\u0173. Sistem\u0105 galima i\u0161pl\u0117sti i\u0161pl\u0117timo moduli\u0173 FS9116 pagalba iki 240 zon\u0173 (16 zon\u0173 \u012fvestis, iki 8 programuojam\u0173 relini\u0173 i\u0161ves\u010di\u0173), be to, kiekvienai zonai galima atskirai duoti tiek \u012f\u0117jim\u0105, tiek ir iki 1-128 sek. i\u0161\u0117jim\u0105 ir nustatyti iki 240 saugom\u0173 teritorij\u0173. \u012evairioms papildomoms funkcijoms atlikti sistema leid\u017eia iki 240 relini\u0173 i\u0161ves\u010di\u0173 u\u017eprogramavim\u0105. Kasdienin\u0117ms operacijoms atlikti (apsaugos signalizacijos \u012fjungimas ir i\u0161jungimas) yra skirtos FS9500LCD arba FS9600LED klaviat\u016bros. Prie vieno centrinio \u012ftaiso galima prijungti iki 48 klaviat\u016br\u0173. Kiekvienos LCD klaviat\u016bros meniu \u012fmanoma konfig\u016bruoti atskirai. B\u016bdamas centrinio \u012ftaiso pagrindine duomen\u0173 linija, Ethernet leid\u017eia sukurti ry\u0161\u012f su visu pasauliu ir \u012f viening\u0105 sistem\u0105 sujungti iki 25-os centrini\u0173 \u012ftais\u0173.<\/p>\n","protected":false},"featured_media":614,"comment_status":"closed","ping_status":"closed","template":"","meta":[],"product_brand":[],"product_cat":[150],"product_tag":[151],"class_list":{"0":"post-2491","1":"product","2":"type-product","3":"status-publish","4":"has-post-thumbnail","6":"product_cat-foxsec-centrales","7":"product_tag-foxsec","9":"first","10":"instock","11":"shipping-taxable","12":"purchasable","13":"product-type-simple"},"jetpack_sharing_enabled":true,"_links":{"self":[{"href":"https:\/\/apsaugos.lt\/index.php?rest_route=\/wp\/v2\/product\/2491","targetHints":{"allow":["GET"]}}],"collection":[{"href":"https:\/\/apsaugos.lt\/index.php?rest_route=\/wp\/v2\/product"}],"about":[{"href":"https:\/\/apsaugos.lt\/index.php?rest_route=\/wp\/v2\/types\/product"}],"replies":[{"embeddable":true,"href":"https:\/\/apsaugos.lt\/index.php?rest_route=%2Fwp%2Fv2%2Fcomments&post=2491"}],"wp:featuredmedia":[{"embeddable":true,"href":"https:\/\/apsaugos.lt\/index.php?rest_route=\/wp\/v2\/media\/614"}],"wp:attachment":[{"href":"https:\/\/apsaugos.lt\/index.php?rest_route=%2Fwp%2Fv2%2Fmedia&parent=2491"}],"wp:term":[{"taxonomy":"product_brand","embeddable":true,"href":"https:\/\/apsaugos.lt\/index.php?rest_route=%2Fwp%2Fv2%2Fproduct_brand&post=2491"},{"taxonomy":"product_cat","embeddable":true,"href":"https:\/\/apsaugos.lt\/index.php?rest_route=%2Fwp%2Fv2%2Fproduct_cat&post=2491"},{"taxonomy":"product_tag","embeddable":true,"href":"https:\/\/apsaugos.lt\/index.php?rest_route=%2Fwp%2Fv2%2Fproduct_tag&post=2491"}],"curies":[{"name":"wp","href":"https:\/\/api.w.org\/{rel}","templated":true}]}}