{"id":2494,"date":"2021-02-22T12:25:34","date_gmt":"2021-02-22T10:25:34","guid":{"rendered":"http:\/\/apsaugos.lt\/?product=import-placeholder-for-4061"},"modified":"2021-02-22T12:25:38","modified_gmt":"2021-02-22T10:25:38","slug":"foxsec-fs9108-2","status":"publish","type":"product","link":"https:\/\/apsaugos.lt\/?product=foxsec-fs9108-2","title":{"rendered":"FoxSec FS9108\/2"},"content":{"rendered":"<ul>\n<li>8 zon\u0173 i\u0161\u0117jimas<\/li>\n<li>2\u00a0programuojami reliniai i\u0161\u0117jimai (24V\/ 5A \/NO\/NC)<\/li>\n<li>plastikinis korpusas be maitinimo \u0161altinio<\/li>\n<\/ul>\n","protected":false},"excerpt":{"rendered":"<p>Sistem\u0105 galima i\u0161pl\u0117sti i\u0161pl\u0117timo moduli\u0173 FS9108 pagalba iki 240 zon\u0173 (8 zon\u0173 \u012fvestis, iki 8 programuojam\u0173 relini\u0173 i\u0161ves\u010di\u0173), be to, kiekvienai zonai galima atskirai duoti tiek \u012f\u0117jim\u0105, tiek ir iki 1-128 sek. i\u0161\u0117jim\u0105 ir nustatyti iki 240 saugom\u0173 teritorij\u0173. \u012evairioms papildomoms funkcijoms atlikti sistema leid\u017eia iki 240 relini\u0173 i\u0161ves\u010di\u0173 u\u017eprogramavim\u0105.<\/p>\n","protected":false},"featured_media":615,"comment_status":"closed","ping_status":"closed","template":"","meta":[],"product_brand":[],"product_cat":[150],"product_tag":[151],"class_list":{"0":"post-2494","1":"product","2":"type-product","3":"status-publish","4":"has-post-thumbnail","6":"product_cat-foxsec-centrales","7":"product_tag-foxsec","9":"first","10":"instock","11":"shipping-taxable","12":"purchasable","13":"product-type-simple"},"jetpack_sharing_enabled":true,"_links":{"self":[{"href":"https:\/\/apsaugos.lt\/index.php?rest_route=\/wp\/v2\/product\/2494","targetHints":{"allow":["GET"]}}],"collection":[{"href":"https:\/\/apsaugos.lt\/index.php?rest_route=\/wp\/v2\/product"}],"about":[{"href":"https:\/\/apsaugos.lt\/index.php?rest_route=\/wp\/v2\/types\/product"}],"replies":[{"embeddable":true,"href":"https:\/\/apsaugos.lt\/index.php?rest_route=%2Fwp%2Fv2%2Fcomments&post=2494"}],"wp:featuredmedia":[{"embeddable":true,"href":"https:\/\/apsaugos.lt\/index.php?rest_route=\/wp\/v2\/media\/615"}],"wp:attachment":[{"href":"https:\/\/apsaugos.lt\/index.php?rest_route=%2Fwp%2Fv2%2Fmedia&parent=2494"}],"wp:term":[{"taxonomy":"product_brand","embeddable":true,"href":"https:\/\/apsaugos.lt\/index.php?rest_route=%2Fwp%2Fv2%2Fproduct_brand&post=2494"},{"taxonomy":"product_cat","embeddable":true,"href":"https:\/\/apsaugos.lt\/index.php?rest_route=%2Fwp%2Fv2%2Fproduct_cat&post=2494"},{"taxonomy":"product_tag","embeddable":true,"href":"https:\/\/apsaugos.lt\/index.php?rest_route=%2Fwp%2Fv2%2Fproduct_tag&post=2494"}],"curies":[{"name":"wp","href":"https:\/\/api.w.org\/{rel}","templated":true}]}}