{"id":2496,"date":"2021-02-22T12:25:40","date_gmt":"2021-02-22T10:25:40","guid":{"rendered":"http:\/\/apsaugos.lt\/?product=import-placeholder-for-4065"},"modified":"2021-02-22T12:25:42","modified_gmt":"2021-02-22T10:25:42","slug":"paradox-dgp-acm-12","status":"publish","type":"product","link":"https:\/\/apsaugos.lt\/?product=paradox-dgp-acm-12","title":{"rendered":"PARADOX DGP ACM-12"},"content":{"rendered":"<ul>\n<li>Aktyvavimas naudojant kortel\u0119 ir\/arba pin kod\u0105 (R915)<\/li>\n<li>Kontroliuoja 1 duris (korteli\u0173 skaitytuvus, REX, dur\u0173 kontakt\u0105 ir spynos i\u0161\u0117jimas)<\/li>\n<li>Jungiasi tik 4 laidais tarp skaitytuvo ir ACM12 modupio kai naudojamas R910 arba R915 skaitytuvai<\/li>\n<li>Mikroprogramin\u0117s \u012frangos atnaujinias per CONV4USB jungty ir WinLoad program\u0105<\/li>\n<li>Automatinio atrakinimo tvarkara\u0161tis<\/li>\n<li>Ne\u017edaryt\u0173 dur\u0173 ir prievart\u0105 atidarom\u0173 dur\u0173 nustatymai<\/li>\n<li>Dur\u0173 u\u017edarymo ir ple\u010diamas v\u0117linimo taimeris<\/li>\n<li>Dur\u0173 atidarymas ramkiniu b\u016bdu ,ygtuku arba PGM Dur\u0173 atidarymas gaisro atveju<\/li>\n<li>Mygtuko paspaudimu aktyvuoja &#8211; deaktyvuoja sistem\u0105 naudojant &#8222;Auxiliary&#8221; i\u0161\u0117jim\u0105<\/li>\n<li>Palaiko 4-laid\u0173 ir 26-bit Wiegand formato korteli\u0173 skaitytuvus<\/li>\n<li>Matmenys 20cm x 25.5cm x 7.6cm<\/li>\n<\/ul>\n","protected":false},"excerpt":{"rendered":"<p>DGP-ACM12 vieneri\u0173 dur\u0173 pra\u0117jimo kontrol\u0117s modulis<\/p>\n","protected":false},"featured_media":616,"comment_status":"closed","ping_status":"closed","template":"","meta":[],"product_brand":[],"product_cat":[152],"product_tag":[116],"class_list":{"0":"post-2496","1":"product","2":"type-product","3":"status-publish","4":"has-post-thumbnail","6":"product_cat-paradox-ieigos-kontrole","7":"product_tag-paradox","9":"first","10":"instock","11":"shipping-taxable","12":"purchasable","13":"product-type-simple"},"jetpack_sharing_enabled":true,"_links":{"self":[{"href":"https:\/\/apsaugos.lt\/index.php?rest_route=\/wp\/v2\/product\/2496","targetHints":{"allow":["GET"]}}],"collection":[{"href":"https:\/\/apsaugos.lt\/index.php?rest_route=\/wp\/v2\/product"}],"about":[{"href":"https:\/\/apsaugos.lt\/index.php?rest_route=\/wp\/v2\/types\/product"}],"replies":[{"embeddable":true,"href":"https:\/\/apsaugos.lt\/index.php?rest_route=%2Fwp%2Fv2%2Fcomments&post=2496"}],"wp:featuredmedia":[{"embeddable":true,"href":"https:\/\/apsaugos.lt\/index.php?rest_route=\/wp\/v2\/media\/616"}],"wp:attachment":[{"href":"https:\/\/apsaugos.lt\/index.php?rest_route=%2Fwp%2Fv2%2Fmedia&parent=2496"}],"wp:term":[{"taxonomy":"product_brand","embeddable":true,"href":"https:\/\/apsaugos.lt\/index.php?rest_route=%2Fwp%2Fv2%2Fproduct_brand&post=2496"},{"taxonomy":"product_cat","embeddable":true,"href":"https:\/\/apsaugos.lt\/index.php?rest_route=%2Fwp%2Fv2%2Fproduct_cat&post=2496"},{"taxonomy":"product_tag","embeddable":true,"href":"https:\/\/apsaugos.lt\/index.php?rest_route=%2Fwp%2Fv2%2Fproduct_tag&post=2496"}],"curies":[{"name":"wp","href":"https:\/\/api.w.org\/{rel}","templated":true}]}}