{"id":2498,"date":"2021-02-22T12:25:40","date_gmt":"2021-02-22T10:25:40","guid":{"rendered":"http:\/\/apsaugos.lt\/?product=import-placeholder-for-4069"},"modified":"2021-02-22T12:25:43","modified_gmt":"2021-02-22T10:25:43","slug":"paradox-dgp-r910","status":"publish","type":"product","link":"https:\/\/apsaugos.lt\/?product=paradox-dgp-r910","title":{"rendered":"PARADOX DGP-R910"},"content":{"rendered":"<ul>\n<li>M\u0117lynos spalvos ap\u0161vietimas;<\/li>\n<li>Ypatingai atsparus lauko s\u0105lygoms;<\/li>\n<li>Nuskaitymo atstumas su ISO kortele iki 10cm;<\/li>\n<li>Wiegand, ABA ir kiti duomen\u0173 formatai.<\/li>\n<li>Trispalvis LED indikatorius:<\/li>\n<li>Progresyvi greito nuskaitymo technologija;<\/li>\n<li>Dailus dizainas;<\/li>\n<li>150 X 53 X 25mm<\/li>\n<\/ul>\n","protected":false},"excerpt":{"rendered":"<p>\u012eeigos kontrol\u0117s atstuminis korteli\u0173 skaitytuvas<\/p>\n","protected":false},"featured_media":618,"comment_status":"closed","ping_status":"closed","template":"","meta":[],"product_brand":[],"product_cat":[152],"product_tag":[154,116],"class_list":{"0":"post-2498","1":"product","2":"type-product","3":"status-publish","4":"has-post-thumbnail","6":"product_cat-paradox-ieigos-kontrole","7":"product_tag-dgp-r910","8":"product_tag-paradox","10":"first","11":"instock","12":"shipping-taxable","13":"purchasable","14":"product-type-simple"},"jetpack_sharing_enabled":true,"_links":{"self":[{"href":"https:\/\/apsaugos.lt\/index.php?rest_route=\/wp\/v2\/product\/2498","targetHints":{"allow":["GET"]}}],"collection":[{"href":"https:\/\/apsaugos.lt\/index.php?rest_route=\/wp\/v2\/product"}],"about":[{"href":"https:\/\/apsaugos.lt\/index.php?rest_route=\/wp\/v2\/types\/product"}],"replies":[{"embeddable":true,"href":"https:\/\/apsaugos.lt\/index.php?rest_route=%2Fwp%2Fv2%2Fcomments&post=2498"}],"wp:featuredmedia":[{"embeddable":true,"href":"https:\/\/apsaugos.lt\/index.php?rest_route=\/wp\/v2\/media\/618"}],"wp:attachment":[{"href":"https:\/\/apsaugos.lt\/index.php?rest_route=%2Fwp%2Fv2%2Fmedia&parent=2498"}],"wp:term":[{"taxonomy":"product_brand","embeddable":true,"href":"https:\/\/apsaugos.lt\/index.php?rest_route=%2Fwp%2Fv2%2Fproduct_brand&post=2498"},{"taxonomy":"product_cat","embeddable":true,"href":"https:\/\/apsaugos.lt\/index.php?rest_route=%2Fwp%2Fv2%2Fproduct_cat&post=2498"},{"taxonomy":"product_tag","embeddable":true,"href":"https:\/\/apsaugos.lt\/index.php?rest_route=%2Fwp%2Fv2%2Fproduct_tag&post=2498"}],"curies":[{"name":"wp","href":"https:\/\/api.w.org\/{rel}","templated":true}]}}