{"id":2499,"date":"2021-02-22T12:25:40","date_gmt":"2021-02-22T10:25:40","guid":{"rendered":"http:\/\/apsaugos.lt\/?product=import-placeholder-for-4071"},"modified":"2021-02-22T12:25:43","modified_gmt":"2021-02-22T10:25:43","slug":"paradox-cr-r870-a","status":"publish","type":"product","link":"https:\/\/apsaugos.lt\/?product=paradox-cr-r870-a","title":{"rendered":"PARADOX CR-R870-A"},"content":{"rendered":"<p>Nebrangus, patalpoms, vidaus s\u0105lygoms, skirtas skaitytuvas, turintis visas<br \/>\nskaitytuv\u0173 savybes bei supaprastint\u0105 instaliavim\u0105 be litavimo b\u016btinyb\u0117s.<br \/>\nTik vidaus instaliacijai;<br \/>\nVar\u017etais prisukami kontaktai;<br \/>\nNuskaitymo atstumas su CR-R702-A ISO kortele iki 10cm;<br \/>\nDu b\u016bsenos indikatoriai (raudonas ir \u017ealias) ir signalizatorius;<br \/>\nGali b\u016bti juodos arba baltos spalvos;<br \/>\n110 X 73 X 20mm;<br \/>\nDuomen\u0173 formatai: 26-bit Wiegand, 37-bit Wiegand ir kiti;<br \/>\nDarbin\u0117 temperat\u016bra: nuo +10\u00b0C iki +65\u00b0C;<br \/>\nKorpusas: UV atsparus ABS plastikas.<\/p>\n","protected":false},"excerpt":{"rendered":"<p>CR-R870-A Posi-In vidinis \u012feigos korteli\u0173 skaitytuvas<\/p>\n","protected":false},"featured_media":619,"comment_status":"closed","ping_status":"closed","template":"","meta":[],"product_brand":[],"product_cat":[152],"product_tag":[155,116],"class_list":{"0":"post-2499","1":"product","2":"type-product","3":"status-publish","4":"has-post-thumbnail","6":"product_cat-paradox-ieigos-kontrole","7":"product_tag-cr-r870-a","8":"product_tag-paradox","10":"first","11":"instock","12":"shipping-taxable","13":"purchasable","14":"product-type-simple"},"jetpack_sharing_enabled":true,"_links":{"self":[{"href":"https:\/\/apsaugos.lt\/index.php?rest_route=\/wp\/v2\/product\/2499","targetHints":{"allow":["GET"]}}],"collection":[{"href":"https:\/\/apsaugos.lt\/index.php?rest_route=\/wp\/v2\/product"}],"about":[{"href":"https:\/\/apsaugos.lt\/index.php?rest_route=\/wp\/v2\/types\/product"}],"replies":[{"embeddable":true,"href":"https:\/\/apsaugos.lt\/index.php?rest_route=%2Fwp%2Fv2%2Fcomments&post=2499"}],"wp:featuredmedia":[{"embeddable":true,"href":"https:\/\/apsaugos.lt\/index.php?rest_route=\/wp\/v2\/media\/619"}],"wp:attachment":[{"href":"https:\/\/apsaugos.lt\/index.php?rest_route=%2Fwp%2Fv2%2Fmedia&parent=2499"}],"wp:term":[{"taxonomy":"product_brand","embeddable":true,"href":"https:\/\/apsaugos.lt\/index.php?rest_route=%2Fwp%2Fv2%2Fproduct_brand&post=2499"},{"taxonomy":"product_cat","embeddable":true,"href":"https:\/\/apsaugos.lt\/index.php?rest_route=%2Fwp%2Fv2%2Fproduct_cat&post=2499"},{"taxonomy":"product_tag","embeddable":true,"href":"https:\/\/apsaugos.lt\/index.php?rest_route=%2Fwp%2Fv2%2Fproduct_tag&post=2499"}],"curies":[{"name":"wp","href":"https:\/\/api.w.org\/{rel}","templated":true}]}}