{"id":2500,"date":"2021-02-22T12:25:40","date_gmt":"2021-02-22T10:25:40","guid":{"rendered":"http:\/\/apsaugos.lt\/?product=import-placeholder-for-4073"},"modified":"2021-02-22T12:25:43","modified_gmt":"2021-02-22T10:25:43","slug":"paradox-307usb","status":"publish","type":"product","link":"https:\/\/apsaugos.lt\/?product=paradox-307usb","title":{"rendered":"PARADOX 307USB"},"content":{"rendered":"<ul>\n<li>Jungim\u0105sis per USB prievad\u0105 ir per serijin\u012f prievad\u0105 (DB-9)<\/li>\n<li>Central\u0117 komunikuoja su kompiuteriu iki \u00a060m.<\/li>\n<li>3 LED busenos indikatorius (PC, Panel and RX\/TX)<\/li>\n<li>Komunikavimo greitis:<br \/>\n&#8211; 57.6k baud (MAGELLAN)<br \/>\n&#8211; 38.4k baud (EVO)<br \/>\n&#8211; 9.6k baud (MG serijos ir Spectra SP serijos)<\/li>\n<\/ul>\n","protected":false},"excerpt":{"rendered":"<p>307USB tiesioginio prisijungimo prie PC s\u0105saja<\/p>\n","protected":false},"featured_media":620,"comment_status":"closed","ping_status":"closed","template":"","meta":[],"product_brand":[],"product_cat":[115,152],"product_tag":[116,156],"class_list":{"0":"post-2500","1":"product","2":"type-product","3":"status-publish","4":"has-post-thumbnail","6":"product_cat-paradox-centrales","7":"product_cat-paradox-ieigos-kontrole","8":"product_tag-paradox","9":"product_tag-paradox-307usb","11":"first","12":"instock","13":"shipping-taxable","14":"purchasable","15":"product-type-simple"},"jetpack_sharing_enabled":true,"_links":{"self":[{"href":"https:\/\/apsaugos.lt\/index.php?rest_route=\/wp\/v2\/product\/2500","targetHints":{"allow":["GET"]}}],"collection":[{"href":"https:\/\/apsaugos.lt\/index.php?rest_route=\/wp\/v2\/product"}],"about":[{"href":"https:\/\/apsaugos.lt\/index.php?rest_route=\/wp\/v2\/types\/product"}],"replies":[{"embeddable":true,"href":"https:\/\/apsaugos.lt\/index.php?rest_route=%2Fwp%2Fv2%2Fcomments&post=2500"}],"wp:featuredmedia":[{"embeddable":true,"href":"https:\/\/apsaugos.lt\/index.php?rest_route=\/wp\/v2\/media\/620"}],"wp:attachment":[{"href":"https:\/\/apsaugos.lt\/index.php?rest_route=%2Fwp%2Fv2%2Fmedia&parent=2500"}],"wp:term":[{"taxonomy":"product_brand","embeddable":true,"href":"https:\/\/apsaugos.lt\/index.php?rest_route=%2Fwp%2Fv2%2Fproduct_brand&post=2500"},{"taxonomy":"product_cat","embeddable":true,"href":"https:\/\/apsaugos.lt\/index.php?rest_route=%2Fwp%2Fv2%2Fproduct_cat&post=2500"},{"taxonomy":"product_tag","embeddable":true,"href":"https:\/\/apsaugos.lt\/index.php?rest_route=%2Fwp%2Fv2%2Fproduct_tag&post=2500"}],"curies":[{"name":"wp","href":"https:\/\/api.w.org\/{rel}","templated":true}]}}