{"id":2502,"date":"2021-02-22T12:25:40","date_gmt":"2021-02-22T10:25:40","guid":{"rendered":"http:\/\/apsaugos.lt\/?product=import-placeholder-for-4077"},"modified":"2021-02-22T12:25:43","modified_gmt":"2021-02-22T10:25:43","slug":"multifunkcine-klaviatura-pbk-568l","status":"publish","type":"product","link":"https:\/\/apsaugos.lt\/?product=multifunkcine-klaviatura-pbk-568l","title":{"rendered":"Multifunkcin\u0117 klaviat\u016bra PBK-568L"},"content":{"rendered":"<table class=\"item_list\" border=\"0\" cellspacing=\"1\" cellpadding=\"6\" bgcolor=\"#e5e5e5\">\n<tbody>\n<tr bgcolor=\"#ffffff\">\n<td align=\"left\" valign=\"middle\">I\u0161matavimai<\/td>\n<td>120Lx76Wx27D(mm)<\/td>\n<\/tr>\n<tr bgcolor=\"#ffffff\">\n<td align=\"left\" valign=\"middle\">\u012etampa<\/td>\n<td>12VDC<\/td>\n<\/tr>\n<tr bgcolor=\"#ffffff\">\n<td align=\"left\" valign=\"middle\">\u012e\u0117jimo srov\u0117<\/td>\n<td>Static state current 40mA<br \/>\nMax current 130mA<\/td>\n<\/tr>\n<tr bgcolor=\"#ffffff\">\n<td align=\"left\" valign=\"middle\">Palaikomos kortel\u0117s<\/td>\n<td>EM card,125KHZ<\/td>\n<\/tr>\n<tr bgcolor=\"#ffffff\">\n<td align=\"left\" valign=\"middle\">Atkvir\u0173 dur\u0173 re\u017eimai<\/td>\n<td>1.Four Digits(500 groups)<br \/>\n2.Four Digits+Card<br \/>\n3.Four Digits+Four Digits<br \/>\n4.Card+Card<\/td>\n<\/tr>\n<tr bgcolor=\"#ffffff\">\n<td align=\"left\" valign=\"middle\">Darbin\u0117 temperat\u016bra<\/td>\n<td>-31\u2103~63\u2103<\/td>\n<\/tr>\n<tr bgcolor=\"#ffffff\">\n<td align=\"left\" valign=\"middle\">Oro dr\u0117gnumas<\/td>\n<td>10%~95%<\/td>\n<\/tr>\n<tr bgcolor=\"#ffffff\">\n<td align=\"left\" valign=\"middle\">Hermeti\u0161kumas<\/td>\n<td>IP55<\/td>\n<\/tr>\n<tr bgcolor=\"#ffffff\">\n<td align=\"left\" valign=\"middle\">Svoris<\/td>\n<td>0.5kg<\/td>\n<\/tr>\n<\/tbody>\n<\/table>\n","protected":false},"excerpt":{"rendered":"<p>PBK-568L yra kodin\u0117 klaviat\u016bra su klavi\u0161ais ir integruotu korteli\u0173 skaitytuvu. Palaiko iki 500 vartotoj\u0173, gali b\u016bti montuojama lauke. Metaliniai mygtukai su \u0161vie\u010dian\u010diais skai\u010diais.<\/p>\n","protected":false},"featured_media":622,"comment_status":"closed","ping_status":"closed","template":"","meta":[],"product_brand":[],"product_cat":[28],"product_tag":[],"class_list":{"0":"post-2502","1":"product","2":"type-product","3":"status-publish","4":"has-post-thumbnail","6":"product_cat-kodines-klaviaturos","8":"first","9":"instock","10":"shipping-taxable","11":"purchasable","12":"product-type-simple"},"jetpack_sharing_enabled":true,"_links":{"self":[{"href":"https:\/\/apsaugos.lt\/index.php?rest_route=\/wp\/v2\/product\/2502","targetHints":{"allow":["GET"]}}],"collection":[{"href":"https:\/\/apsaugos.lt\/index.php?rest_route=\/wp\/v2\/product"}],"about":[{"href":"https:\/\/apsaugos.lt\/index.php?rest_route=\/wp\/v2\/types\/product"}],"replies":[{"embeddable":true,"href":"https:\/\/apsaugos.lt\/index.php?rest_route=%2Fwp%2Fv2%2Fcomments&post=2502"}],"wp:featuredmedia":[{"embeddable":true,"href":"https:\/\/apsaugos.lt\/index.php?rest_route=\/wp\/v2\/media\/622"}],"wp:attachment":[{"href":"https:\/\/apsaugos.lt\/index.php?rest_route=%2Fwp%2Fv2%2Fmedia&parent=2502"}],"wp:term":[{"taxonomy":"product_brand","embeddable":true,"href":"https:\/\/apsaugos.lt\/index.php?rest_route=%2Fwp%2Fv2%2Fproduct_brand&post=2502"},{"taxonomy":"product_cat","embeddable":true,"href":"https:\/\/apsaugos.lt\/index.php?rest_route=%2Fwp%2Fv2%2Fproduct_cat&post=2502"},{"taxonomy":"product_tag","embeddable":true,"href":"https:\/\/apsaugos.lt\/index.php?rest_route=%2Fwp%2Fv2%2Fproduct_tag&post=2502"}],"curies":[{"name":"wp","href":"https:\/\/api.w.org\/{rel}","templated":true}]}}