{"id":2505,"date":"2021-02-22T12:25:41","date_gmt":"2021-02-22T10:25:41","guid":{"rendered":"http:\/\/apsaugos.lt\/?product=import-placeholder-for-4083"},"modified":"2021-02-22T12:25:44","modified_gmt":"2021-02-22T10:25:44","slug":"maitinimo-saltinis-3a-12v-be-dezes-pbhd1203-02b","status":"publish","type":"product","link":"https:\/\/apsaugos.lt\/?product=maitinimo-saltinis-3a-12v-be-dezes-pbhd1203-02b","title":{"rendered":"Maitinimo \u0161altinis 3A\/12V be d\u0117\u017e\u0117s PBHD1203-02B"},"content":{"rendered":"<table border=\"1\">\n<tbody>\n<tr>\n<td>Maksimali srov\u0117<\/td>\n<td>3A<\/td>\n<\/tr>\n<tr>\n<td>Srov\u0117<\/td>\n<td>2 A<\/td>\n<\/tr>\n<tr>\n<td>I\u0161\u0117jimo \u012ftampa<\/td>\n<td>12VDC<\/td>\n<\/tr>\n<tr>\n<td>\u012e\u0117jimo \u012ftampa<\/td>\n<td>AC190-265V 50-60Hz<\/td>\n<\/tr>\n<\/tbody>\n<\/table>\n","protected":false},"excerpt":{"rendered":"<p>Impulsinis maitinimo \u0161altinis be\u00a0metalinio korpuso su akumuliatoriaus krovimu.<\/p>\n","protected":false},"featured_media":625,"comment_status":"closed","ping_status":"closed","template":"","meta":[],"product_brand":[],"product_cat":[157,158],"product_tag":[],"class_list":{"0":"post-2505","1":"product","2":"type-product","3":"status-publish","4":"has-post-thumbnail","6":"product_cat-maitinimo-saltiniai","7":"product_cat-maitinimo-saltiniai-apsaugos-sistemos","9":"first","10":"instock","11":"shipping-taxable","12":"purchasable","13":"product-type-simple"},"jetpack_sharing_enabled":true,"_links":{"self":[{"href":"https:\/\/apsaugos.lt\/index.php?rest_route=\/wp\/v2\/product\/2505","targetHints":{"allow":["GET"]}}],"collection":[{"href":"https:\/\/apsaugos.lt\/index.php?rest_route=\/wp\/v2\/product"}],"about":[{"href":"https:\/\/apsaugos.lt\/index.php?rest_route=\/wp\/v2\/types\/product"}],"replies":[{"embeddable":true,"href":"https:\/\/apsaugos.lt\/index.php?rest_route=%2Fwp%2Fv2%2Fcomments&post=2505"}],"wp:featuredmedia":[{"embeddable":true,"href":"https:\/\/apsaugos.lt\/index.php?rest_route=\/wp\/v2\/media\/625"}],"wp:attachment":[{"href":"https:\/\/apsaugos.lt\/index.php?rest_route=%2Fwp%2Fv2%2Fmedia&parent=2505"}],"wp:term":[{"taxonomy":"product_brand","embeddable":true,"href":"https:\/\/apsaugos.lt\/index.php?rest_route=%2Fwp%2Fv2%2Fproduct_brand&post=2505"},{"taxonomy":"product_cat","embeddable":true,"href":"https:\/\/apsaugos.lt\/index.php?rest_route=%2Fwp%2Fv2%2Fproduct_cat&post=2505"},{"taxonomy":"product_tag","embeddable":true,"href":"https:\/\/apsaugos.lt\/index.php?rest_route=%2Fwp%2Fv2%2Fproduct_tag&post=2505"}],"curies":[{"name":"wp","href":"https:\/\/api.w.org\/{rel}","templated":true}]}}