{"id":2506,"date":"2021-02-22T12:25:41","date_gmt":"2021-02-22T10:25:41","guid":{"rendered":"http:\/\/apsaugos.lt\/?product=import-placeholder-for-4084"},"modified":"2021-02-22T12:25:44","modified_gmt":"2021-02-22T10:25:44","slug":"maitinimo-blokas-6-12-24vdc-enforcer","status":"publish","type":"product","link":"https:\/\/apsaugos.lt\/?product=maitinimo-blokas-6-12-24vdc-enforcer","title":{"rendered":"Maitinimo blokas 6\/12\/24VDC Enforcer"},"content":{"rendered":"<table border=\"1\" cellspacing=\"2\" cellpadding=\"2\">\n<tbody>\n<tr>\n<td>DC<br \/>\n\u012etampa<\/td>\n<td>6, 12, 24<\/td>\n<\/tr>\n<tr>\n<td>Srov\u0117<br \/>\n(nominali)<\/td>\n<td>1.5A<\/td>\n<\/tr>\n<tr>\n<td>Srov\u0117<br \/>\n(Max.)<\/td>\n<td>2.0A<\/td>\n<\/tr>\n<tr>\n<td>I\u0161\u0117jimo srov\u0117<span class=\"Apple-converted-space\"><br \/>\n<\/span>(Max. apkrova)<\/td>\n<td>6V = 200mA, 12V = 400mA,<span class=\"Apple-converted-space\"><br \/>\n<\/span>24V = 700mA<\/td>\n<\/tr>\n<tr>\n<td>Dydis<\/td>\n<td>2<sup>7<\/sup>\/<sub>8<\/sub>&#8222;x2<sup>1<\/sup>\/<sub>2<\/sub>&#8222;x1<sup>3<\/sup>\/<sub>8<\/sub>&#8221; (73x64x35 mm)<\/td>\n<\/tr>\n<tr>\n<td colspan=\"2\">I\u0161\u0117jimo \u012ftampos<\/td>\n<\/tr>\n<tr>\n<td>6VDC<\/td>\n<td>12VAC\/20VA<\/td>\n<\/tr>\n<tr>\n<td>12VDC<\/td>\n<td>16VAC\/40VA<\/td>\n<\/tr>\n<tr>\n<td>24VDC<\/td>\n<td>24VAC\/50VA<\/td>\n<\/tr>\n<\/tbody>\n<\/table>\n","protected":false},"excerpt":{"rendered":"<p>Maitinimo blokas 6\/12\/24VDC Enforcer<\/p>\n","protected":false},"featured_media":626,"comment_status":"closed","ping_status":"closed","template":"","meta":[],"product_brand":[],"product_cat":[158,157],"product_tag":[],"class_list":{"0":"post-2506","1":"product","2":"type-product","3":"status-publish","4":"has-post-thumbnail","6":"product_cat-maitinimo-saltiniai-apsaugos-sistemos","7":"product_cat-maitinimo-saltiniai","9":"first","10":"instock","11":"shipping-taxable","12":"purchasable","13":"product-type-simple"},"jetpack_sharing_enabled":true,"_links":{"self":[{"href":"https:\/\/apsaugos.lt\/index.php?rest_route=\/wp\/v2\/product\/2506","targetHints":{"allow":["GET"]}}],"collection":[{"href":"https:\/\/apsaugos.lt\/index.php?rest_route=\/wp\/v2\/product"}],"about":[{"href":"https:\/\/apsaugos.lt\/index.php?rest_route=\/wp\/v2\/types\/product"}],"replies":[{"embeddable":true,"href":"https:\/\/apsaugos.lt\/index.php?rest_route=%2Fwp%2Fv2%2Fcomments&post=2506"}],"wp:featuredmedia":[{"embeddable":true,"href":"https:\/\/apsaugos.lt\/index.php?rest_route=\/wp\/v2\/media\/626"}],"wp:attachment":[{"href":"https:\/\/apsaugos.lt\/index.php?rest_route=%2Fwp%2Fv2%2Fmedia&parent=2506"}],"wp:term":[{"taxonomy":"product_brand","embeddable":true,"href":"https:\/\/apsaugos.lt\/index.php?rest_route=%2Fwp%2Fv2%2Fproduct_brand&post=2506"},{"taxonomy":"product_cat","embeddable":true,"href":"https:\/\/apsaugos.lt\/index.php?rest_route=%2Fwp%2Fv2%2Fproduct_cat&post=2506"},{"taxonomy":"product_tag","embeddable":true,"href":"https:\/\/apsaugos.lt\/index.php?rest_route=%2Fwp%2Fv2%2Fproduct_tag&post=2506"}],"curies":[{"name":"wp","href":"https:\/\/api.w.org\/{rel}","templated":true}]}}