{"id":2507,"date":"2021-02-22T12:25:41","date_gmt":"2021-02-22T10:25:41","guid":{"rendered":"http:\/\/apsaugos.lt\/?product=import-placeholder-for-4086"},"modified":"2021-02-22T12:25:44","modified_gmt":"2021-02-22T10:25:44","slug":"maitinimo-saltinis-3a-12v","status":"publish","type":"product","link":"https:\/\/apsaugos.lt\/?product=maitinimo-saltinis-3a-12v","title":{"rendered":"Maitinimo \u0161altinis 3A\/12V"},"content":{"rendered":"<table border=\"1\">\n<tbody>\n<tr>\n<td>Maitinimo \u012ftampa<\/td>\n<td>190 &#8211; 265 V AC<\/td>\n<\/tr>\n<tr>\n<td>I\u0161\u0117jimo srov\u0117<\/td>\n<td>3 A<\/td>\n<\/tr>\n<tr>\n<td>I\u0161\u0117jimo \u012ftampa<\/td>\n<td>12 V DC<\/td>\n<\/tr>\n<tr>\n<td>Kitos funkcijos<\/td>\n<td>Baterijos krovimas\u00a0(7 Ah)<\/td>\n<\/tr>\n<tr>\n<td>Matmenys<\/td>\n<td>165x202x72 mm<\/td>\n<\/tr>\n<tr>\n<td>Komplektacija<\/td>\n<td>Maitinimo \u0161altinis su korpusu ir u\u017eraktu<\/td>\n<\/tr>\n<\/tbody>\n<\/table>\n","protected":false},"excerpt":{"rendered":"<p>Maitinimo \u0161altinis, Su akumuliatoriaus \u012fkrovimo funkcija, 220V AC\/12V DC, Metaliniame korpuse, Su maitinimo \u012fjungimo\/i\u0161jungimo mygtuku<\/p>\n","protected":false},"featured_media":627,"comment_status":"closed","ping_status":"closed","template":"","meta":[],"product_brand":[],"product_cat":[157,158],"product_tag":[],"class_list":{"0":"post-2507","1":"product","2":"type-product","3":"status-publish","4":"has-post-thumbnail","6":"product_cat-maitinimo-saltiniai","7":"product_cat-maitinimo-saltiniai-apsaugos-sistemos","9":"first","10":"instock","11":"shipping-taxable","12":"purchasable","13":"product-type-simple"},"jetpack_sharing_enabled":true,"_links":{"self":[{"href":"https:\/\/apsaugos.lt\/index.php?rest_route=\/wp\/v2\/product\/2507","targetHints":{"allow":["GET"]}}],"collection":[{"href":"https:\/\/apsaugos.lt\/index.php?rest_route=\/wp\/v2\/product"}],"about":[{"href":"https:\/\/apsaugos.lt\/index.php?rest_route=\/wp\/v2\/types\/product"}],"replies":[{"embeddable":true,"href":"https:\/\/apsaugos.lt\/index.php?rest_route=%2Fwp%2Fv2%2Fcomments&post=2507"}],"wp:featuredmedia":[{"embeddable":true,"href":"https:\/\/apsaugos.lt\/index.php?rest_route=\/wp\/v2\/media\/627"}],"wp:attachment":[{"href":"https:\/\/apsaugos.lt\/index.php?rest_route=%2Fwp%2Fv2%2Fmedia&parent=2507"}],"wp:term":[{"taxonomy":"product_brand","embeddable":true,"href":"https:\/\/apsaugos.lt\/index.php?rest_route=%2Fwp%2Fv2%2Fproduct_brand&post=2507"},{"taxonomy":"product_cat","embeddable":true,"href":"https:\/\/apsaugos.lt\/index.php?rest_route=%2Fwp%2Fv2%2Fproduct_cat&post=2507"},{"taxonomy":"product_tag","embeddable":true,"href":"https:\/\/apsaugos.lt\/index.php?rest_route=%2Fwp%2Fv2%2Fproduct_tag&post=2507"}],"curies":[{"name":"wp","href":"https:\/\/api.w.org\/{rel}","templated":true}]}}