{"id":2510,"date":"2021-02-22T12:25:41","date_gmt":"2021-02-22T10:25:41","guid":{"rendered":"http:\/\/apsaugos.lt\/?product=import-placeholder-for-4091"},"modified":"2021-02-22T12:25:44","modified_gmt":"2021-02-22T10:25:44","slug":"transformatorius-su-kaladele-ir-saugikliu-pbtei66x45","status":"publish","type":"product","link":"https:\/\/apsaugos.lt\/?product=transformatorius-su-kaladele-ir-saugikliu-pbtei66x45","title":{"rendered":"Transformatorius su kalad\u0117le ir saugikliu PBTEI66x45"},"content":{"rendered":"<table border=\"1\">\n<tbody>\n<tr>\n<td colspan=\"2\">\n<p align=\"center\">\n<\/td>\n<\/tr>\n<tr>\n<td>I\u0161\u0117jimo srov\u0117<\/td>\n<td>2,5A<\/td>\n<\/tr>\n<tr>\n<td>I\u0161\u0117jimo \u012ftampa<\/td>\n<td>16VAC<\/td>\n<\/tr>\n<tr>\n<td>\u012e\u0117jimo \u012ftampa<\/td>\n<td>AC220-240V 50-60Hz<\/td>\n<\/tr>\n<tr>\n<td>I\u0161matavimai<\/td>\n<td>96x60x61 mm<\/td>\n<\/tr>\n<\/tbody>\n<\/table>\n","protected":false},"excerpt":{"rendered":"<p>Transformatorius 16V\/2.5A\/40W su kalad\u0117le ir saugikliu.<\/p>\n","protected":false},"featured_media":629,"comment_status":"closed","ping_status":"closed","template":"","meta":[],"product_brand":[],"product_cat":[158],"product_tag":[],"class_list":{"0":"post-2510","1":"product","2":"type-product","3":"status-publish","4":"has-post-thumbnail","6":"product_cat-maitinimo-saltiniai-apsaugos-sistemos","8":"first","9":"instock","10":"shipping-taxable","11":"purchasable","12":"product-type-simple"},"jetpack_sharing_enabled":true,"_links":{"self":[{"href":"https:\/\/apsaugos.lt\/index.php?rest_route=\/wp\/v2\/product\/2510","targetHints":{"allow":["GET"]}}],"collection":[{"href":"https:\/\/apsaugos.lt\/index.php?rest_route=\/wp\/v2\/product"}],"about":[{"href":"https:\/\/apsaugos.lt\/index.php?rest_route=\/wp\/v2\/types\/product"}],"replies":[{"embeddable":true,"href":"https:\/\/apsaugos.lt\/index.php?rest_route=%2Fwp%2Fv2%2Fcomments&post=2510"}],"wp:featuredmedia":[{"embeddable":true,"href":"https:\/\/apsaugos.lt\/index.php?rest_route=\/wp\/v2\/media\/629"}],"wp:attachment":[{"href":"https:\/\/apsaugos.lt\/index.php?rest_route=%2Fwp%2Fv2%2Fmedia&parent=2510"}],"wp:term":[{"taxonomy":"product_brand","embeddable":true,"href":"https:\/\/apsaugos.lt\/index.php?rest_route=%2Fwp%2Fv2%2Fproduct_brand&post=2510"},{"taxonomy":"product_cat","embeddable":true,"href":"https:\/\/apsaugos.lt\/index.php?rest_route=%2Fwp%2Fv2%2Fproduct_cat&post=2510"},{"taxonomy":"product_tag","embeddable":true,"href":"https:\/\/apsaugos.lt\/index.php?rest_route=%2Fwp%2Fv2%2Fproduct_tag&post=2510"}],"curies":[{"name":"wp","href":"https:\/\/api.w.org\/{rel}","templated":true}]}}