{"id":2523,"date":"2021-02-22T12:25:42","date_gmt":"2021-02-22T10:25:42","guid":{"rendered":"http:\/\/apsaugos.lt\/?product=import-placeholder-for-4160"},"modified":"2021-02-22T12:25:46","modified_gmt":"2021-02-22T10:25:46","slug":"hikvision-ds-1004k","status":"publish","type":"product","link":"https:\/\/apsaugos.lt\/?product=hikvision-ds-1004k","title":{"rendered":"Hikvision DS-1004K"},"content":{"rendered":"<table border=\"1\" cellspacing=\"2\" cellpadding=\"2\">\n<tbody>\n<tr>\n<td>Modelis<\/td>\n<td>DS-1004K<\/td>\n<\/tr>\n<tr>\n<td>Joystick&#8217;as<\/td>\n<td>4 kryp\u010di\u0173<\/td>\n<\/tr>\n<tr>\n<td>Serial s\u0105saja<\/td>\n<td>RS485 ir RS232<\/td>\n<\/tr>\n<tr>\n<td>Darbin\u0117 temperat\u016bra<\/td>\n<td>-10\u2103- +55\u2103<\/td>\n<\/tr>\n<tr>\n<td>Oro dr\u0117gnumas<\/td>\n<td>10%-90%<\/td>\n<\/tr>\n<tr>\n<td>Maitinimas<\/td>\n<td>DC12V<\/td>\n<\/tr>\n<tr>\n<td>Energijos suvartojimas<\/td>\n<td>\u226410W<\/td>\n<\/tr>\n<tr>\n<td>I\u0161matavimai<\/td>\n<td>434 x 163 x 43 (mm)<\/td>\n<\/tr>\n<tr>\n<td>Svoris<\/td>\n<td>\u22641.25Kg<\/td>\n<\/tr>\n<\/tbody>\n<\/table>\n","protected":false},"excerpt":{"rendered":"<p>Kamer\u0173 valdymo klaviat\u016bra, re\u017eim\u0173 perjungimas klavi\u0161u pagalba, DVR meniu kontrol\u0117s funkcija, PTZ kontrol\u0117, patruliavimas.<\/p>\n","protected":false},"featured_media":667,"comment_status":"closed","ping_status":"closed","template":"","meta":[],"product_brand":[],"product_cat":[165],"product_tag":[166,32],"class_list":{"0":"post-2523","1":"product","2":"type-product","3":"status-publish","4":"has-post-thumbnail","6":"product_cat-valdymo-klaviaturos","7":"product_tag-ds-1004k","8":"product_tag-hikvision","10":"first","11":"instock","12":"shipping-taxable","13":"purchasable","14":"product-type-simple"},"jetpack_sharing_enabled":true,"_links":{"self":[{"href":"https:\/\/apsaugos.lt\/index.php?rest_route=\/wp\/v2\/product\/2523","targetHints":{"allow":["GET"]}}],"collection":[{"href":"https:\/\/apsaugos.lt\/index.php?rest_route=\/wp\/v2\/product"}],"about":[{"href":"https:\/\/apsaugos.lt\/index.php?rest_route=\/wp\/v2\/types\/product"}],"replies":[{"embeddable":true,"href":"https:\/\/apsaugos.lt\/index.php?rest_route=%2Fwp%2Fv2%2Fcomments&post=2523"}],"wp:featuredmedia":[{"embeddable":true,"href":"https:\/\/apsaugos.lt\/index.php?rest_route=\/wp\/v2\/media\/667"}],"wp:attachment":[{"href":"https:\/\/apsaugos.lt\/index.php?rest_route=%2Fwp%2Fv2%2Fmedia&parent=2523"}],"wp:term":[{"taxonomy":"product_brand","embeddable":true,"href":"https:\/\/apsaugos.lt\/index.php?rest_route=%2Fwp%2Fv2%2Fproduct_brand&post=2523"},{"taxonomy":"product_cat","embeddable":true,"href":"https:\/\/apsaugos.lt\/index.php?rest_route=%2Fwp%2Fv2%2Fproduct_cat&post=2523"},{"taxonomy":"product_tag","embeddable":true,"href":"https:\/\/apsaugos.lt\/index.php?rest_route=%2Fwp%2Fv2%2Fproduct_tag&post=2523"}],"curies":[{"name":"wp","href":"https:\/\/api.w.org\/{rel}","templated":true}]}}