{"id":2524,"date":"2021-02-22T12:25:42","date_gmt":"2021-02-22T10:25:42","guid":{"rendered":"http:\/\/apsaugos.lt\/?product=import-placeholder-for-4162"},"modified":"2021-02-22T12:25:46","modified_gmt":"2021-02-22T10:25:46","slug":"hikvision-ds-1005ki","status":"publish","type":"product","link":"https:\/\/apsaugos.lt\/?product=hikvision-ds-1005ki","title":{"rendered":"Hikvision DS-1005KI"},"content":{"rendered":"<table border=\"0\" cellspacing=\"1\" cellpadding=\"0\" align=\"center\" bgcolor=\"#e3e3e3\">\n<tbody>\n<tr>\n<td bgcolor=\"#ffffff\">\n<table border=\"0\" width=\"100%\" cellspacing=\"0\" cellpadding=\"0\" align=\"center\">\n<tbody>\n<tr>\n<td bgcolor=\"#ffffff\">airalazd\u0117:<\/td>\n<td bgcolor=\"#ffffff\">3-axis control, rotating zoom<\/td>\n<\/tr>\n<\/tbody>\n<\/table>\n<\/td>\n<\/tr>\n<tr>\n<td bgcolor=\"#ffffff\">\n<table border=\"0\" width=\"100%\" cellspacing=\"0\" cellpadding=\"0\" align=\"center\">\n<tbody>\n<tr>\n<td bgcolor=\"#ffffff\">Serial s\u0105saja:<\/td>\n<td bgcolor=\"#ffffff\">USB 2.0, DirectX<\/td>\n<\/tr>\n<\/tbody>\n<\/table>\n<\/td>\n<\/tr>\n<tr>\n<td bgcolor=\"#ffffff\">\n<table border=\"0\" width=\"100%\" cellspacing=\"0\" cellpadding=\"0\" align=\"center\">\n<tbody>\n<tr>\n<td bgcolor=\"#ffffff\">Darbin\u0117 temperat\u016bra:<\/td>\n<td bgcolor=\"#ffffff\">-10\u2103- +55\u2103<\/td>\n<\/tr>\n<tr>\n<td bgcolor=\"#ffffff\">Santykinis oro dr\u0117gnumas:<\/td>\n<td bgcolor=\"#ffffff\">10% ~ 90% (Non-condensing)<\/td>\n<\/tr>\n<tr>\n<td bgcolor=\"#ffffff\">Maitinimas:<\/td>\n<td bgcolor=\"#ffffff\">5V DC via USB<\/td>\n<\/tr>\n<tr>\n<td bgcolor=\"#ffffff\">Energijos suvartojimas:<\/td>\n<td bgcolor=\"#ffffff\">\u2264 5W<\/td>\n<\/tr>\n<tr>\n<td bgcolor=\"#ffffff\">I\u0161matavimai:<\/td>\n<td bgcolor=\"#ffffff\">167*177.5*116(mm)<\/td>\n<\/tr>\n<\/tbody>\n<\/table>\n<\/td>\n<\/tr>\n<\/tbody>\n<\/table>\n","protected":false},"excerpt":{"rendered":"<p>Maitinimas ir ry\u0161ys per USB s\u0105saj\u0105, 3D PTZ valdymas ir 2 valdymo klavi\u0161ai, iki 15 programuojam\u0173 klavi\u0161\u0173, indikacija, parodanti valdiklio b\u016bsen\u0105, suderinama su \u012fvairia programine \u012franga, USB HID protokolo palaikymas.<\/p>\n","protected":false},"featured_media":668,"comment_status":"closed","ping_status":"closed","template":"","meta":[],"product_brand":[],"product_cat":[165],"product_tag":[167,32],"class_list":{"0":"post-2524","1":"product","2":"type-product","3":"status-publish","4":"has-post-thumbnail","6":"product_cat-valdymo-klaviaturos","7":"product_tag-ds-1005ki","8":"product_tag-hikvision","10":"first","11":"instock","12":"shipping-taxable","13":"purchasable","14":"product-type-simple"},"jetpack_sharing_enabled":true,"_links":{"self":[{"href":"https:\/\/apsaugos.lt\/index.php?rest_route=\/wp\/v2\/product\/2524","targetHints":{"allow":["GET"]}}],"collection":[{"href":"https:\/\/apsaugos.lt\/index.php?rest_route=\/wp\/v2\/product"}],"about":[{"href":"https:\/\/apsaugos.lt\/index.php?rest_route=\/wp\/v2\/types\/product"}],"replies":[{"embeddable":true,"href":"https:\/\/apsaugos.lt\/index.php?rest_route=%2Fwp%2Fv2%2Fcomments&post=2524"}],"wp:featuredmedia":[{"embeddable":true,"href":"https:\/\/apsaugos.lt\/index.php?rest_route=\/wp\/v2\/media\/668"}],"wp:attachment":[{"href":"https:\/\/apsaugos.lt\/index.php?rest_route=%2Fwp%2Fv2%2Fmedia&parent=2524"}],"wp:term":[{"taxonomy":"product_brand","embeddable":true,"href":"https:\/\/apsaugos.lt\/index.php?rest_route=%2Fwp%2Fv2%2Fproduct_brand&post=2524"},{"taxonomy":"product_cat","embeddable":true,"href":"https:\/\/apsaugos.lt\/index.php?rest_route=%2Fwp%2Fv2%2Fproduct_cat&post=2524"},{"taxonomy":"product_tag","embeddable":true,"href":"https:\/\/apsaugos.lt\/index.php?rest_route=%2Fwp%2Fv2%2Fproduct_tag&post=2524"}],"curies":[{"name":"wp","href":"https:\/\/api.w.org\/{rel}","templated":true}]}}