{"id":2526,"date":"2021-02-22T12:25:48","date_gmt":"2021-02-22T10:25:48","guid":{"rendered":"http:\/\/apsaugos.lt\/?product=import-placeholder-for-4165"},"modified":"2021-02-22T12:25:50","modified_gmt":"2021-02-22T10:25:50","slug":"hikvision-ds-1100ki","status":"publish","type":"product","link":"https:\/\/apsaugos.lt\/?product=hikvision-ds-1100ki","title":{"rendered":"Hikvision DS 1100KI"},"content":{"rendered":"<table border=\"0\" cellspacing=\"1\" cellpadding=\"0\" align=\"center\" bgcolor=\"#e3e3e3\">\n<tbody>\n<tr>\n<td bgcolor=\"#ffffff\">\n<table border=\"0\" width=\"100%\" cellspacing=\"0\" cellpadding=\"0\" align=\"center\">\n<tbody>\n<tr>\n<td bgcolor=\"#ffffff\">Valdymo re\u017eimas:<\/td>\n<td bgcolor=\"#ffffff\">IP-based<\/td>\n<\/tr>\n<\/tbody>\n<\/table>\n<\/td>\n<\/tr>\n<tr>\n<td bgcolor=\"#ffffff\">\n<table border=\"0\" width=\"100%\" cellspacing=\"0\" cellpadding=\"0\" align=\"center\">\n<tbody>\n<tr>\n<td bgcolor=\"#ffffff\">&#8222;Line In&#8221;:<\/td>\n<td bgcolor=\"#ffffff\">1-ch, 3.5mm connector (2.0Vp-p, 1k\u03a9\uff09<\/td>\n<\/tr>\n<tr>\n<td bgcolor=\"#ffffff\">Audio i\u0161\u0117jimas:<\/td>\n<td bgcolor=\"#ffffff\">1-ch, 3.5mm connector (Linear, 600\u03a9)<\/td>\n<\/tr>\n<\/tbody>\n<\/table>\n<\/td>\n<\/tr>\n<tr>\n<td bgcolor=\"#ffffff\">\n<table border=\"0\" width=\"100%\" cellspacing=\"0\" cellpadding=\"0\" align=\"center\">\n<tbody>\n<tr>\n<td bgcolor=\"#ffffff\">Ry\u0161io s\u0105saja:<\/td>\n<td bgcolor=\"#ffffff\">1 RJ45 10M\/100M\/1000M adaptive Ethernet interface;<br \/>\n1 RS-232 interface;<br \/>\n1 RS-485 interface;<br \/>\n1 USB2.0 interface (for data storage and device upgrade)<\/td>\n<\/tr>\n<\/tbody>\n<\/table>\n<\/td>\n<\/tr>\n<tr>\n<td bgcolor=\"#ffffff\">\n<table border=\"0\" width=\"100%\" cellspacing=\"0\" cellpadding=\"0\" align=\"center\">\n<tbody>\n<tr>\n<td bgcolor=\"#ffffff\">LCD ekranas:<\/td>\n<td bgcolor=\"#ffffff\">7\u201d TFT LCD monitor with touch panel<\/td>\n<\/tr>\n<tr>\n<td bgcolor=\"#ffffff\">Valdiklis:<\/td>\n<td bgcolor=\"#ffffff\">3-axis joystick<\/td>\n<\/tr>\n<tr>\n<td bgcolor=\"#ffffff\">Maitinimas:<\/td>\n<td bgcolor=\"#ffffff\">12VDC<\/td>\n<\/tr>\n<tr>\n<td bgcolor=\"#ffffff\">Energijos suvartojimas:<\/td>\n<td bgcolor=\"#ffffff\">\u226415W<\/td>\n<\/tr>\n<tr>\n<td bgcolor=\"#ffffff\">Darbin\u0117 temperat\u016bra:<\/td>\n<td bgcolor=\"#ffffff\">-10\u00b0C ~ +55\u00b0C<\/td>\n<\/tr>\n<tr>\n<td bgcolor=\"#ffffff\">Oro dr\u0117gnumas:<\/td>\n<td bgcolor=\"#ffffff\">10%~90%<\/td>\n<\/tr>\n<tr>\n<td bgcolor=\"#ffffff\">I\u0161matavimai:<\/td>\n<td bgcolor=\"#ffffff\">110mm (H)\u00d7193mm (W) \u00d7435mm (D)<\/td>\n<\/tr>\n<tr>\n<td bgcolor=\"#ffffff\">Svoris:<\/td>\n<td bgcolor=\"#ffffff\">2Kg<\/td>\n<\/tr>\n<\/tbody>\n<\/table>\n<\/td>\n<\/tr>\n<\/tbody>\n<\/table>\n","protected":false},"excerpt":{"rendered":"<p>Ergonominis dizainas su 800&#215;480 LCD lietimui jautriu ekranu, gyva ir \u012fra\u0161o iki 1080p rezoliucijos per\u017ei\u016bra, 1 kanalo video dekodavimas vietinei per\u017ei\u016brai, suderinamas su DVR\/NVR, iki 15 operatori\u0173 palaikymas<\/p>\n","protected":false},"featured_media":670,"comment_status":"closed","ping_status":"closed","template":"","meta":[],"product_brand":[],"product_cat":[165],"product_tag":[168,32],"class_list":{"0":"post-2526","1":"product","2":"type-product","3":"status-publish","4":"has-post-thumbnail","6":"product_cat-valdymo-klaviaturos","7":"product_tag-ds-1100ki","8":"product_tag-hikvision","10":"first","11":"instock","12":"shipping-taxable","13":"purchasable","14":"product-type-simple"},"jetpack_sharing_enabled":true,"_links":{"self":[{"href":"https:\/\/apsaugos.lt\/index.php?rest_route=\/wp\/v2\/product\/2526","targetHints":{"allow":["GET"]}}],"collection":[{"href":"https:\/\/apsaugos.lt\/index.php?rest_route=\/wp\/v2\/product"}],"about":[{"href":"https:\/\/apsaugos.lt\/index.php?rest_route=\/wp\/v2\/types\/product"}],"replies":[{"embeddable":true,"href":"https:\/\/apsaugos.lt\/index.php?rest_route=%2Fwp%2Fv2%2Fcomments&post=2526"}],"wp:featuredmedia":[{"embeddable":true,"href":"https:\/\/apsaugos.lt\/index.php?rest_route=\/wp\/v2\/media\/670"}],"wp:attachment":[{"href":"https:\/\/apsaugos.lt\/index.php?rest_route=%2Fwp%2Fv2%2Fmedia&parent=2526"}],"wp:term":[{"taxonomy":"product_brand","embeddable":true,"href":"https:\/\/apsaugos.lt\/index.php?rest_route=%2Fwp%2Fv2%2Fproduct_brand&post=2526"},{"taxonomy":"product_cat","embeddable":true,"href":"https:\/\/apsaugos.lt\/index.php?rest_route=%2Fwp%2Fv2%2Fproduct_cat&post=2526"},{"taxonomy":"product_tag","embeddable":true,"href":"https:\/\/apsaugos.lt\/index.php?rest_route=%2Fwp%2Fv2%2Fproduct_tag&post=2526"}],"curies":[{"name":"wp","href":"https:\/\/api.w.org\/{rel}","templated":true}]}}