{"id":2529,"date":"2021-02-22T12:25:48","date_gmt":"2021-02-22T10:25:48","guid":{"rendered":"http:\/\/apsaugos.lt\/?product=import-placeholder-for-4171"},"modified":"2021-02-22T12:25:50","modified_gmt":"2021-02-22T10:25:50","slug":"hikvision-turbo-hd-ds-2ce72dft-f-f3-6","status":"publish","type":"product","link":"https:\/\/apsaugos.lt\/?product=hikvision-turbo-hd-ds-2ce72dft-f-f3-6","title":{"rendered":"Hikvision Turbo HD DS 2CE72DFT F F3.6"},"content":{"rendered":"<table border=\"1\">\n<tbody>\n<tr>\n<td class=\"td1\">Sensorius<\/td>\n<td>2MP CMOS Image Sensor<\/td>\n<\/tr>\n<tr>\n<td class=\"td1\">Signalo sistema<\/td>\n<td>PAL\/NTSC<\/td>\n<\/tr>\n<tr>\n<td class=\"td1\">Efektyv\u016bs ta\u0161kai<\/td>\n<td>1920(H)*1080(V)<\/td>\n<\/tr>\n<tr>\n<td class=\"td1\">U\u017erakto laikas<\/td>\n<td>1\/25(1\/30) s to 1\/50,000 s<\/td>\n<\/tr>\n<tr>\n<td class=\"td1\">Objektyvo montavimas<\/td>\n<td>M16<\/td>\n<\/tr>\n<tr>\n<td class=\"td1\">Reguliavimas<\/td>\n<td>Pan: 0 &#8211; 360\u00b0, Tilt: 0 &#8211; 75\u00b0, Rotation: 0 &#8211; 360\u00b0<\/td>\n<\/tr>\n<tr>\n<td class=\"td1\">Diena\/naktis<\/td>\n<td>Color<\/td>\n<\/tr>\n<tr>\n<td class=\"td1\">Platus dinaminis diapazonas<\/td>\n<td>120dB<\/td>\n<\/tr>\n<tr>\n<td class=\"td1\">Kadrai per sek.<\/td>\n<td>1080p@25fps\/1080p@30fps<\/td>\n<\/tr>\n<tr>\n<td class=\"td1\">HD vaizdo i\u0161vestis<\/td>\n<td>1 Analog HD output<\/td>\n<\/tr>\n<tr>\n<td class=\"td1\">Sinchronizacija<\/td>\n<td>Internal Synchronization<\/td>\n<\/tr>\n<tr>\n<td class=\"td1\">Perdavimas koaksialiniu kabeliu<\/td>\n<td>Support<\/td>\n<\/tr>\n<tr>\n<th colspan=\"2\">Meniu<\/th>\n<\/tr>\n<tr>\n<td class=\"td1\">Automatinis baltos spalvos balansas<\/td>\n<td>Auto\/MWB<\/td>\n<\/tr>\n<tr>\n<td class=\"td1\">BLC<\/td>\n<td>Support<\/td>\n<\/tr>\n<tr>\n<td class=\"td1\">AGC<\/td>\n<td>Support<\/td>\n<\/tr>\n<tr>\n<th colspan=\"2\">Pagrindin\u0117s savyb\u0117s<\/th>\n<\/tr>\n<tr>\n<td class=\"td1\">\u0160viesa<\/td>\n<td>Up to 20 m<\/td>\n<\/tr>\n<tr>\n<td class=\"td1\">Veikimo s\u0105lygos<\/td>\n<td>-40 \u00b0C &#8211; 60 \u00b0C (-40 \u00b0F &#8211; 140 \u00b0F)<br \/>\nHumidity 90% or less (non-condensing)<\/td>\n<\/tr>\n<tr>\n<td class=\"td1\">Maitinimas<\/td>\n<td>12 VDC\u00b125%<\/td>\n<\/tr>\n<tr>\n<td class=\"td1\">IP apsaugos klas\u0117<\/td>\n<td>IP67<\/td>\n<\/tr>\n<tr>\n<td class=\"td1\">Komunikacija<\/td>\n<td>Up the coax<br \/>\nProtocol: HIKVISION-C(Coaxitron)<\/td>\n<\/tr>\n<tr>\n<td class=\"td1\">I\u0161matavimai<\/td>\n<td>\u00d8 109.82 mm \u00d7 85.56 mm ( \u00d8 4.32&#8243; \u00d7 3.37&#8243;)<\/td>\n<\/tr>\n<tr>\n<td class=\"td1\">Svoris<\/td>\n<td>Approx. 336 g (0.74 lb.)<\/td>\n<\/tr>\n<\/tbody>\n<\/table>\n","protected":false},"excerpt":{"rendered":"<p>2MP (MegaPixel) dome Turbo HD kamera, Analogin\u0117 HD i\u0161vestis, iki 1080P rai\u0161ka, Spalvos vis\u0105 laik\u0105, OSD meniu, 3D DNR, WDR, iki 120dB, 3.6mm objektyvas, Iki 20 m baltos spalvos ap\u0161vietimas, IP67<\/p>\n","protected":false},"featured_media":673,"comment_status":"closed","ping_status":"closed","template":"","meta":[],"product_brand":[],"product_cat":[61],"product_tag":[171,32],"class_list":{"0":"post-2529","1":"product","2":"type-product","3":"status-publish","4":"has-post-thumbnail","6":"product_cat-2-mpx-turbo-kameros","7":"product_tag-ds-2ce72dft","8":"product_tag-hikvision","10":"first","11":"instock","12":"shipping-taxable","13":"purchasable","14":"product-type-simple"},"jetpack_sharing_enabled":true,"_links":{"self":[{"href":"https:\/\/apsaugos.lt\/index.php?rest_route=\/wp\/v2\/product\/2529","targetHints":{"allow":["GET"]}}],"collection":[{"href":"https:\/\/apsaugos.lt\/index.php?rest_route=\/wp\/v2\/product"}],"about":[{"href":"https:\/\/apsaugos.lt\/index.php?rest_route=\/wp\/v2\/types\/product"}],"replies":[{"embeddable":true,"href":"https:\/\/apsaugos.lt\/index.php?rest_route=%2Fwp%2Fv2%2Fcomments&post=2529"}],"wp:featuredmedia":[{"embeddable":true,"href":"https:\/\/apsaugos.lt\/index.php?rest_route=\/wp\/v2\/media\/673"}],"wp:attachment":[{"href":"https:\/\/apsaugos.lt\/index.php?rest_route=%2Fwp%2Fv2%2Fmedia&parent=2529"}],"wp:term":[{"taxonomy":"product_brand","embeddable":true,"href":"https:\/\/apsaugos.lt\/index.php?rest_route=%2Fwp%2Fv2%2Fproduct_brand&post=2529"},{"taxonomy":"product_cat","embeddable":true,"href":"https:\/\/apsaugos.lt\/index.php?rest_route=%2Fwp%2Fv2%2Fproduct_cat&post=2529"},{"taxonomy":"product_tag","embeddable":true,"href":"https:\/\/apsaugos.lt\/index.php?rest_route=%2Fwp%2Fv2%2Fproduct_tag&post=2529"}],"curies":[{"name":"wp","href":"https:\/\/api.w.org\/{rel}","templated":true}]}}