{"id":2531,"date":"2021-02-22T12:25:48","date_gmt":"2021-02-22T10:25:48","guid":{"rendered":"http:\/\/apsaugos.lt\/?product=import-placeholder-for-4248"},"modified":"2021-02-22T12:25:51","modified_gmt":"2021-02-22T10:25:51","slug":"gsm-modulis-g10","status":"publish","type":"product","link":"https:\/\/apsaugos.lt\/?product=gsm-modulis-g10","title":{"rendered":"GSM modulis G10"},"content":{"rendered":"<table border=\"1\">\n<tbody>\n<tr>\n<td align=\"center\">\n<p align=\"left\">Pagrindinis ry\u0161ys su CSP* imtuvu<\/p>\n<\/td>\n<td align=\"center\">\n<p align=\"left\">nustatomas GPRS, CSD arba SMS<\/p>\n<\/td>\n<\/tr>\n<tr>\n<td align=\"center\">\n<p align=\"left\">Alternatyvus ry\u0161ys su CSP imtuvu<\/p>\n<\/td>\n<td align=\"center\">\n<p align=\"left\">nustatomas GPRS, CSD arba SMS<\/p>\n<\/td>\n<\/tr>\n<tr>\n<td align=\"center\">\n<p align=\"left\">Perdavimas per GPRS<\/p>\n<\/td>\n<td align=\"center\">\n<p align=\"left\">TCP\/IP arba UDP\/IP protokolais<\/p>\n<\/td>\n<\/tr>\n<tr>\n<td align=\"center\">\n<p align=\"left\">Prane\u0161im\u0173 turinys<\/p>\n<\/td>\n<td align=\"center\">\n<p align=\"left\">Ademco Contact ID protokolo kodais<\/p>\n<\/td>\n<\/tr>\n<tr>\n<td align=\"center\">\n<p align=\"left\">Prane\u0161imai \u012f 4 mobiliuosius telefonus<\/p>\n<\/td>\n<td align=\"center\">\n<p align=\"left\">tekstin\u0117mis SMS \u017einut\u0117mis<\/p>\n<\/td>\n<\/tr>\n<tr>\n<td align=\"center\">\n<p align=\"left\">Modemo da\u017eniai<\/p>\n<\/td>\n<td align=\"center\">\n<p align=\"left\">850\/900\/1800 MHz<\/p>\n<\/td>\n<\/tr>\n<tr>\n<td align=\"center\">\n<p align=\"left\">Maitinimo \u012ftampa<\/p>\n<\/td>\n<td align=\"center\">\n<p align=\"left\">nuolatin\u0117 12,6 V, 10-15 V<\/p>\n<\/td>\n<\/tr>\n<tr>\n<td align=\"center\">\n<p align=\"left\">Naudojama srov\u0117<\/p>\n<\/td>\n<td align=\"center\">\n<p align=\"left\">budint 60 &#8211; 100 mA,<\/p>\n<p align=\"left\">siun\u010diant duomenis iki 250 mA<\/p>\n<\/td>\n<\/tr>\n<tr>\n<td align=\"center\">\n<p align=\"left\">\u012e\u0117jimas<\/p>\n<\/td>\n<td align=\"center\">\n<p align=\"left\">2 x NC<\/p>\n<\/td>\n<\/tr>\n<tr>\n<td align=\"center\">\n<p align=\"left\">I\u0161\u0117jimas<\/p>\n<\/td>\n<td align=\"center\">\n<p align=\"left\">1 x OC tipo, komutuojantis 30 V, 100 mA<\/p>\n<\/td>\n<\/tr>\n<tr>\n<td align=\"center\">\n<p align=\"left\">Atmintis<\/p>\n<\/td>\n<td align=\"center\">\n<p align=\"left\">60 prane\u0161im\u0173<\/p>\n<\/td>\n<\/tr>\n<tr>\n<td>Darbin\u0117 temperat\u016bra<\/td>\n<td>nuo -10 \u00b0C iki +55 \u00b0C<\/td>\n<\/tr>\n<tr>\n<td>Modulio matmenys<\/td>\n<td>85 x 65 x 25 mm<\/td>\n<\/tr>\n<tr>\n<td>Modulio mas\u0117<\/td>\n<td>0,1 kg<\/td>\n<\/tr>\n<\/tbody>\n<\/table>\n","protected":false},"excerpt":{"rendered":"<p>G10 &#8211; komunikatorius, skirtas apsaugos centrali\u0173 prane\u0161imams perduoti \u012f steb\u0117jimo pult\u0105 GSM ry\u0161io kanalais.<\/p>\n<p>\u2022 \u012e steb\u0117jimo pult\u0105 prane\u0161imai perduodami GPRS, CSD arba SMS kanalais<br \/>\n\u2022 Nutr\u016bkus ry\u0161iui pagrindiniu kanalu, gali prane\u0161imus perduoti alternatyviu GSM ry\u0161io kanalu<br \/>\n\u2022 Suderintas su Paradox, DSC, GE, Pyronix apsaugos central\u0117mis<br \/>\n\u2022 Jungiamas prie DSC, Pyronix, GE apsaugos centrali\u0173 bendrosios magistral\u0117s<br \/>\n\u2022 Jungiamas prie Paradox apsaugos centrali\u0173 nuosekliojo i\u0161\u0117jimo<br \/>\n\u2022 Perduodami prane\u0161imai atitinka Ademco Contact ID protokolo kodus<br \/>\n\u2022 Galimyb\u0117 si\u0173sti prane\u0161imus tekstin\u0117mis SMS \u017einut\u0117mis \u012f 4 mobiliuosius telefonus<br \/>\n\u2022 Galimyb\u0117 apsira\u0161yti \u012fvykius lietuvi\u0161kais ra\u0161menimis<br \/>\n\u2022 Galimyb\u0117 nuotoliniu b\u016bdu keisti i\u0161\u0117jimo b\u016bsen\u0105<br \/>\n\u2022 Galimyb\u0117 nuotoliniu b\u016bdu komunikatori\u0173 konfig\u016bruoti ar atnaujinti veikimo program\u0105<br \/>\n\u2022 Du prieigos prie parametr\u0173 keitimo lygiai<\/p>\n","protected":false},"featured_media":675,"comment_status":"closed","ping_status":"closed","template":"","meta":[],"product_brand":[],"product_cat":[173],"product_tag":[110],"class_list":{"0":"post-2531","1":"product","2":"type-product","3":"status-publish","4":"has-post-thumbnail","6":"product_cat-trikdis-iranga","7":"product_tag-trikdis","9":"first","10":"instock","11":"shipping-taxable","12":"purchasable","13":"product-type-simple"},"jetpack_sharing_enabled":true,"_links":{"self":[{"href":"https:\/\/apsaugos.lt\/index.php?rest_route=\/wp\/v2\/product\/2531","targetHints":{"allow":["GET"]}}],"collection":[{"href":"https:\/\/apsaugos.lt\/index.php?rest_route=\/wp\/v2\/product"}],"about":[{"href":"https:\/\/apsaugos.lt\/index.php?rest_route=\/wp\/v2\/types\/product"}],"replies":[{"embeddable":true,"href":"https:\/\/apsaugos.lt\/index.php?rest_route=%2Fwp%2Fv2%2Fcomments&post=2531"}],"wp:featuredmedia":[{"embeddable":true,"href":"https:\/\/apsaugos.lt\/index.php?rest_route=\/wp\/v2\/media\/675"}],"wp:attachment":[{"href":"https:\/\/apsaugos.lt\/index.php?rest_route=%2Fwp%2Fv2%2Fmedia&parent=2531"}],"wp:term":[{"taxonomy":"product_brand","embeddable":true,"href":"https:\/\/apsaugos.lt\/index.php?rest_route=%2Fwp%2Fv2%2Fproduct_brand&post=2531"},{"taxonomy":"product_cat","embeddable":true,"href":"https:\/\/apsaugos.lt\/index.php?rest_route=%2Fwp%2Fv2%2Fproduct_cat&post=2531"},{"taxonomy":"product_tag","embeddable":true,"href":"https:\/\/apsaugos.lt\/index.php?rest_route=%2Fwp%2Fv2%2Fproduct_tag&post=2531"}],"curies":[{"name":"wp","href":"https:\/\/api.w.org\/{rel}","templated":true}]}}