{"id":2532,"date":"2021-02-22T12:25:48","date_gmt":"2021-02-22T10:25:48","guid":{"rendered":"http:\/\/apsaugos.lt\/?product=import-placeholder-for-4250"},"modified":"2021-02-22T12:25:51","modified_gmt":"2021-02-22T10:25:51","slug":"gsm-komunikatorius-g17f-trikdis","status":"publish","type":"product","link":"https:\/\/apsaugos.lt\/?product=gsm-komunikatorius-g17f-trikdis","title":{"rendered":"GSM komunikatorius G17F Trikdis"},"content":{"rendered":"<table border=\"1\">\n<tbody>\n<tr>\n<td>GSM modemo da\u017eniai<\/td>\n<td>850 \/ 900 \/ 1800 \/ 1900 MHz<\/td>\n<\/tr>\n<tr>\n<td>3G modemo da\u017eniai<\/td>\n<td>800 \/ 850 \/ 900 \/ 1900 \/ 2100 MHz<\/td>\n<\/tr>\n<tr>\n<td>LTE modemo da\u017eniai<\/td>\n<td>700 \/ 800 \/ 900 \/ 1800 \/ 2100 \/ 2600 MHz<\/td>\n<\/tr>\n<tr>\n<td>Maitinimo \u012ftampa<\/td>\n<td>9-32 VDC<\/td>\n<\/tr>\n<tr>\n<td>Srov\u0117s suvartojimas<\/td>\n<td>50 mA (bud\u0117jimo r\u0117\u017eimas)<\/p>\n<p>Iki 200 mA (perdavimo r\u0117\u017eimas)<\/td>\n<\/tr>\n<tr>\n<td>Perdavimo protokolai<\/td>\n<td>TRK\/ DC-09_2007\/ DC-09_2012<\/td>\n<\/tr>\n<tr>\n<td>Ry\u0161ys su CSP<\/td>\n<td>TCP\/IP arba UDP\/IP, SMS<\/td>\n<\/tr>\n<tr>\n<td>Atmintis<\/td>\n<td>Iki 60 prane\u0161im\u0173<\/td>\n<\/tr>\n<tr>\n<td>\u012e\u0117jimai ir i\u0161\u0117jimai<\/td>\n<td>3 \u012f\u0117jimai, 3 dvigubos paskirties kontaktai,\u00a0 skirti \u012f\u0117jim\u0173 arba i\u0161\u0117jim\u0173 funkcijoms nustatyti<\/p>\n<p>Pasirenkamo tipo \u012f\u0117jimai: NC, NO, EOL (10k\u2126)<\/td>\n<\/tr>\n<tr>\n<td>\u012evyki\u0173 perdavimas<\/td>\n<td>Kontaktiniai ID kodai<\/td>\n<\/tr>\n<tr>\n<td>\u0160ifravimo raktas<\/td>\n<td>6 simboli\u0173 \u0161ifravimo raktas<\/td>\n<\/tr>\n<tr>\n<td>Parametr\u0173 konfig\u016bravimas<\/td>\n<td>Vietoje per USB arba nuotoliniu b\u016bdu<\/td>\n<\/tr>\n<tr>\n<td>Darbo aplinka<\/td>\n<td>Temperat\u016bra nuo -10 \u00b0C iki 50 \u00b0C, santykinis oro dr\u0117gnumas \u2013 iki 80% prie +20 \u00b0C<\/td>\n<\/tr>\n<tr>\n<td>Parametrai<\/td>\n<td>65 x 77 x 25 mm<\/td>\n<\/tr>\n<tr>\n<td>Svoris<\/td>\n<td>0,08 kg<\/td>\n<\/tr>\n<\/tbody>\n<\/table>\n","protected":false},"excerpt":{"rendered":"<ul>\n<li>Vienas pagrindinis ry\u0161io kanalas<\/li>\n<li>Du atsarginiai kanalai<\/li>\n<li>Ry\u0161io valdymas su CSP<\/li>\n<li>\u012evyki\u0173 prane\u0161imai perduodami Contact ID kodais<\/li>\n<li>Klientai informuojami apie \u012fvykius:\u00a0Protegus program\u0117l\u0117je,\u00a0SMS \u017einut\u0117mis<\/li>\n<li>6 pasirenkamo tipo \u012f\u0117jimai: NC, NO, EOL (10k\u03a9)<\/li>\n<li>RS485 jungtis, su kuria galima prijungti iO \u012f\u0117jim\u0173 ir i\u0161\u0117jim\u0173 pl\u0117tiklius.<\/li>\n<li>3 \u012fvesties, 3 dvigubos paskirties sraigtiniai terminalai, skirti \u012f\u0117jim\u0173 arba i\u0161\u0117jim\u0173 funkcijoms nustatyti<\/li>\n<li>Naudojant iO serijos pl\u0117tiklius, galima i\u0161pl\u0117sti \u012f\u0117jim\u0173 skai\u010di\u0173 iki 12<\/li>\n<\/ul>\n","protected":false},"featured_media":676,"comment_status":"closed","ping_status":"closed","template":"","meta":[],"product_brand":[],"product_cat":[173],"product_tag":[110],"class_list":{"0":"post-2532","1":"product","2":"type-product","3":"status-publish","4":"has-post-thumbnail","6":"product_cat-trikdis-iranga","7":"product_tag-trikdis","9":"first","10":"instock","11":"shipping-taxable","12":"purchasable","13":"product-type-simple"},"jetpack_sharing_enabled":true,"_links":{"self":[{"href":"https:\/\/apsaugos.lt\/index.php?rest_route=\/wp\/v2\/product\/2532","targetHints":{"allow":["GET"]}}],"collection":[{"href":"https:\/\/apsaugos.lt\/index.php?rest_route=\/wp\/v2\/product"}],"about":[{"href":"https:\/\/apsaugos.lt\/index.php?rest_route=\/wp\/v2\/types\/product"}],"replies":[{"embeddable":true,"href":"https:\/\/apsaugos.lt\/index.php?rest_route=%2Fwp%2Fv2%2Fcomments&post=2532"}],"wp:featuredmedia":[{"embeddable":true,"href":"https:\/\/apsaugos.lt\/index.php?rest_route=\/wp\/v2\/media\/676"}],"wp:attachment":[{"href":"https:\/\/apsaugos.lt\/index.php?rest_route=%2Fwp%2Fv2%2Fmedia&parent=2532"}],"wp:term":[{"taxonomy":"product_brand","embeddable":true,"href":"https:\/\/apsaugos.lt\/index.php?rest_route=%2Fwp%2Fv2%2Fproduct_brand&post=2532"},{"taxonomy":"product_cat","embeddable":true,"href":"https:\/\/apsaugos.lt\/index.php?rest_route=%2Fwp%2Fv2%2Fproduct_cat&post=2532"},{"taxonomy":"product_tag","embeddable":true,"href":"https:\/\/apsaugos.lt\/index.php?rest_route=%2Fwp%2Fv2%2Fproduct_tag&post=2532"}],"curies":[{"name":"wp","href":"https:\/\/api.w.org\/{rel}","templated":true}]}}