{"id":2533,"date":"2021-02-22T12:25:48","date_gmt":"2021-02-22T10:25:48","guid":{"rendered":"http:\/\/apsaugos.lt\/?product=import-placeholder-for-4252"},"modified":"2021-02-22T12:25:51","modified_gmt":"2021-02-22T10:25:51","slug":"32-zonu-klaviatura-trikdis-protegus-sk232ledw","status":"publish","type":"product","link":"https:\/\/apsaugos.lt\/?product=32-zonu-klaviatura-trikdis-protegus-sk232ledw","title":{"rendered":"32 zon\u0173 klaviat\u016bra Trikdis Protegus SK232LEDW"},"content":{"rendered":"<ul>\n<li>32 zon\u0173 sensorin\u0117 klaviat\u016bra, suderinama su centrale SP231<\/li>\n<li>Baltos spalvos korpusas<\/li>\n<li>Pilna \u012fvyki\u0173 32-oje zon\u0173 LED indikacija<\/li>\n<li>2 sritys<\/li>\n<li>Lyt\u0117jimui jautr\u016bs valdymo klavi\u0161ai<\/li>\n<li>Dvilaid\u017ei\u0173 gaisro jutikli\u0173 valdymas<\/li>\n<li>\u0160viesumo ir garso reguliavimas<\/li>\n<li>Automatinis indikacijos prigesimas<\/li>\n<li>Suderinama su SP2321 centrale<\/li>\n<li>Maitinimo \u012ftampa 10-15V DC<\/li>\n<li>Naudojama srov\u0117 60-150mA<\/li>\n<li>Matmenys 152 x 115 x 22 mm<\/li>\n<\/ul>\n","protected":false},"excerpt":{"rendered":"<p>32 zon\u0173 sensorin\u0117 klaviat\u016bra, suderinama su centrale SP231 Baltos spalvos korpusas Pilna \u012fvyki\u0173 32-oje zon\u0173 LED indikacija 2 sritys Lyt\u0117jimui jautr\u016bs valdymo klavi\u0161ai Dvilaid\u017ei\u0173 gaisro jutikli\u0173 valdymas \u0160viesumo ir garso reguliavimas Automatinis indikacijos prigesimas Suderinama su SP2321 centrale Maitinimo \u012ftampa 10-15V DC Naudojama srov\u0117 60-150mA Matmenys 152 x 115 x 22 mm<\/p>\n","protected":false},"featured_media":677,"comment_status":"closed","ping_status":"closed","template":"","meta":[],"product_brand":[],"product_cat":[173],"product_tag":[110],"class_list":{"0":"post-2533","1":"product","2":"type-product","3":"status-publish","4":"has-post-thumbnail","6":"product_cat-trikdis-iranga","7":"product_tag-trikdis","9":"first","10":"instock","11":"shipping-taxable","12":"purchasable","13":"product-type-simple"},"jetpack_sharing_enabled":true,"_links":{"self":[{"href":"https:\/\/apsaugos.lt\/index.php?rest_route=\/wp\/v2\/product\/2533","targetHints":{"allow":["GET"]}}],"collection":[{"href":"https:\/\/apsaugos.lt\/index.php?rest_route=\/wp\/v2\/product"}],"about":[{"href":"https:\/\/apsaugos.lt\/index.php?rest_route=\/wp\/v2\/types\/product"}],"replies":[{"embeddable":true,"href":"https:\/\/apsaugos.lt\/index.php?rest_route=%2Fwp%2Fv2%2Fcomments&post=2533"}],"wp:featuredmedia":[{"embeddable":true,"href":"https:\/\/apsaugos.lt\/index.php?rest_route=\/wp\/v2\/media\/677"}],"wp:attachment":[{"href":"https:\/\/apsaugos.lt\/index.php?rest_route=%2Fwp%2Fv2%2Fmedia&parent=2533"}],"wp:term":[{"taxonomy":"product_brand","embeddable":true,"href":"https:\/\/apsaugos.lt\/index.php?rest_route=%2Fwp%2Fv2%2Fproduct_brand&post=2533"},{"taxonomy":"product_cat","embeddable":true,"href":"https:\/\/apsaugos.lt\/index.php?rest_route=%2Fwp%2Fv2%2Fproduct_cat&post=2533"},{"taxonomy":"product_tag","embeddable":true,"href":"https:\/\/apsaugos.lt\/index.php?rest_route=%2Fwp%2Fv2%2Fproduct_tag&post=2533"}],"curies":[{"name":"wp","href":"https:\/\/api.w.org\/{rel}","templated":true}]}}