{"id":2534,"date":"2021-02-22T12:25:48","date_gmt":"2021-02-22T10:25:48","guid":{"rendered":"http:\/\/apsaugos.lt\/?product=import-placeholder-for-4254"},"modified":"2021-02-22T12:25:51","modified_gmt":"2021-02-22T10:25:51","slug":"zonu-ispletimo-modulis-trikdis-cz8","status":"publish","type":"product","link":"https:\/\/apsaugos.lt\/?product=zonu-ispletimo-modulis-trikdis-cz8","title":{"rendered":"Zon\u0173 i\u0161pl\u0117timo modulis Trikdis CZ8"},"content":{"rendered":"<ul>\n<li>CZ8 &#8211; i\u0161orin\u0117 s\u0105saja, skirta apsaugos modulio SP231, SP131, CG3 \u012f\u0117jim\u0173 skai\u010diui padidinti.<\/li>\n<li>8 \u012f\u0117jimai, nustatomas NC, NO arba EOL=2,2 k\u03a9 tipas<\/li>\n<li>Maitinimas 10-15V DC, naudojama srov\u0117 iki 100mA<\/li>\n<li>Naudojimo temperat\u016bra nuo -10 \u00b0C iki +55 \u00b0C<\/li>\n<li>Matmenys 95 x 50 x 17 mm.<\/li>\n<\/ul>\n","protected":false},"excerpt":{"rendered":"<p>CZ8 &#8211; i\u0161orin\u0117 s\u0105saja, skirta apsaugos modulio SP231, SP131, CG3 \u012f\u0117jim\u0173 skai\u010diui padidinti. 8 \u012f\u0117jimai, nustatomas NC, NO arba EOL=2,2 k\u03a9 tipas Maitinimas 10-15V DC, naudojama srov\u0117 iki 100mA Naudojimo temperat\u016bra nuo -10 \u00b0C iki +55 \u00b0C Matmenys 95 x 50 x 17 mm.<\/p>\n","protected":false},"featured_media":678,"comment_status":"closed","ping_status":"closed","template":"","meta":[],"product_brand":[],"product_cat":[173],"product_tag":[110],"class_list":{"0":"post-2534","1":"product","2":"type-product","3":"status-publish","4":"has-post-thumbnail","6":"product_cat-trikdis-iranga","7":"product_tag-trikdis","9":"first","10":"instock","11":"shipping-taxable","12":"purchasable","13":"product-type-simple"},"jetpack_sharing_enabled":true,"_links":{"self":[{"href":"https:\/\/apsaugos.lt\/index.php?rest_route=\/wp\/v2\/product\/2534","targetHints":{"allow":["GET"]}}],"collection":[{"href":"https:\/\/apsaugos.lt\/index.php?rest_route=\/wp\/v2\/product"}],"about":[{"href":"https:\/\/apsaugos.lt\/index.php?rest_route=\/wp\/v2\/types\/product"}],"replies":[{"embeddable":true,"href":"https:\/\/apsaugos.lt\/index.php?rest_route=%2Fwp%2Fv2%2Fcomments&post=2534"}],"wp:featuredmedia":[{"embeddable":true,"href":"https:\/\/apsaugos.lt\/index.php?rest_route=\/wp\/v2\/media\/678"}],"wp:attachment":[{"href":"https:\/\/apsaugos.lt\/index.php?rest_route=%2Fwp%2Fv2%2Fmedia&parent=2534"}],"wp:term":[{"taxonomy":"product_brand","embeddable":true,"href":"https:\/\/apsaugos.lt\/index.php?rest_route=%2Fwp%2Fv2%2Fproduct_brand&post=2534"},{"taxonomy":"product_cat","embeddable":true,"href":"https:\/\/apsaugos.lt\/index.php?rest_route=%2Fwp%2Fv2%2Fproduct_cat&post=2534"},{"taxonomy":"product_tag","embeddable":true,"href":"https:\/\/apsaugos.lt\/index.php?rest_route=%2Fwp%2Fv2%2Fproduct_tag&post=2534"}],"curies":[{"name":"wp","href":"https:\/\/api.w.org\/{rel}","templated":true}]}}