{"id":2535,"date":"2021-02-22T12:25:48","date_gmt":"2021-02-22T10:25:48","guid":{"rendered":"http:\/\/apsaugos.lt\/?product=import-placeholder-for-4256"},"modified":"2021-02-22T12:25:51","modified_gmt":"2021-02-22T10:25:51","slug":"gsm-valdiklis-cg17-trikdis","status":"publish","type":"product","link":"https:\/\/apsaugos.lt\/?product=gsm-valdiklis-cg17-trikdis","title":{"rendered":"GSM valdiklis CG17 Trikdis"},"content":{"rendered":"<ul>\n<li>Maitinimo \u012ftampa:\u00a0nuolatin\u0117 16 \u2013 24 V arba kintama 16 &#8211; 18 V;<\/li>\n<li>Naudojama srov\u0117: budint &#8211; 50 mA,\u00a0siun\u010diant duomenis &#8211; iki 200 mA;<\/li>\n<li>GSM modemo da\u017eniai: 850 \/ 900 \/ 1800 \/ 1900 MHz;<\/li>\n<li>3G modemo da\u017eniai: 800 \/ 850 \/ 900 \/ 1900 \/ 2100 MHz;<\/li>\n<li>Ry\u0161ys su CSP &#8211; \u0161ifruotas TCP\/IP arba UDP\/IP, SMS;<\/li>\n<li>\u012evyki\u0173 \u0161ifravimas &#8211; TRK \/ 6 simboli\u0173 raktas;<\/li>\n<li>Akumuliatoriaus krovimo srov\u0117 500mA maks.;<\/li>\n<li>Atmintis iki 60 prane\u0161im\u0173;<\/li>\n<li>\u012e\u0117jimai &#8211; iki 4, pasirenkamo tipo (NC, NO, EOL (10kOhm));<\/li>\n<li>I\u0161\u0117jimai &#8211; iki 5 x OC tipo i\u0161\u0117jim\u0173 (1 I\u0160, 2 I\u0160, 3 I\u0160 &#8211; 100mA, 4 I\u0160, 5 I\u0160 &#8211; 1A);<\/li>\n<li>\u012evyki\u0173 perdavimas &#8211; Contact ID kodai;<\/li>\n<li>Darbin\u0117 temperat\u016bra nuo -10\u00b0C iki +50\u00b0C;<\/li>\n<li>Modulio matmenys 95 x 65 x 25 mm.<\/li>\n<\/ul>\n","protected":false},"excerpt":{"rendered":"<p>Komunikatorius, kuris informuoja vartotojus apie apsaugos sistemos \u012fvykius Protegus program\u0117l\u0117je, su SMS arba perskaitantis prane\u0161imus balsu. Komunikatorius, kuris siun\u010dia \u012fvyki\u0173 prane\u0161imus \u012f saugos tarnyb\u0105. Valdiklis, su kuriuo galima valdyti vartus, \u0161ildymo ar ventiliacijos sistemas ir kit\u0105 \u012frang\u0105 nuotoliniu b\u016bdu. Central\u0117 apsaugai nuo \u012fsilau\u017eimo ar gaisro, kuri\u0105 galima steb\u0117ti ir valdyti (Arm\/Disarm) nuotoliniu b\u016bdu.<\/p>\n","protected":false},"featured_media":676,"comment_status":"closed","ping_status":"closed","template":"","meta":[],"product_brand":[],"product_cat":[173],"product_tag":[110],"class_list":{"0":"post-2535","1":"product","2":"type-product","3":"status-publish","4":"has-post-thumbnail","6":"product_cat-trikdis-iranga","7":"product_tag-trikdis","9":"first","10":"instock","11":"shipping-taxable","12":"purchasable","13":"product-type-simple"},"jetpack_sharing_enabled":true,"_links":{"self":[{"href":"https:\/\/apsaugos.lt\/index.php?rest_route=\/wp\/v2\/product\/2535","targetHints":{"allow":["GET"]}}],"collection":[{"href":"https:\/\/apsaugos.lt\/index.php?rest_route=\/wp\/v2\/product"}],"about":[{"href":"https:\/\/apsaugos.lt\/index.php?rest_route=\/wp\/v2\/types\/product"}],"replies":[{"embeddable":true,"href":"https:\/\/apsaugos.lt\/index.php?rest_route=%2Fwp%2Fv2%2Fcomments&post=2535"}],"wp:featuredmedia":[{"embeddable":true,"href":"https:\/\/apsaugos.lt\/index.php?rest_route=\/wp\/v2\/media\/676"}],"wp:attachment":[{"href":"https:\/\/apsaugos.lt\/index.php?rest_route=%2Fwp%2Fv2%2Fmedia&parent=2535"}],"wp:term":[{"taxonomy":"product_brand","embeddable":true,"href":"https:\/\/apsaugos.lt\/index.php?rest_route=%2Fwp%2Fv2%2Fproduct_brand&post=2535"},{"taxonomy":"product_cat","embeddable":true,"href":"https:\/\/apsaugos.lt\/index.php?rest_route=%2Fwp%2Fv2%2Fproduct_cat&post=2535"},{"taxonomy":"product_tag","embeddable":true,"href":"https:\/\/apsaugos.lt\/index.php?rest_route=%2Fwp%2Fv2%2Fproduct_tag&post=2535"}],"curies":[{"name":"wp","href":"https:\/\/api.w.org\/{rel}","templated":true}]}}