{"id":2536,"date":"2021-02-22T12:25:48","date_gmt":"2021-02-22T10:25:48","guid":{"rendered":"http:\/\/apsaugos.lt\/?product=import-placeholder-for-4257"},"modified":"2021-02-22T12:25:51","modified_gmt":"2021-02-22T10:25:51","slug":"gsm-komunikatorius-trikdis-g16t","status":"publish","type":"product","link":"https:\/\/apsaugos.lt\/?product=gsm-komunikatorius-trikdis-g16t","title":{"rendered":"GSM komunikatorius Trikdis G16T"},"content":{"rendered":"<ul>\n<li>Prane\u0161imus gali perduoti i\u0161kart net \u012f 2 saugos tarnyb\u0173 pultus ir \u012f Protegus debesij\u0105 vienu metu.<\/li>\n<li>Prane\u0161imai perduodami per GPRS, SMS ir\/arba trumpuoju GSM skambu\u010diu.<\/li>\n<li>Ry\u0161io su kiekvienu prane\u0161im\u0173 imtuvu kontrol\u0117. Ry\u0161iui su bet kuriuo imtuvu nutr\u016bkus, prane\u0161imai automati\u0161kai bus perduoti \u012f to imtuvo atsargin\u012f imtuv\u0105.<\/li>\n<li>Prane\u0161imai perduodami \u012f saugos tarnybos pult\u0105 ir Protegus debesij\u0105 Contact ID kodais, o SMS \u017einut\u0117mis \u2013 \u012f mobiliuosius telefonus;<\/li>\n<li>Gali ne tik priimti suderinam\u0173 signalizavimo sistem\u0173 prane\u0161imus, bet ir perduoti serg\u0117jimo \u012fjungimo\/i\u0161jungimo komandas. Taigi, ne tik bet kada ir b\u016bdamas bet kur \u017einosite, kokiu re\u017eimu saugomos J\u016bs\u0173 patalpos, bet ir nuotoliniu b\u016bdu \u012fjungsite sistem\u0105, kad patalpas serg\u0117t\u0173 pageidaujamu re\u017eimu.<\/li>\n<li>Du nuotoliniu b\u016bdu valdomi OUT i\u0161\u0117jimai. Galimyb\u0117 nuotoliniu b\u016bdu paleisti veikti arba sustabdyti kelias kitas elektronines sistemas.<\/li>\n<li>Iki 1 km ilgio laidin\u0117 magistral\u0117, skirta prijungti pl\u0117tiklius ir prid\u0117ti papildomus NC\/NO tipo \u012f\u0117jimus, nuotoliniu b\u016bdu arba pagal nustatyt\u0105 logik\u0105 valdomus i\u0161\u0117jimus ir net gauti temperat\u016bros reik\u0161mes. Galimyb\u0117 steb\u0117ti ir valdyti kitas net ir labai nutolusias elektronines sistemas.<\/li>\n<li>Nuotolinis ir per USB veikimo konfig\u016bravimas ir valdymas programa TrikdisConfig. Joki\u0173 USB tvarkykli\u0173!<\/li>\n<li>Greitai:\u00a0RS485 magistral\u0117s laidinis ir belaidis pl\u0117tikliai G16-o funkcionalumui padidinti.<\/li>\n<li>Modemo da\u017eniai &#8211; 850 \/ 900 \/ 1800 \/ 1900 MHz;<\/li>\n<li>Maitinimo \u012ftampa &#8211; nuolatin\u0117 10-18 V;<\/li>\n<li>Naudojama srov\u0117 &#8211; 60 &#8211; 100 mA (budint), iki 250 mA (siun\u010diant duomenis);<\/li>\n<li>\u012e\u0117jimas &#8211; 1, pasirenkamas NC arba NO tipas;<\/li>\n<li>I\u0161\u0117jimai &#8211; 2, OC tipas, monostabilus arba bistabilus veikimas, 0,15 A, 30 V maks.;<\/li>\n<li>Atmintis &#8211; iki 60 prane\u0161im\u0173;<\/li>\n<li>Perdavimo protokolai &#8211; TRK, DC-09_2007, DC-09_2012;<\/li>\n<li>Prane\u0161im\u0173 \u0161ifravimas &#8211; AES 128;<\/li>\n<li>Veikimo konfig\u016bravimas &#8211; su kompiuterio programa TrikdisConfig nuotoliniu b\u016bdu arba per USB;<\/li>\n<li>Darbin\u0117 temperat\u016bra &#8211; nuo -10 \u00b0C iki +55 \u00b0C<\/li>\n<li>Modulio matmenys &#8211; 65 x 77 x 25 mm;<\/li>\n<\/ul>\n","protected":false},"excerpt":{"rendered":"<p>Komunikatorius G16 yra patalp\u0173 apsaugos sistemos dalis, skirta perduoti \u012fvyki\u0173 prane\u0161imus per GSM ry\u0161io tinklus, kad b\u016bt\u0173 galima profesionaliai ir\/arba individualiai saugoti patalpas. G16T suderinamas su J\u016bs\u0173 pasirinkto gamintojo \u012fsibrovimo pavojaus signalizavimo sistemos central\u0117s telefoniniu komunikatoriumi, o jo perduodamus prane\u0161imus gali priimti beveik vis\u0173 Lietuvoje veikian\u010di\u0173 saugos tarnyb\u0173 pultai.<\/p>\n","protected":false},"featured_media":679,"comment_status":"closed","ping_status":"closed","template":"","meta":[],"product_brand":[],"product_cat":[173],"product_tag":[110],"class_list":{"0":"post-2536","1":"product","2":"type-product","3":"status-publish","4":"has-post-thumbnail","6":"product_cat-trikdis-iranga","7":"product_tag-trikdis","9":"first","10":"instock","11":"shipping-taxable","12":"purchasable","13":"product-type-simple"},"jetpack_sharing_enabled":true,"_links":{"self":[{"href":"https:\/\/apsaugos.lt\/index.php?rest_route=\/wp\/v2\/product\/2536","targetHints":{"allow":["GET"]}}],"collection":[{"href":"https:\/\/apsaugos.lt\/index.php?rest_route=\/wp\/v2\/product"}],"about":[{"href":"https:\/\/apsaugos.lt\/index.php?rest_route=\/wp\/v2\/types\/product"}],"replies":[{"embeddable":true,"href":"https:\/\/apsaugos.lt\/index.php?rest_route=%2Fwp%2Fv2%2Fcomments&post=2536"}],"wp:featuredmedia":[{"embeddable":true,"href":"https:\/\/apsaugos.lt\/index.php?rest_route=\/wp\/v2\/media\/679"}],"wp:attachment":[{"href":"https:\/\/apsaugos.lt\/index.php?rest_route=%2Fwp%2Fv2%2Fmedia&parent=2536"}],"wp:term":[{"taxonomy":"product_brand","embeddable":true,"href":"https:\/\/apsaugos.lt\/index.php?rest_route=%2Fwp%2Fv2%2Fproduct_brand&post=2536"},{"taxonomy":"product_cat","embeddable":true,"href":"https:\/\/apsaugos.lt\/index.php?rest_route=%2Fwp%2Fv2%2Fproduct_cat&post=2536"},{"taxonomy":"product_tag","embeddable":true,"href":"https:\/\/apsaugos.lt\/index.php?rest_route=%2Fwp%2Fv2%2Fproduct_tag&post=2536"}],"curies":[{"name":"wp","href":"https:\/\/api.w.org\/{rel}","templated":true}]}}