{"id":2537,"date":"2021-02-22T12:25:48","date_gmt":"2021-02-22T10:25:48","guid":{"rendered":"http:\/\/apsaugos.lt\/?product=import-placeholder-for-4259"},"modified":"2021-02-22T12:25:51","modified_gmt":"2021-02-22T10:25:51","slug":"trikdis-sp131kit-apsaugos-centrale","status":"publish","type":"product","link":"https:\/\/apsaugos.lt\/?product=trikdis-sp131kit-apsaugos-centrale","title":{"rendered":"Trikdis SP131KIT apsaugos central\u0117"},"content":{"rendered":"<table border=\"1\">\n<tbody>\n<tr>\n<td>\u012evestys<\/td>\n<td>8, of NC, NO or EOL=2,2 k\u03a9 type<\/p>\n<p>Expandable up to 32 with input expansion modules<\/td>\n<\/tr>\n<tr>\n<td>Zonos<\/td>\n<td>9 types, including two-wire fire zone<\/td>\n<\/tr>\n<tr>\n<td>I\u0161pl\u0117tim\u0173 skai\u010dius<\/td>\n<td>Up to 16, including keypads and additional alarm transmitters<\/td>\n<\/tr>\n<tr>\n<td>PGM i\u0161vestys<\/td>\n<td>4, OC type, switching up to 30 V, 1.5A<\/td>\n<\/tr>\n<tr>\n<td>Apsaugos r\u0117\u017eimai<\/td>\n<td>4,\u00a0ARM \/ STAY \/ STAY DELAY \/ OFF<\/td>\n<\/tr>\n<tr>\n<td>Zon\u0173 i\u0161vesngimo funkcija<\/td>\n<td>Yes<\/td>\n<\/tr>\n<tr>\n<td>Kod\u0173 skai\u010dius<\/td>\n<td>40<\/td>\n<\/tr>\n<tr>\n<td>Suderinamos klaviat\u016bros<\/td>\n<td>Protegus SK130LEDW, SK130LEDB<\/p>\n<p>Paradox K32, K636, K10V, K10H, K32+ from SP131_v150326<\/td>\n<\/tr>\n<tr>\n<td>Kitos kontreol\u0117s reik\u0161m\u0117s<\/td>\n<td>OS Android app, phone call, SMS, iButton key or other device<\/td>\n<\/tr>\n<tr>\n<td>GSM modemas<\/td>\n<td>Dual-Band 900 \/ 1800 MHz or Quad-Band 850\/900\/1800\/1900 MHz<\/td>\n<\/tr>\n<tr>\n<td>Informavimas su ARC<\/td>\n<td>Via GPRS (TCP\/IP or UDP\/IP) or SMS<\/td>\n<\/tr>\n<tr>\n<td>Agoritmai pavojaus signalo perdavimui<\/td>\n<td>Messages are transmitted to the main ARC receiver. If connection is lost, the control panel automatically starts communicating with the backup ARC receiver<\/td>\n<\/tr>\n<tr>\n<td>Pavojaus signalo \u017einut\u0117s kodavimas<\/td>\n<td>Contact ID<\/td>\n<\/tr>\n<tr>\n<td>Pavojaus siuntimas vartotojams<\/td>\n<td>SMS messages with pre-set customized text to up to 5 telephone numbers<\/td>\n<\/tr>\n<tr>\n<td>Skambinimas vartotojams<\/td>\n<td>Calling immediately after pre-set event to up to 2 telephone numbers<\/td>\n<\/tr>\n<tr>\n<td>\u012evyki\u0173 registras<\/td>\n<td>Yes<\/td>\n<\/tr>\n<tr>\n<td>Vidinis laikrodis<\/td>\n<td>Yes<\/td>\n<\/tr>\n<tr>\n<td>MCI bus<\/td>\n<td>Yes, for an additional alarm transmitting device<\/td>\n<\/tr>\n<tr>\n<td>Modulio konfiguravimas<\/td>\n<td>Via USB port using program SPconfig or via GPRS<\/td>\n<\/tr>\n<tr>\n<td>Maitinimas<\/td>\n<td>AC 16-18 V or DC 16-24 V<\/td>\n<\/tr>\n<tr>\n<td>Energijos suvartojimas<\/td>\n<td>Up to 80 mA (stand-by)<\/p>\n<p>Up to 150 mA (transmitting)<\/td>\n<\/tr>\n<tr>\n<td>Atsarginio maitinimo \u0161altinis<\/td>\n<td>Battery 12 V, 4-7Ah<\/td>\n<\/tr>\n<tr>\n<td>Periferini\u0173 \u012frengini\u0173 maitinimas<\/td>\n<td>DC 12.6 V, up to 1.1 A<\/td>\n<\/tr>\n<tr>\n<td>Darbo temperat\u016bra<\/td>\n<td>From -10 \u00baC to +55 \u00baC, when relative air humidity 80 % with 20 \u00baC<\/td>\n<\/tr>\n<tr>\n<td>I\u0161matavimai<\/td>\n<td>103 x 71 x 33,5 mm\u00a0(just PCB)<\/td>\n<\/tr>\n<tr>\n<td>Svoris<\/td>\n<td>0.12 kg<\/td>\n<\/tr>\n<\/tbody>\n<\/table>\n","protected":false},"excerpt":{"rendered":"<p>8 Zon\u0173 central\u0117 (i\u0161ple\u010diama iki 32) su integruotu GSM modemu, 4 PGM i\u0161vestys<\/p>\n","protected":false},"featured_media":680,"comment_status":"closed","ping_status":"closed","template":"","meta":[],"product_brand":[],"product_cat":[173],"product_tag":[110],"class_list":{"0":"post-2537","1":"product","2":"type-product","3":"status-publish","4":"has-post-thumbnail","6":"product_cat-trikdis-iranga","7":"product_tag-trikdis","9":"first","10":"instock","11":"shipping-taxable","12":"purchasable","13":"product-type-simple"},"jetpack_sharing_enabled":true,"_links":{"self":[{"href":"https:\/\/apsaugos.lt\/index.php?rest_route=\/wp\/v2\/product\/2537","targetHints":{"allow":["GET"]}}],"collection":[{"href":"https:\/\/apsaugos.lt\/index.php?rest_route=\/wp\/v2\/product"}],"about":[{"href":"https:\/\/apsaugos.lt\/index.php?rest_route=\/wp\/v2\/types\/product"}],"replies":[{"embeddable":true,"href":"https:\/\/apsaugos.lt\/index.php?rest_route=%2Fwp%2Fv2%2Fcomments&post=2537"}],"wp:featuredmedia":[{"embeddable":true,"href":"https:\/\/apsaugos.lt\/index.php?rest_route=\/wp\/v2\/media\/680"}],"wp:attachment":[{"href":"https:\/\/apsaugos.lt\/index.php?rest_route=%2Fwp%2Fv2%2Fmedia&parent=2537"}],"wp:term":[{"taxonomy":"product_brand","embeddable":true,"href":"https:\/\/apsaugos.lt\/index.php?rest_route=%2Fwp%2Fv2%2Fproduct_brand&post=2537"},{"taxonomy":"product_cat","embeddable":true,"href":"https:\/\/apsaugos.lt\/index.php?rest_route=%2Fwp%2Fv2%2Fproduct_cat&post=2537"},{"taxonomy":"product_tag","embeddable":true,"href":"https:\/\/apsaugos.lt\/index.php?rest_route=%2Fwp%2Fv2%2Fproduct_tag&post=2537"}],"curies":[{"name":"wp","href":"https:\/\/api.w.org\/{rel}","templated":true}]}}