{"id":2538,"date":"2021-02-22T12:25:48","date_gmt":"2021-02-22T10:25:48","guid":{"rendered":"http:\/\/apsaugos.lt\/?product=import-placeholder-for-4262"},"modified":"2021-02-22T12:25:52","modified_gmt":"2021-02-22T10:25:52","slug":"trikdis-sp231-gsm-centrales-plokste","status":"publish","type":"product","link":"https:\/\/apsaugos.lt\/?product=trikdis-sp231-gsm-centrales-plokste","title":{"rendered":"Trikdis SP231 GSM central\u0117s plok\u0161t\u0117"},"content":{"rendered":"<ul>\n<li>Atitiktis &#8211; Grade 3, EN50131-3, EMC, Low Voltage, RTTE, RoHS<\/li>\n<li>Sritys &#8211; 8<\/li>\n<li>\u012e\u0117jimai &#8211; 8, of NC, NO or EOL=2.2 k\u03a9 tipo<\/li>\n<li>Praple\u010diama iki 32 su \u012f\u0117jim\u0173 prapl\u0117timo moduliu<\/li>\n<li>Zonos &#8211; 9 tip\u0173 (ON\/OFF, Delay, Interior, Interior STAY, Instant, Instant STAY, 24 hours, Fire, Silent) \u012fskaitant 2-laid\u0119 prie\u0161gaisrin\u0119<\/li>\n<li>Sistemos prapl\u0117tim\u0173 skai\u010dius &#8211; iki\u00a0 16, \u012fskaitant klaviat\u016bras ir papildomus\u00a0 prane\u0161im\u0173 si\u0173stuvus<\/li>\n<li>PGM i\u0161\u0117jimai &#8211; 5, OC tipo (3&#215;0.5A, 1x1A, 1&#215;0.1A)<\/li>\n<li>Apsaugos r\u0117\u017eimai &#8211; 4, ARM \/ STAY \/ STAY DELAY \/ OFF<\/li>\n<li>Zonos i\u0161jungimo funkcija &#8211; yra<\/li>\n<li>Valdymo kod\u0173 skai\u010dius &#8211; 1 Master ir iki 39 vartotojo kod\u0173, 1 administratoriaus, 1 montuotojo, ir 1 centrinio steb\u0117jimo pulto<\/li>\n<li>Valdymo priemon\u0117s &#8211; Trikdis Protegus klaviat\u016bra arba Paradox K32, K636, K10V klaviat\u016bros, mobili program\u0117l\u0117 Protegus, telefono skambutis, SMS, iButton raktas ar kitas prietaisas<\/li>\n<li>Galimyb\u0117 pajungti temperat\u016brinius jutiklius &#8211; yra<\/li>\n<li>GSM modemas &#8211; Quad-Band 850 \/ 900 \/ 1800 \/ 1900 MHz<\/li>\n<li>Ry\u0161is su CSP &#8211; per GPRS (TCP\/IP ar UDP\/IP) arba per SMS<\/li>\n<li>Palaikomi protokolai &#8211; TRIKDIS TRK<\/li>\n<li>Kodavimo formatai &#8211; Contact ID su papildomu kodavimo algoritmu<\/li>\n<li>SMS prane\u0161im\u0173 vartotojams siuntimas &#8211; iki 5 telefon\u0173. SMS prane\u0161imai su i\u0161 anksto nustatytu tekstu<\/li>\n<li>Skambu\u010diai vartotojui &#8211; \u012f 2 telefonus, \u012fvykus i\u0161 anksto nustatyto tipo \u012fvykiui<\/li>\n<li>\u012evyki\u0173 atmintis &#8211; yra, iki 2000 \u012fvyki\u0173<\/li>\n<li>Vidinis laikrodis &#8211; yra<\/li>\n<li>MCI magistral\u0117 &#8211; yra, papildomam prane\u0161im\u0173 si\u0173stuvui (G10, E10, T10 serija)<\/li>\n<li>Parametr\u0173 nustatymas &#8211; per USB jungt\u012f naudojant\u00a0 program\u0105\u00a0 TrikdisConfig arba per GPRS i\u0161 CSP<\/li>\n<li>Maitinimo \u012ftampa &#8211; AC 230 V<\/li>\n<li>Naudojama srov\u0117 &#8211; iki 80 mA (budint), iki 0.35 A (siuntimo metu)<\/li>\n<li>Darbin\u0117 temperat\u016bra &#8211; nuo -25 \u00baC iki +50 \u00baC, kai santykin\u0117 oro dr\u0117gm\u0117 iki 80 %, esant 20 \u00baC<\/li>\n<li>Matmenys &#8211; 200 x 210 x 80 mm<\/li>\n<\/ul>\n","protected":false},"excerpt":{"rendered":"<p>Atitiktis &#8211; Grade 3, EN50131-3, EMC, Low Voltage, RTTE, RoHS Sritys &#8211; 8 \u012e\u0117jimai &#8211; 8, of NC, NO or EOL=2.2 k\u03a9 tipo Praple\u010diama iki 32 su \u012f\u0117jim\u0173 prapl\u0117timo moduliu Zonos &#8211; 9 tip\u0173 (ON\/OFF, Delay, Interior, Interior STAY, Instant, Instant STAY, 24 hours, Fire, Silent) \u012fskaitant 2-laid\u0119 prie\u0161gaisrin\u0119 Sistemos prapl\u0117tim\u0173 skai\u010dius &#8211; iki\u00a0 16, [&hellip;]<\/p>\n","protected":false},"featured_media":681,"comment_status":"closed","ping_status":"closed","template":"","meta":[],"product_brand":[],"product_cat":[173],"product_tag":[110],"class_list":{"0":"post-2538","1":"product","2":"type-product","3":"status-publish","4":"has-post-thumbnail","6":"product_cat-trikdis-iranga","7":"product_tag-trikdis","9":"first","10":"instock","11":"shipping-taxable","12":"purchasable","13":"product-type-simple"},"jetpack_sharing_enabled":true,"_links":{"self":[{"href":"https:\/\/apsaugos.lt\/index.php?rest_route=\/wp\/v2\/product\/2538","targetHints":{"allow":["GET"]}}],"collection":[{"href":"https:\/\/apsaugos.lt\/index.php?rest_route=\/wp\/v2\/product"}],"about":[{"href":"https:\/\/apsaugos.lt\/index.php?rest_route=\/wp\/v2\/types\/product"}],"replies":[{"embeddable":true,"href":"https:\/\/apsaugos.lt\/index.php?rest_route=%2Fwp%2Fv2%2Fcomments&post=2538"}],"wp:featuredmedia":[{"embeddable":true,"href":"https:\/\/apsaugos.lt\/index.php?rest_route=\/wp\/v2\/media\/681"}],"wp:attachment":[{"href":"https:\/\/apsaugos.lt\/index.php?rest_route=%2Fwp%2Fv2%2Fmedia&parent=2538"}],"wp:term":[{"taxonomy":"product_brand","embeddable":true,"href":"https:\/\/apsaugos.lt\/index.php?rest_route=%2Fwp%2Fv2%2Fproduct_brand&post=2538"},{"taxonomy":"product_cat","embeddable":true,"href":"https:\/\/apsaugos.lt\/index.php?rest_route=%2Fwp%2Fv2%2Fproduct_cat&post=2538"},{"taxonomy":"product_tag","embeddable":true,"href":"https:\/\/apsaugos.lt\/index.php?rest_route=%2Fwp%2Fv2%2Fproduct_tag&post=2538"}],"curies":[{"name":"wp","href":"https:\/\/api.w.org\/{rel}","templated":true}]}}