{"id":2544,"date":"2021-02-22T12:25:49","date_gmt":"2021-02-22T10:25:49","guid":{"rendered":"http:\/\/apsaugos.lt\/?product=import-placeholder-for-4326"},"modified":"2021-02-22T12:25:52","modified_gmt":"2021-02-22T10:25:52","slug":"z-5r","status":"publish","type":"product","link":"https:\/\/apsaugos.lt\/?product=z-5r","title":{"rendered":"Z-5R"},"content":{"rendered":"<ul>\n<li>maitinimo \u012ftampa: 8-18V DC<\/li>\n<li>vartojama srov\u0117: 20 mA<\/li>\n<li>komutuojama srov\u0117: 5A<\/li>\n<\/ul>\n<ul>\n<li>maksimalus rakt\u0173\/korteli\u0173 skai\u010dius: 5460;<\/li>\n<li>korteli\u0173 tipas: DS1990A, RFID cards \/ key fobs;<\/li>\n<\/ul>\n<ul>\n<li>atmintis (EEPROM);<\/li>\n<li>nuskaitytuv\u0173 skai\u010dius: 1;<\/li>\n<li>nustatomas &#8222;atvir\u0173&#8221; dur\u0173 laikas nuo 0 iki 220 sek.;<\/li>\n<li>buzeris ir LED indikarius;<\/li>\n<\/ul>\n<ul>\n<li>trumpiklis u\u017erakto tipo pasirinkimui: elektromagnetinis, elektromechaninis;<\/li>\n<li>darbin\u0117 temperat\u016bra: -40\u00b0C to +50\u00b0C<\/li>\n<li>matmenys: 45x25x14\u00a0(mm).<\/li>\n<\/ul>\n","protected":false},"excerpt":{"rendered":"<p>maitinimo \u012ftampa: 8-18V DC vartojama srov\u0117: 20 mA komutuojama srov\u0117: 5A maksimalus rakt\u0173\/korteli\u0173 skai\u010dius: 5460; korteli\u0173 tipas: DS1990A, RFID cards \/ key fobs; atmintis (EEPROM); nuskaitytuv\u0173 skai\u010dius: 1; nustatomas &#8222;atvir\u0173&#8221; dur\u0173 laikas nuo 0 iki 220 sek.; buzeris ir LED indikarius; trumpiklis u\u017erakto tipo pasirinkimui: elektromagnetinis, elektromechaninis; darbin\u0117 temperat\u016bra: -40\u00b0C to +50\u00b0C matmenys: 45x25x14\u00a0(mm).<\/p>\n","protected":false},"featured_media":715,"comment_status":"closed","ping_status":"closed","template":"","meta":[],"product_brand":[],"product_cat":[175],"product_tag":[],"class_list":{"0":"post-2544","1":"product","2":"type-product","3":"status-publish","4":"has-post-thumbnail","6":"product_cat-ironlogic","8":"first","9":"instock","10":"shipping-taxable","11":"purchasable","12":"product-type-simple"},"jetpack_sharing_enabled":true,"_links":{"self":[{"href":"https:\/\/apsaugos.lt\/index.php?rest_route=\/wp\/v2\/product\/2544","targetHints":{"allow":["GET"]}}],"collection":[{"href":"https:\/\/apsaugos.lt\/index.php?rest_route=\/wp\/v2\/product"}],"about":[{"href":"https:\/\/apsaugos.lt\/index.php?rest_route=\/wp\/v2\/types\/product"}],"replies":[{"embeddable":true,"href":"https:\/\/apsaugos.lt\/index.php?rest_route=%2Fwp%2Fv2%2Fcomments&post=2544"}],"wp:featuredmedia":[{"embeddable":true,"href":"https:\/\/apsaugos.lt\/index.php?rest_route=\/wp\/v2\/media\/715"}],"wp:attachment":[{"href":"https:\/\/apsaugos.lt\/index.php?rest_route=%2Fwp%2Fv2%2Fmedia&parent=2544"}],"wp:term":[{"taxonomy":"product_brand","embeddable":true,"href":"https:\/\/apsaugos.lt\/index.php?rest_route=%2Fwp%2Fv2%2Fproduct_brand&post=2544"},{"taxonomy":"product_cat","embeddable":true,"href":"https:\/\/apsaugos.lt\/index.php?rest_route=%2Fwp%2Fv2%2Fproduct_cat&post=2544"},{"taxonomy":"product_tag","embeddable":true,"href":"https:\/\/apsaugos.lt\/index.php?rest_route=%2Fwp%2Fv2%2Fproduct_tag&post=2544"}],"curies":[{"name":"wp","href":"https:\/\/api.w.org\/{rel}","templated":true}]}}