{"id":2545,"date":"2021-02-22T12:25:49","date_gmt":"2021-02-22T10:25:49","guid":{"rendered":"http:\/\/apsaugos.lt\/?product=import-placeholder-for-4327"},"modified":"2021-02-22T12:25:53","modified_gmt":"2021-02-22T10:25:53","slug":"z-5r-net","status":"publish","type":"product","link":"https:\/\/apsaugos.lt\/?product=z-5r-net","title":{"rendered":"Z-5R Net"},"content":{"rendered":"<ul>\n<li>Tinklo kontroleris;<\/li>\n<li>Maitinimas: 8-18V DC;<\/li>\n<li>Srov\u0117s suvartojimas: 20 mA;<\/li>\n<li>Prijungiam\u0173 skaitytuv\u0173 skai\u010dius: 2;<\/li>\n<li>Palaikom\u0173 skaitytuv\u0173 tipas: Wiegand26, Dallas Touch Memory;<\/li>\n<li>FET tranzistorinis i\u0161\u0117jimas: 1;<\/li>\n<li>Perjungimo srov\u0117: 5A;<\/li>\n<li>Korteli\u0173\/rakt\u0173 maks. skai\u010dius: 2021;<\/li>\n<li>\u012era\u0161yt\u0173 \u012fvyki\u0173 maks. skai\u010dius: 2048;<\/li>\n<li>RS485;<\/li>\n<li>Maksimalus linijos ilgis: 1200m;<\/li>\n<li>Darbo aplinkos temp.: nuo -40\u00b0C iki +50\u00b0C;<\/li>\n<li>Matmenys (mm): 65\u044565\u044518.<\/li>\n<\/ul>\n","protected":false},"excerpt":{"rendered":"<p>Tinklo kontroleris; Maitinimas: 8-18V DC; Srov\u0117s suvartojimas: 20 mA; Prijungiam\u0173 skaitytuv\u0173 skai\u010dius: 2; Palaikom\u0173 skaitytuv\u0173 tipas: Wiegand26, Dallas Touch Memory; FET tranzistorinis i\u0161\u0117jimas: 1; Perjungimo srov\u0117: 5A; Korteli\u0173\/rakt\u0173 maks. skai\u010dius: 2021; \u012era\u0161yt\u0173 \u012fvyki\u0173 maks. skai\u010dius: 2048; RS485; Maksimalus linijos ilgis: 1200m; Darbo aplinkos temp.: nuo -40\u00b0C iki +50\u00b0C; Matmenys (mm): 65\u044565\u044518.<\/p>\n","protected":false},"featured_media":716,"comment_status":"closed","ping_status":"closed","template":"","meta":[],"product_brand":[],"product_cat":[175],"product_tag":[176],"class_list":{"0":"post-2545","1":"product","2":"type-product","3":"status-publish","4":"has-post-thumbnail","6":"product_cat-ironlogic","7":"product_tag-ironlogic","9":"first","10":"instock","11":"shipping-taxable","12":"purchasable","13":"product-type-simple"},"jetpack_sharing_enabled":true,"_links":{"self":[{"href":"https:\/\/apsaugos.lt\/index.php?rest_route=\/wp\/v2\/product\/2545","targetHints":{"allow":["GET"]}}],"collection":[{"href":"https:\/\/apsaugos.lt\/index.php?rest_route=\/wp\/v2\/product"}],"about":[{"href":"https:\/\/apsaugos.lt\/index.php?rest_route=\/wp\/v2\/types\/product"}],"replies":[{"embeddable":true,"href":"https:\/\/apsaugos.lt\/index.php?rest_route=%2Fwp%2Fv2%2Fcomments&post=2545"}],"wp:featuredmedia":[{"embeddable":true,"href":"https:\/\/apsaugos.lt\/index.php?rest_route=\/wp\/v2\/media\/716"}],"wp:attachment":[{"href":"https:\/\/apsaugos.lt\/index.php?rest_route=%2Fwp%2Fv2%2Fmedia&parent=2545"}],"wp:term":[{"taxonomy":"product_brand","embeddable":true,"href":"https:\/\/apsaugos.lt\/index.php?rest_route=%2Fwp%2Fv2%2Fproduct_brand&post=2545"},{"taxonomy":"product_cat","embeddable":true,"href":"https:\/\/apsaugos.lt\/index.php?rest_route=%2Fwp%2Fv2%2Fproduct_cat&post=2545"},{"taxonomy":"product_tag","embeddable":true,"href":"https:\/\/apsaugos.lt\/index.php?rest_route=%2Fwp%2Fv2%2Fproduct_tag&post=2545"}],"curies":[{"name":"wp","href":"https:\/\/api.w.org\/{rel}","templated":true}]}}