{"id":2546,"date":"2021-02-22T12:25:49","date_gmt":"2021-02-22T10:25:49","guid":{"rendered":"http:\/\/apsaugos.lt\/?product=import-placeholder-for-4329"},"modified":"2021-02-22T12:25:53","modified_gmt":"2021-02-22T10:25:53","slug":"cp-z-2l","status":"publish","type":"product","link":"https:\/\/apsaugos.lt\/?product=cp-z-2l","title":{"rendered":"CP-Z-2L"},"content":{"rendered":"<ul>\n<li>Skaitytuvas EM Marine 125KHz;<\/li>\n<li>maitinimas: 8 &#8211; 18 VDC;<\/li>\n<li>srov\u0117: 35 mA;<\/li>\n<li><span class=\"m1txt\">nuskaitymo nuotolis: 3-6 cm;<\/span><\/li>\n<li><span class=\"m1txt\">darbin\u0117 temperat\u016bra nuo -40\u00b0C iki +50\u00b0C;<\/span><\/li>\n<li><span class=\"m1txt\">i\u0161vesties s\u0105saja: Dallas Touch Memory (emulation DS1990A), Wiegand 26;<\/span><\/li>\n<\/ul>\n<ul>\n<li><span class=\"m1txt\">med\u017eiaga: poliamidas;<\/span><\/li>\n<li>matmenys: d26x22 mm.<\/li>\n<\/ul>\n","protected":false},"excerpt":{"rendered":"<p>Skaitytuvas EM Marine 125KHz; maitinimas: 8 &#8211; 18 VDC; srov\u0117: 35 mA; nuskaitymo nuotolis: 3-6 cm; darbin\u0117 temperat\u016bra nuo -40\u00b0C iki +50\u00b0C; i\u0161vesties s\u0105saja: Dallas Touch Memory (emulation DS1990A), Wiegand 26; med\u017eiaga: poliamidas; matmenys: d26x22 mm.<\/p>\n","protected":false},"featured_media":717,"comment_status":"closed","ping_status":"closed","template":"","meta":[],"product_brand":[],"product_cat":[175],"product_tag":[],"class_list":{"0":"post-2546","1":"product","2":"type-product","3":"status-publish","4":"has-post-thumbnail","6":"product_cat-ironlogic","8":"first","9":"instock","10":"shipping-taxable","11":"purchasable","12":"product-type-simple"},"jetpack_sharing_enabled":true,"_links":{"self":[{"href":"https:\/\/apsaugos.lt\/index.php?rest_route=\/wp\/v2\/product\/2546","targetHints":{"allow":["GET"]}}],"collection":[{"href":"https:\/\/apsaugos.lt\/index.php?rest_route=\/wp\/v2\/product"}],"about":[{"href":"https:\/\/apsaugos.lt\/index.php?rest_route=\/wp\/v2\/types\/product"}],"replies":[{"embeddable":true,"href":"https:\/\/apsaugos.lt\/index.php?rest_route=%2Fwp%2Fv2%2Fcomments&post=2546"}],"wp:featuredmedia":[{"embeddable":true,"href":"https:\/\/apsaugos.lt\/index.php?rest_route=\/wp\/v2\/media\/717"}],"wp:attachment":[{"href":"https:\/\/apsaugos.lt\/index.php?rest_route=%2Fwp%2Fv2%2Fmedia&parent=2546"}],"wp:term":[{"taxonomy":"product_brand","embeddable":true,"href":"https:\/\/apsaugos.lt\/index.php?rest_route=%2Fwp%2Fv2%2Fproduct_brand&post=2546"},{"taxonomy":"product_cat","embeddable":true,"href":"https:\/\/apsaugos.lt\/index.php?rest_route=%2Fwp%2Fv2%2Fproduct_cat&post=2546"},{"taxonomy":"product_tag","embeddable":true,"href":"https:\/\/apsaugos.lt\/index.php?rest_route=%2Fwp%2Fv2%2Fproduct_tag&post=2546"}],"curies":[{"name":"wp","href":"https:\/\/api.w.org\/{rel}","templated":true}]}}