{"id":2548,"date":"2021-02-22T12:25:49","date_gmt":"2021-02-22T10:25:49","guid":{"rendered":"http:\/\/apsaugos.lt\/?product=import-placeholder-for-4333"},"modified":"2021-02-22T12:25:53","modified_gmt":"2021-02-22T10:25:53","slug":"matrix-ii-eh","status":"publish","type":"product","link":"https:\/\/apsaugos.lt\/?product=matrix-ii-eh","title":{"rendered":"MATRIX II EH"},"content":{"rendered":"<ul>\n<li>Skaitytuvas RFID\u00a0125 KHz;<\/li>\n<\/ul>\n<ul>\n<li>nuskaitymo atstumas: 6-14 cm;<\/li>\n<\/ul>\n<ul>\n<li>maitinimo \u012ftampa: 8-18V DC;<\/li>\n<li>vartojama srov\u0117: 50 mA (max);<\/li>\n<li>buzeris ir dviej\u0173 spalv\u0173 LED indikatorius;<\/li>\n<\/ul>\n<ul>\n<li>darbin\u0117 temperat\u016bra (vidaus salygomis) nuo -40 \u00b0C iki +50 \u00b0C;<\/li>\n<li>korteli\u0173 ir pakabuk\u0173 standartas: HID ProxCard II, EM Marine;<\/li>\n<li>maksimalus linijos ilgis nuo dur\u0173 kontrolerio iki skaitytuvo 15m (su Wiegand iki 100m);<\/li>\n<\/ul>\n<ul>\n<li>korpusas: ABS plastikas;<\/li>\n<li>spalva: \u0161viesiai pilka, juoda, tamsiai pilka;<\/li>\n<li>i\u0161vesties s\u0105saja: Wiegand 26, Dallas Touch Memory (emulation DS1990A);<\/li>\n<\/ul>\n<ul>\n<li><span class=\"m1txt\">duomenu perdavimas: 400bps-4Kbps;<\/span><\/li>\n<li>matmenys 85x44x18mm.<\/li>\n<\/ul>\n","protected":false},"excerpt":{"rendered":"<p>Skaitytuvas RFID\u00a0125 KHz; nuskaitymo atstumas: 6-14 cm; maitinimo \u012ftampa: 8-18V DC; vartojama srov\u0117: 50 mA (max); buzeris ir dviej\u0173 spalv\u0173 LED indikatorius; darbin\u0117 temperat\u016bra (vidaus salygomis) nuo -40 \u00b0C iki +50 \u00b0C; korteli\u0173 ir pakabuk\u0173 standartas: HID ProxCard II, EM Marine; maksimalus linijos ilgis nuo dur\u0173 kontrolerio iki skaitytuvo 15m (su Wiegand iki 100m); korpusas: [&hellip;]<\/p>\n","protected":false},"featured_media":718,"comment_status":"closed","ping_status":"closed","template":"","meta":[],"product_brand":[],"product_cat":[175],"product_tag":[176],"class_list":{"0":"post-2548","1":"product","2":"type-product","3":"status-publish","4":"has-post-thumbnail","6":"product_cat-ironlogic","7":"product_tag-ironlogic","9":"first","10":"instock","11":"shipping-taxable","12":"purchasable","13":"product-type-simple"},"jetpack_sharing_enabled":true,"_links":{"self":[{"href":"https:\/\/apsaugos.lt\/index.php?rest_route=\/wp\/v2\/product\/2548","targetHints":{"allow":["GET"]}}],"collection":[{"href":"https:\/\/apsaugos.lt\/index.php?rest_route=\/wp\/v2\/product"}],"about":[{"href":"https:\/\/apsaugos.lt\/index.php?rest_route=\/wp\/v2\/types\/product"}],"replies":[{"embeddable":true,"href":"https:\/\/apsaugos.lt\/index.php?rest_route=%2Fwp%2Fv2%2Fcomments&post=2548"}],"wp:featuredmedia":[{"embeddable":true,"href":"https:\/\/apsaugos.lt\/index.php?rest_route=\/wp\/v2\/media\/718"}],"wp:attachment":[{"href":"https:\/\/apsaugos.lt\/index.php?rest_route=%2Fwp%2Fv2%2Fmedia&parent=2548"}],"wp:term":[{"taxonomy":"product_brand","embeddable":true,"href":"https:\/\/apsaugos.lt\/index.php?rest_route=%2Fwp%2Fv2%2Fproduct_brand&post=2548"},{"taxonomy":"product_cat","embeddable":true,"href":"https:\/\/apsaugos.lt\/index.php?rest_route=%2Fwp%2Fv2%2Fproduct_cat&post=2548"},{"taxonomy":"product_tag","embeddable":true,"href":"https:\/\/apsaugos.lt\/index.php?rest_route=%2Fwp%2Fv2%2Fproduct_tag&post=2548"}],"curies":[{"name":"wp","href":"https:\/\/api.w.org\/{rel}","templated":true}]}}