{"id":2549,"date":"2021-02-22T12:25:49","date_gmt":"2021-02-22T10:25:49","guid":{"rendered":"http:\/\/apsaugos.lt\/?product=import-placeholder-for-4334"},"modified":"2021-02-22T12:25:53","modified_gmt":"2021-02-22T10:25:53","slug":"matrix-iik","status":"publish","type":"product","link":"https:\/\/apsaugos.lt\/?product=matrix-iik","title":{"rendered":"Matrix IIK"},"content":{"rendered":"<ul>\n<li>maksimalus rakt\u0173\/korteli\u0173 skai\u010dius:\u00a01364;<\/li>\n<li>nuskaitymo atstumas: 6-8 cm;<\/li>\n<\/ul>\n<ul>\n<li>maitinimo \u012ftampa: 8-18V DC;<\/li>\n<li>vartojama srov\u0117: 45 mA;<\/li>\n<li>komutuojama srov\u0117 5 A;<\/li>\n<\/ul>\n<ul>\n<li>buzeris ir dviej\u0173 spalv\u0173 LED indikatorius;<\/li>\n<\/ul>\n<ul>\n<li>trumpiklis u\u017erakto tipo pasirinkimui: elektromagnetinis, elektromechaninis;<\/li>\n<li>darbin\u0117 temperat\u016bra: -40 \u00b0C to +50 \u00b0C;<\/li>\n<\/ul>\n<ul>\n<li>nustatomas &#8222;atvir\u0173&#8221; dur\u0173 laikas nuo 0 iki 220 sek.;<\/li>\n<li>korpusas: ABS plastikas;<\/li>\n<li>spalva: \u0161viesiai pilka, juoda;<\/li>\n<li>matmenys 85x44x18 mm.<\/li>\n<\/ul>\n","protected":false},"excerpt":{"rendered":"<p>maksimalus rakt\u0173\/korteli\u0173 skai\u010dius:\u00a01364; nuskaitymo atstumas: 6-8 cm; maitinimo \u012ftampa: 8-18V DC; vartojama srov\u0117: 45 mA; komutuojama srov\u0117 5 A; buzeris ir dviej\u0173 spalv\u0173 LED indikatorius; trumpiklis u\u017erakto tipo pasirinkimui: elektromagnetinis, elektromechaninis; darbin\u0117 temperat\u016bra: -40 \u00b0C to +50 \u00b0C; nustatomas &#8222;atvir\u0173&#8221; dur\u0173 laikas nuo 0 iki 220 sek.; korpusas: ABS plastikas; spalva: \u0161viesiai pilka, juoda; matmenys [&hellip;]<\/p>\n","protected":false},"featured_media":718,"comment_status":"closed","ping_status":"closed","template":"","meta":[],"product_brand":[],"product_cat":[175],"product_tag":[176],"class_list":{"0":"post-2549","1":"product","2":"type-product","3":"status-publish","4":"has-post-thumbnail","6":"product_cat-ironlogic","7":"product_tag-ironlogic","9":"first","10":"instock","11":"shipping-taxable","12":"purchasable","13":"product-type-simple"},"jetpack_sharing_enabled":true,"_links":{"self":[{"href":"https:\/\/apsaugos.lt\/index.php?rest_route=\/wp\/v2\/product\/2549","targetHints":{"allow":["GET"]}}],"collection":[{"href":"https:\/\/apsaugos.lt\/index.php?rest_route=\/wp\/v2\/product"}],"about":[{"href":"https:\/\/apsaugos.lt\/index.php?rest_route=\/wp\/v2\/types\/product"}],"replies":[{"embeddable":true,"href":"https:\/\/apsaugos.lt\/index.php?rest_route=%2Fwp%2Fv2%2Fcomments&post=2549"}],"wp:featuredmedia":[{"embeddable":true,"href":"https:\/\/apsaugos.lt\/index.php?rest_route=\/wp\/v2\/media\/718"}],"wp:attachment":[{"href":"https:\/\/apsaugos.lt\/index.php?rest_route=%2Fwp%2Fv2%2Fmedia&parent=2549"}],"wp:term":[{"taxonomy":"product_brand","embeddable":true,"href":"https:\/\/apsaugos.lt\/index.php?rest_route=%2Fwp%2Fv2%2Fproduct_brand&post=2549"},{"taxonomy":"product_cat","embeddable":true,"href":"https:\/\/apsaugos.lt\/index.php?rest_route=%2Fwp%2Fv2%2Fproduct_cat&post=2549"},{"taxonomy":"product_tag","embeddable":true,"href":"https:\/\/apsaugos.lt\/index.php?rest_route=%2Fwp%2Fv2%2Fproduct_tag&post=2549"}],"curies":[{"name":"wp","href":"https:\/\/api.w.org\/{rel}","templated":true}]}}