{"id":2551,"date":"2021-02-22T12:25:49","date_gmt":"2021-02-22T10:25:49","guid":{"rendered":"http:\/\/apsaugos.lt\/?product=import-placeholder-for-4337"},"modified":"2021-02-22T12:25:53","modified_gmt":"2021-02-22T10:25:53","slug":"matrix-iii-rd-all","status":"publish","type":"product","link":"https:\/\/apsaugos.lt\/?product=matrix-iii-rd-all","title":{"rendered":"Matrix III RD-ALL"},"content":{"rendered":"<ul>\n<li>Veikimo da\u017enis: 13,56 MHz ir 125KHz vienu metu;<\/li>\n<\/ul>\n<ul>\n<li>Dirba su kortel\u0117mis:\u00a0Mifare-UL;<\/li>\n<li>Dirba su kortel\u0117mis, pakabukais: EM Marine, HID ProxCard II, Mifare;<\/li>\n<li>Skaitymo atstumas: 4-10 cm;<\/li>\n<li>Maitinimas: 8 &#8211; 18 V DC;<\/li>\n<\/ul>\n<ul>\n<li>Srov\u0117: 135mA (maks.);<\/li>\n<li>Garsas\/ap\u0161vietimas: &#8222;buzzer&#8217;is&#8221;, dviej\u0173 spalv\u0173 LED indikatorius;<\/li>\n<li>Darbo aplinkos temp.: -30\u00b0C +40\u00b0C;<\/li>\n<li>Case Material: ABS plastic;<\/li>\n<\/ul>\n<ul>\n<li>I\u0161vesties s\u0105saja: RS-232, RS485, Wiegand 26, Dallas Touch Memory;<\/li>\n<\/ul>\n<ul>\n<li>Matmenys (mm): 115x75x22;<\/li>\n<li>Kodavimo (kriptografijos) funkcija.<\/li>\n<\/ul>\n","protected":false},"excerpt":{"rendered":"<p>Veikimo da\u017enis: 13,56 MHz ir 125KHz vienu metu; Dirba su kortel\u0117mis:\u00a0Mifare-UL; Dirba su kortel\u0117mis, pakabukais: EM Marine, HID ProxCard II, Mifare; Skaitymo atstumas: 4-10 cm; Maitinimas: 8 &#8211; 18 V DC; Srov\u0117: 135mA (maks.); Garsas\/ap\u0161vietimas: &#8222;buzzer&#8217;is&#8221;, dviej\u0173 spalv\u0173 LED indikatorius; Darbo aplinkos temp.: -30\u00b0C +40\u00b0C; Case Material: ABS plastic; I\u0161vesties s\u0105saja: RS-232, RS485, Wiegand 26, [&hellip;]<\/p>\n","protected":false},"featured_media":720,"comment_status":"closed","ping_status":"closed","template":"","meta":[],"product_brand":[],"product_cat":[175],"product_tag":[176],"class_list":{"0":"post-2551","1":"product","2":"type-product","3":"status-publish","4":"has-post-thumbnail","6":"product_cat-ironlogic","7":"product_tag-ironlogic","9":"first","10":"instock","11":"shipping-taxable","12":"purchasable","13":"product-type-simple"},"jetpack_sharing_enabled":true,"_links":{"self":[{"href":"https:\/\/apsaugos.lt\/index.php?rest_route=\/wp\/v2\/product\/2551","targetHints":{"allow":["GET"]}}],"collection":[{"href":"https:\/\/apsaugos.lt\/index.php?rest_route=\/wp\/v2\/product"}],"about":[{"href":"https:\/\/apsaugos.lt\/index.php?rest_route=\/wp\/v2\/types\/product"}],"replies":[{"embeddable":true,"href":"https:\/\/apsaugos.lt\/index.php?rest_route=%2Fwp%2Fv2%2Fcomments&post=2551"}],"wp:featuredmedia":[{"embeddable":true,"href":"https:\/\/apsaugos.lt\/index.php?rest_route=\/wp\/v2\/media\/720"}],"wp:attachment":[{"href":"https:\/\/apsaugos.lt\/index.php?rest_route=%2Fwp%2Fv2%2Fmedia&parent=2551"}],"wp:term":[{"taxonomy":"product_brand","embeddable":true,"href":"https:\/\/apsaugos.lt\/index.php?rest_route=%2Fwp%2Fv2%2Fproduct_brand&post=2551"},{"taxonomy":"product_cat","embeddable":true,"href":"https:\/\/apsaugos.lt\/index.php?rest_route=%2Fwp%2Fv2%2Fproduct_cat&post=2551"},{"taxonomy":"product_tag","embeddable":true,"href":"https:\/\/apsaugos.lt\/index.php?rest_route=%2Fwp%2Fv2%2Fproduct_tag&post=2551"}],"curies":[{"name":"wp","href":"https:\/\/api.w.org\/{rel}","templated":true}]}}